{"id":149092,"date":"2025-11-01T14:05:36","date_gmt":"2025-11-01T13:05:36","guid":{"rendered":"https:\/\/test.redpipi.com\/?post_type=product&#038;p=149092"},"modified":"2026-04-22T06:29:00","modified_gmt":"2026-04-22T05:29:00","slug":"rainbow-wawe-metalic-dilator-13cm","status":"publish","type":"product","link":"https:\/\/test.redpipi.com\/uk\/%d0%bf%d1%80%d0%be%d0%b4%d1%83%d0%ba%d1%82\/rainbow-wawe-metalic-dilator-13cm\/","title":{"rendered":"\u0420\u043e\u0437\u0448\u0438\u0440\u044e\u0432\u0430\u0447 Rainbow Wawe \u043c\u0435\u0442\u0430\u043b\u0456\u043a 13 \u0441\u043c"},"content":{"rendered":"<p class=\"western\" style=\"text-align: justify;\">\u0420\u043e\u0437\u0448\u0438\u0440\u044e\u0432\u0430\u0447 \u0437\u0430\u043f\u043e\u0432\u043d\u0435\u043d\u0438\u0439 \u0456 \u043f\u043e\u0441\u0442\u0443\u043f\u043e\u0432\u043e \u0440\u043e\u0437\u0448\u0438\u0440\u044e\u0454\u0442\u044c\u0441\u044f.<\/p>\n<p>\u0414\u0443\u0436\u0435 \u0456\u043d\u0442\u0435\u043d\u0441\u0438\u0432\u043d\u0456 \u0432\u0456\u0434\u0447\u0443\u0442\u0442\u044f \u043f\u0440\u0438 \u0432\u0432\u0435\u0434\u0435\u043d\u043d\u0456 \u043e\u043a\u0440\u0435\u043c\u0438\u0445 \u043d\u0430\u0441\u0456\u0447\u043e\u043a \u0432 \u0443\u0440\u0435\u0442\u0440\u0443.<\/p>\n<p>\u0417\u0430\u043a\u0456\u043d\u0447\u0435\u043d\u043d\u044f \u0440\u043e\u0437\u0448\u0438\u0440\u044e\u0432\u0430\u0447\u0430 \u0443\u0440\u0435\u0442\u0440\u0438 \u0441\u0442\u0432\u043e\u0440\u044e\u0454 \u0432\u0440\u0430\u0436\u0435\u043d\u043d\u044f \u043f\u0456\u0440\u0441\u0438\u043d\u0433\u0443, \u0437\u0430\u043f\u043e\u0431\u0456\u0433\u0430\u0454 \u0437\u0430\u0441\u0442\u0440\u044f\u0433\u0430\u043d\u043d\u044e, \u0430 \u0442\u0430\u043a\u043e\u0436 \u0441\u0442\u0438\u043c\u0443\u043b\u044e\u0454 \u0456\u043d\u0448\u043e\u0433\u043e \u043f\u0430\u0440\u0442\u043d\u0435\u0440\u0430.<\/p>\n<p><strong>5 \u0440\u043e\u043a\u0456\u0432 \u0433\u0430\u0440\u0430\u043d\u0442\u0456\u0457<\/strong><\/p>\n<p>Jde o relativn\u011b drah\u00fd dilator, ale kvalita zpracov\u00e1n\u00ed, povrchov\u00e9 \u00fapravy a designu tomu odpov\u00edd\u00e1.<\/p>\n<p>&nbsp;<\/p>\n<h2>\u0412\u0430\u0440\u0456\u0430\u043d\u0442\u0438:<\/h2>\n<p>\u0434\u043e\u0432\u0436\u0438\u043d\u0430 13 \u0441\u043c, \u0434\u0456\u0430\u043c\u0435\u0442\u0440:<\/p>\n<p>S 5-8 \u043c\u043c, 31 \u0433 - \u0437\u0435\u043b\u0435\u043d\u0456 \u0437 \u043e\u0434\u043d\u043e\u0433\u043e \u0431\u043e\u043a\u0443, \u0440\u043e\u0436\u0435\u0432\u043e-\u0444\u0456\u043e\u043b\u0435\u0442\u043e\u0432\u0456 \u0437 \u0456\u043d\u0448\u043e\u0433\u043e \u0431\u043e\u043a\u0443<\/p>\n<p>\u041c 7-10 \u043c\u043c, 54 \u0433 - \u0437\u0435\u043b\u0435\u043d\u0438\u0439 \u0437 \u043e\u0434\u043d\u043e\u0433\u043e \u0431\u043e\u043a\u0443, \u0440\u043e\u0436\u0435\u0432\u043e-\u0444\u0456\u043e\u043b\u0435\u0442\u043e\u0432\u0438\u0439 \u0437 \u0456\u043d\u0448\u043e\u0433\u043e \u0431\u043e\u043a\u0443<\/p>\n<p>L 8-11 \u043c\u043c, 71 \u0433 - \u0437\u0435\u043b\u0435\u043d\u0456 \u0437 \u043e\u0434\u043d\u043e\u0433\u043e \u0431\u043e\u043a\u0443, \u0440\u043e\u0436\u0435\u0432\u043e-\u0444\u0456\u043e\u043b\u0435\u0442\u043e\u0432\u0456 \u0437 \u0456\u043d\u0448\u043e\u0433\u043e \u0431\u043e\u043a\u0443<\/p>\n<p>D 8-11 \u043c\u043c, 71 \u0433 - \u0437\u0435\u043b\u0435\u043d\u0438\u0439 \u0437 \u043e\u0434\u043d\u043e\u0433\u043e \u0431\u043e\u043a\u0443, \u0431\u0456\u0440\u044e\u0437\u043e\u0432\u0438\u0439 \u0437 \u0456\u043d\u0448\u043e\u0433\u043e \u0431\u043e\u043a\u0443<\/p>\n<p>\u041c\u0430\u0442\u0435\u0440\u0456\u0430\u043b: \u043d\u0435\u0440\u0436\u0430\u0432\u0456\u044e\u0447\u0430 \u0441\u0442\u0430\u043b\u044c<\/p>\n<p>\u0412\u0438\u0440\u043e\u0431\u043d\u0438\u043a, <a href=\"https:\/\/test.redpipi.com\/uk\/uretalni-hratky-zavadeni-do-mocove-trubice-naplnovani-mocoveho-mechyre\/\">\u043f\u043e\u0431\u0430\u0447\u0438\u0442\u0438 \u0431\u0456\u043b\u044c\u0448\u0435 <\/a><a href=\"https:\/\/test.redpipi.com\/uk\/uretalni-hratky\/\">\u0443\u0440\u0435\u0442\u0440\u0430\u043b\u044c\u043d\u0430 \u0433\u0440\u0430<\/a><\/p>","protected":false},"excerpt":{"rendered":"<p>\u0420\u043e\u0437\u0448\u0438\u0440\u044e\u0432\u0430\u0447 \u043a\u043e\u043b\u044c\u043e\u0440\u0443 \u043c\u0435\u0442\u0430\u043b\u0456\u043a<\/p>","protected":false},"featured_media":149097,"comment_status":"open","ping_status":"closed","template":"","meta":[],"product_brand":[],"product_cat":[62],"product_tag":[],"class_list":{"0":"post-149092","1":"product","2":"type-product","3":"status-publish","4":"has-post-thumbnail","6":"product_cat-uretalni-dilatory","7":"pa_brand-funny-steel","8":"pa_material-metal","9":"pa_size-d","10":"pa_size-l","11":"pa_size-m","12":"pa_size-s","13":"pa_special-5y-warranty","15":"first","16":"instock","17":"sale","18":"shipping-taxable","19":"purchasable","20":"product-type-variable"},"_links":{"self":[{"href":"https:\/\/test.redpipi.com\/uk\/wp-json\/wp\/v2\/product\/149092","targetHints":{"allow":["GET"]}}],"collection":[{"href":"https:\/\/test.redpipi.com\/uk\/wp-json\/wp\/v2\/product"}],"about":[{"href":"https:\/\/test.redpipi.com\/uk\/wp-json\/wp\/v2\/types\/product"}],"replies":[{"embeddable":true,"href":"https:\/\/test.redpipi.com\/uk\/wp-json\/wp\/v2\/comments?post=149092"}],"wp:featuredmedia":[{"embeddable":true,"href":"https:\/\/test.redpipi.com\/uk\/wp-json\/wp\/v2\/media\/149097"}],"wp:attachment":[{"href":"https:\/\/test.redpipi.com\/uk\/wp-json\/wp\/v2\/media?parent=149092"}],"wp:term":[{"taxonomy":"product_brand","embeddable":true,"href":"https:\/\/test.redpipi.com\/uk\/wp-json\/wp\/v2\/product_brand?post=149092"},{"taxonomy":"product_cat","embeddable":true,"href":"https:\/\/test.redpipi.com\/uk\/wp-json\/wp\/v2\/product_cat?post=149092"},{"taxonomy":"product_tag","embeddable":true,"href":"https:\/\/test.redpipi.com\/uk\/wp-json\/wp\/v2\/product_tag?post=149092"}],"curies":[{"name":"wp","href":"https:\/\/api.w.org\/{rel}","templated":true}]}}