{"id":7776,"date":"2019-05-24T09:44:33","date_gmt":"2019-05-24T08:44:33","guid":{"rendered":"https:\/\/test.test.redpipi.com\/?post_type=product&#038;p=7776"},"modified":"2025-11-28T10:43:53","modified_gmt":"2025-11-28T09:43:53","slug":"mini-dildo-roubik-cervena","status":"publish","type":"product","link":"https:\/\/test.redpipi.com\/sk\/produkt\/mini-dildo-roubik-cervena\/","title":{"rendered":"Mini dildo gag \u010derven\u00fd 6,5*3,5 cm IL"},"content":{"rendered":"<p>Ve\u013emi pekn\u00e9, odpor\u00fa\u010dame.<\/p>\n<p>Ve\u013ekos\u0165: univerz\u00e1lna<\/p>\n<h2>Technick\u00e9 vlastnosti a v\u00fdrobca:<\/h2>\n<p>Materi\u00e1l: <a href=\"https:\/\/test.redpipi.com\/sk\/sex-toys-materials\/\">lek\u00e1rsky silik\u00f3n<\/a>, PVC p\u00e1s<\/p>\n<p>Hmotnos\u0165: 145 g<\/p>\n<p>V\u00fdrobca: Idea Leather, 222002059<\/p>\n<h2 style=\"text-align: justify;\">Pokyny:<\/h2>\n<p style=\"text-align: justify;\">Pom\u00f4cku nepou\u017e\u00edvajte, ak s\u00fa d\u00fdchacie cesty obmedzen\u00e9, napr. pri chorobe alebo prechladnut\u00ed, preto\u017ee m\u00f4\u017ee d\u00f4js\u0165 k uduseniu. T\u00e1to pom\u00f4cka m\u00f4\u017ee ohrozi\u0165 \u017eivot. Pri pou\u017e\u00edvan\u00ed tejto pom\u00f4cky venujte maxim\u00e1lnu pozornos\u0165. <a href=\"https:\/\/test.redpipi.com\/sk\/bondage-tips\/\">lekcie o obmedzen\u00ed<\/a>.<\/p>","protected":false},"excerpt":{"rendered":"<p>D\u00e1venie mini penisu<\/p>","protected":false},"featured_media":10602,"comment_status":"open","ping_status":"closed","template":"","meta":[],"product_brand":[],"product_cat":[305],"product_tag":[],"class_list":{"0":"post-7776","1":"product","2":"type-product","3":"status-publish","4":"has-post-thumbnail","6":"product_cat-roubiky","7":"pa_brand-idealeather","8":"pa_material-pvc","9":"pa_material-silicone","11":"first","12":"instock","13":"shipping-taxable","14":"purchasable","15":"product-type-simple"},"_links":{"self":[{"href":"https:\/\/test.redpipi.com\/sk\/wp-json\/wp\/v2\/product\/7776","targetHints":{"allow":["GET"]}}],"collection":[{"href":"https:\/\/test.redpipi.com\/sk\/wp-json\/wp\/v2\/product"}],"about":[{"href":"https:\/\/test.redpipi.com\/sk\/wp-json\/wp\/v2\/types\/product"}],"replies":[{"embeddable":true,"href":"https:\/\/test.redpipi.com\/sk\/wp-json\/wp\/v2\/comments?post=7776"}],"wp:featuredmedia":[{"embeddable":true,"href":"https:\/\/test.redpipi.com\/sk\/wp-json\/wp\/v2\/media\/10602"}],"wp:attachment":[{"href":"https:\/\/test.redpipi.com\/sk\/wp-json\/wp\/v2\/media?parent=7776"}],"wp:term":[{"taxonomy":"product_brand","embeddable":true,"href":"https:\/\/test.redpipi.com\/sk\/wp-json\/wp\/v2\/product_brand?post=7776"},{"taxonomy":"product_cat","embeddable":true,"href":"https:\/\/test.redpipi.com\/sk\/wp-json\/wp\/v2\/product_cat?post=7776"},{"taxonomy":"product_tag","embeddable":true,"href":"https:\/\/test.redpipi.com\/sk\/wp-json\/wp\/v2\/product_tag?post=7776"}],"curies":[{"name":"wp","href":"https:\/\/api.w.org\/{rel}","templated":true}]}}