{"id":149583,"date":"2024-12-05T21:23:50","date_gmt":"2024-12-05T20:23:50","guid":{"rendered":"https:\/\/test.redpipi.com\/?post_type=product&#038;p=149583"},"modified":"2026-03-29T22:58:53","modified_gmt":"2026-03-29T21:58:53","slug":"you-me-warming-macho-lubrikant-150ml","status":"publish","type":"product","link":"https:\/\/test.redpipi.com\/sk\/produkt\/you-me-warming-macho-lubrikant-150ml\/","title":{"rendered":"You Me Warming \/ Macho Lubrikant 150ml"},"content":{"rendered":"<p>Hodv\u00e1bne jemn\u00fd a hlboko zvlh\u010duj\u00faci lubrika\u010dn\u00fd g\u00e9l so siln\u00fdm stimuluj\u00facim \u00fa\u010dinkom posil\u0148uj\u00facim sexu\u00e1lne vzru\u0161enie.<\/p>\n<p>Podporuje prirodzen\u00e9 vagin\u00e1lne zvlh\u010denie a prin\u00e1\u0161a v\u00e4\u010d\u0161ie pote\u0161enie z int\u00edmneho styku.<\/p>\n<p>Je \u013eahko um\u00fdvate\u013en\u00fd vodou.<\/p>\n<p>Ide\u00e1lne na pou\u017eitie s latexov\u00fdmi kond\u00f3mami aj erotick\u00fdmi hra\u010dkami.<\/p>\n<p>CE RoHS certifik\u00e1cia. Zdravotn\u00edcky prostriedok triedy I. \u2013 lubrikant vhodn\u00fd na vn\u00fatorn\u00e9 aj vonkaj\u0161ie pou\u017eitie.<\/p>\n<p>&nbsp;<\/p>\n<h2>Varianty<\/h2>\n<p><strong>\u017elt\u00e1 \u2013 You ME Warming<\/strong> \u2013 hrejiv\u00fd, EAN: 8594068383684, vhodn\u00fd na uret\u00e1lne hr\u00e1tky<\/p>\n<p><strong>zelen\u00e1 \u2013 You Me Macho<\/strong> \u2013 lehtaj\u00faci, EAN: 8594068383677, vhodn\u00fd pre okorenenie sex hier alebo BDSM, p\u00e1li v an\u00e1li<\/p>\n<p>&nbsp;<\/p>\n<h2>Technick\u00e9 vlastnosti<\/h2>\n<p>Vyv\u00e1\u017een\u00e9 pH vhodn\u00e9 pre vagin\u00e1lne prostredie. Bez parab\u00e9nov, silik\u00f3nov, miner\u00e1lnych olejov, chemick\u00fdch konzervantov a mikroplastov. Lubrikant nie je antikoncep\u010dn\u00fd<br \/>\nprostriedok a neobsahuje spermic\u00eddy. Veg\u00e1nske a netestovan\u00e9 na zvierat\u00e1ch (certifik\u00e1t V-LABEL).<\/p>\n<p>Zlo\u017eenie: Glycer\u00edn, Aqua, Hydroxyetylcellul\u00f3za, Sodium Benzoate, Lactic Acid, Mentha Piperita Oil,<br \/>\nSodium Chloride, Limonene, Linalool, Eugenol, Citral<\/p>\n<p>&nbsp;<\/p>\n<p class=\"western\" style=\"text-align: justify;\">Vhodn\u00e9 pre v\u0161etky druhy erotick\u00fdch pom\u00f4cok.<\/p>\n<p>v\u00fdrobca: Livondo GMbH, Nemecko<\/p>\n<p>hmotnos\u0165: 196g<\/p>","protected":false},"excerpt":{"rendered":"<p>Lubrika\u010dn\u00fd g\u00e9l so stimuluj\u00facim \u00fa\u010dinkom<\/p>","protected":false},"featured_media":149588,"comment_status":"open","ping_status":"closed","template":"","meta":[],"product_brand":[],"product_cat":[608],"product_tag":[],"class_list":{"0":"post-149583","1":"product","2":"type-product","3":"status-publish","4":"has-post-thumbnail","6":"product_cat-lubrikanty-bezny-sex","7":"pa_color-zelena","8":"pa_color-yellow","10":"first","11":"instock","12":"shipping-taxable","13":"purchasable","14":"product-type-variable"},"_links":{"self":[{"href":"https:\/\/test.redpipi.com\/sk\/wp-json\/wp\/v2\/product\/149583","targetHints":{"allow":["GET"]}}],"collection":[{"href":"https:\/\/test.redpipi.com\/sk\/wp-json\/wp\/v2\/product"}],"about":[{"href":"https:\/\/test.redpipi.com\/sk\/wp-json\/wp\/v2\/types\/product"}],"replies":[{"embeddable":true,"href":"https:\/\/test.redpipi.com\/sk\/wp-json\/wp\/v2\/comments?post=149583"}],"wp:featuredmedia":[{"embeddable":true,"href":"https:\/\/test.redpipi.com\/sk\/wp-json\/wp\/v2\/media\/149588"}],"wp:attachment":[{"href":"https:\/\/test.redpipi.com\/sk\/wp-json\/wp\/v2\/media?parent=149583"}],"wp:term":[{"taxonomy":"product_brand","embeddable":true,"href":"https:\/\/test.redpipi.com\/sk\/wp-json\/wp\/v2\/product_brand?post=149583"},{"taxonomy":"product_cat","embeddable":true,"href":"https:\/\/test.redpipi.com\/sk\/wp-json\/wp\/v2\/product_cat?post=149583"},{"taxonomy":"product_tag","embeddable":true,"href":"https:\/\/test.redpipi.com\/sk\/wp-json\/wp\/v2\/product_tag?post=149583"}],"curies":[{"name":"wp","href":"https:\/\/api.w.org\/{rel}","templated":true}]}}