{"id":149574,"date":"2024-12-05T20:57:46","date_gmt":"2024-12-05T19:57:46","guid":{"rendered":"https:\/\/test.redpipi.com\/?post_type=product&#038;p=149574"},"modified":"2026-03-22T19:13:10","modified_gmt":"2026-03-22T18:13:10","slug":"you-me-condom-darling","status":"publish","type":"product","link":"https:\/\/test.redpipi.com\/sk\/produkt\/you-me-condom-darling\/","title":{"rendered":"You Me Condom Darling"},"content":{"rendered":"<p>Kond\u00f3my z pr\u00edrodn\u00e9ho kau\u010dukov\u00e9ho latexu<\/p>\n<p>19cm d\u013a\u017eka, 5,3cm priemer<\/p>\n<p>Extra tenk\u00e1 stena 0,050 \u00b1 0,055 mm<\/p>\n<p>&nbsp;<\/p>\n<p>100% elektronicky testovan\u00e9<\/p>\n<p>Prieh\u013eadn\u00e9 a hladk\u00e9<\/p>\n<p>Kompatibiln\u00fd s lubrikantmi na vodnej a silik\u00f3novej 0 b\u00e1ze.<\/p>\n<p>Lubrikovan\u00e9 \u013eahk\u00fdm silik\u00f3nov\u00fdm olejom.<\/p>\n<p>Rezervo\u00e1r pre spermie<\/p>\n<p>Dvojit\u00fd steriln\u00fd obal.<\/p>\n<p>Netestovan\u00e9 na zvierat\u00e1ch, vhodn\u00e9 pre veg\u00e1nov \u2013 certifik\u00e1t V-LABEL<\/p>\n<p>&nbsp;<\/p>\n<h2>Varianty<\/h2>\n<p>3 ks \u2013 EAN: 8594068382571, hmotnos\u0165 15g<\/p>\n<p>12 ks \u2013 EAN: 8594068382588, hmotnos\u0165 45g<\/p>\n<p>50 ks \u2013 EAN: 8594068382946, hmotnos\u0165 150g<\/p>\n<p>&nbsp;<\/p>\n<h2>Testovanie kond\u00f3mu na\u0161\u00edm sexshopom<\/h2>\n<p>+ Na rozdiel od nezna\u010dkov\u00fdch kond\u00f3mov s\u00fa o nie\u010do \u0161ir\u0161ie, lep\u0161ie sa navliekaj\u00fa a nezo\u0161mykuj\u00fa.<\/p>\n<p>\u2013 Bal\u00ed\u010dek \/ obal kond\u00f3mu rozhodne nesvieti ani nefosforeskuje v tme, ako uv\u00e1dza v\u00fdrobca.<\/p>\n<p>\u2013 Pri pou\u017eit\u00ed zak\u00e1zan\u00e9ho <a href=\"http:\/\/fisting kr\u00e9myhttps:\/\/test.redpipi.com\/sexshop\/lubrikanty\/fisting-kremy\/\">lubrikantu leptaj\u00faceho latex<\/a> a drsnom an\u00e1lnom sexe kond\u00f3m so \u0161tandardnou stenou vydr\u017eal len 10 min\u00fat. Tento vydr\u017e\u00ed odhadom len 5 min\u00fat. \u010cakali by sme viac.<\/p>\n<p>\u2013 Obal aj kond\u00f3m p\u00f4sobia menej robustne ako pr\u00e9miov\u00e1 sestersk\u00e1 zna\u010dka <a href=\"https:\/\/test.redpipi.com\/sk\/produkt\/kondomy-primeros-12ks\/\">Primeros<\/a>, pri\u010dom rozdiel v cene nie je z\u00e1sadn\u00fd.<\/p>\n<p>&nbsp;<\/p>\n<p>&nbsp;<\/p>\n<p>Hmotnos\u0165: 50 g<\/p>\n<p>Minim\u00e1lny d\u00e1tum spotreby 3 roky<\/p>\n<p>Dlhodob\u00fd spo\u013eahliv\u00fd v\u00fdrobca, PRIMEROS sro, \u010cesk\u00e1 republika, Kond\u00f3my vyroben\u00e9 v Malajzii<\/p>\n<p>Certifik\u00e1cia: RoHS CE 1639, ISO 4074<\/p>\n<p>&nbsp;<\/p>\n<p>Vyroben\u00e9 v Malajzii z pr\u00edrodn\u00e9ho kau\u010dukov\u00e9ho latexu od mal\u00fdch ekofarm\u00e1rov v regi\u00f3ne Hat Yai (Thajsko) hospod\u00e1riacich udr\u017eate\u013en\u00fdm sp\u00f4sobom, ktor\u00fd podporuje biodiverzitu tropick\u00e9ho da\u017e\u010fov\u00e9ho pralesa. Kau\u010dukov\u00fd latex vykupujeme za f\u00e9rov\u00fa cenu a kontrolujeme dodr\u017eiavanie d\u00f4stojn\u00fdch pracovn\u00fdch podmienok v spolupr\u00e1ci s organiz\u00e1ciou Regenerative Rubber Initiative.<\/p>\n<p>&nbsp;<\/p>\n<h2>Pokyny<\/h2>\n<p>vi\u010f let\u00e1k v balen\u00ed<\/p>","protected":false},"excerpt":{"rendered":"<p>3ks \/12 ks 50ks kond\u00f3mov \u2013 extra tenk\u00e1 stena<\/p>","protected":false},"featured_media":149580,"comment_status":"open","ping_status":"closed","template":"","meta":[],"product_brand":[],"product_cat":[656],"product_tag":[],"class_list":{"0":"post-149574","1":"product","2":"type-product","3":"status-publish","4":"has-post-thumbnail","6":"product_cat-kondomy","7":"pa_size-660","8":"pa_size-659","9":"pa_size-661","11":"first","12":"instock","13":"shipping-taxable","14":"purchasable","15":"product-type-variable"},"_links":{"self":[{"href":"https:\/\/test.redpipi.com\/sk\/wp-json\/wp\/v2\/product\/149574","targetHints":{"allow":["GET"]}}],"collection":[{"href":"https:\/\/test.redpipi.com\/sk\/wp-json\/wp\/v2\/product"}],"about":[{"href":"https:\/\/test.redpipi.com\/sk\/wp-json\/wp\/v2\/types\/product"}],"replies":[{"embeddable":true,"href":"https:\/\/test.redpipi.com\/sk\/wp-json\/wp\/v2\/comments?post=149574"}],"wp:featuredmedia":[{"embeddable":true,"href":"https:\/\/test.redpipi.com\/sk\/wp-json\/wp\/v2\/media\/149580"}],"wp:attachment":[{"href":"https:\/\/test.redpipi.com\/sk\/wp-json\/wp\/v2\/media?parent=149574"}],"wp:term":[{"taxonomy":"product_brand","embeddable":true,"href":"https:\/\/test.redpipi.com\/sk\/wp-json\/wp\/v2\/product_brand?post=149574"},{"taxonomy":"product_cat","embeddable":true,"href":"https:\/\/test.redpipi.com\/sk\/wp-json\/wp\/v2\/product_cat?post=149574"},{"taxonomy":"product_tag","embeddable":true,"href":"https:\/\/test.redpipi.com\/sk\/wp-json\/wp\/v2\/product_tag?post=149574"}],"curies":[{"name":"wp","href":"https:\/\/api.w.org\/{rel}","templated":true}]}}