{"id":149553,"date":"2025-12-05T19:56:57","date_gmt":"2025-12-05T18:56:57","guid":{"rendered":"https:\/\/test.redpipi.com\/?post_type=product&#038;p=149553"},"modified":"2026-04-17T14:43:45","modified_gmt":"2026-04-17T13:43:45","slug":"kondomy-primeros-12ks","status":"publish","type":"product","link":"https:\/\/test.redpipi.com\/sk\/produkt\/kondomy-primeros-12ks\/","title":{"rendered":"Kond\u00f3my Primeros 12ks"},"content":{"rendered":"<p>12 ks kond\u00f3mov z pr\u00edrodn\u00e9ho kau\u010dukov\u00e9ho latexu<\/p>\n<p>100% elektronicky testovan\u00e9<\/p>\n<p>Prieh\u013eadn\u00e9 a hladk\u00e9 (ak nie je \u010falej uveden\u00e9 inak)<\/p>\n<p>Kompatibiln\u00fd s lubrikantmi na vodnej a silik\u00f3novej 0 b\u00e1ze.<\/p>\n<p>Lubrikovan\u00e9 \u013eahk\u00fdm silik\u00f3nov\u00fdm olejom.<\/p>\n<p>Dvojit\u00fd steriln\u00fd obal.<\/p>\n<p>Rezervo\u00e1r pre spermie<\/p>\n<p>Netestovan\u00e9 na zvierat\u00e1ch, vhodn\u00e9 pre veg\u00e1nov \u2013 certifik\u00e1t V-LABEL<\/p>\n<p>&nbsp;<\/p>\n<h2>Varianty<\/h2>\n<p>A \u2013 Primeros Classy \u2013 19cm d\u013a\u017eka, 5,4cm priemer, roz\u0161\u00edren\u00fd anatomick\u00fd tvar, EAN: 8594068381215<\/p>\n<p>B \u2013 Primeros Innocent \u2013 19cm d\u013a\u017eka, 5,3cm priemer, ten\u0161ia stena: 0,055 mm, EAN: 8594068383219<\/p>\n<p>C \u2013 Primeros Soft Glide \u2013 19cm d\u013a\u017eka, 5,3cm priemer, Extra zvlh\u010den\u00fd kond\u00f3m s ultra tenkou stenou 0,055 mm, EAN: 8594068384216<\/p>\n<p>D \u2013 Primeros Passion \u2013 19cm d\u013a\u017eka, 5,4cm priemer, so stimuluj\u00facimi vr\u00fabkami, v\u00fdstupkami a exotickou v\u00f4\u0148ou kokosu, EAN: 8594068385213<\/p>\n<p>E \u2013 Primeros Safeguard \u2013 19cm d\u013a\u017eka, 5,4cm priemer, extra bezpe\u010dn\u00e9 so silnej\u0161ou stenou 0,08 mm, EAN: 8594068389211<\/p>\n<p>F \u2013 Primeros The King \u2013 19cm d\u013a\u017eka, 5,7cm priemer, extra \u0161irok\u00e9, EAN: 8594068387217<\/p>\n<p>G \u2013 Primeros Nighthawk \u2013 19cm d\u013a\u017eka, 5,4cm priemer, \u010dierna farba kond\u00f3mu, EAN: 8594068382212<\/p>\n<p>&nbsp;<\/p>\n<h2>Testovanie kond\u00f3mu na\u0161\u00edm sexshopom<\/h2>\n<p>+ Kond\u00f3m p\u00f4sob\u00ed v\u00e4\u010d\u0161\u00ed, \u010di pohodlnej\u0161\u00ed a robustnej\u0161\u00ed sestersk\u00fdch kond\u00f3mov You Me.<\/p>\n<p>+ Na rozdiel od nezna\u010dkov\u00fdch kond\u00f3mov s\u00fa o nie\u010do \u0161ir\u0161ie, lep\u0161ie sa navliekaj\u00fa a nezo\u0161mykuj\u00fa.<\/p>\n<p>+ Obal kond\u00f3mu p\u00f4sob\u00ed robustne a pr\u00e9miovo. Obaly kond\u00f3mov s\u00fa kvalitnej\u0161ie ako pri sestersk\u00fdch kond\u00f3moch You Me. Krabi\u010dky rovnakej kvality.<\/p>\n<p>\u2013 Bal\u00ed\u010dek \/ obal kond\u00f3mu rozhodne nesvieti ani nefosforeskuje v tme, ako uv\u00e1dza v\u00fdrobca.<\/p>\n<p>Po\u010das 12\/2025 dopln\u00edme test pri pou\u017eit\u00ed zak\u00e1zan\u00e9ho <a href=\"http:\/\/fisting kr\u00e9myhttps:\/\/test.redpipi.com\/sexshop\/lubrikanty\/fisting-kremy\/\">lubrikantu leptaj\u00faceho latex<\/a>. Sestersk\u00e9 kond\u00f3my You Me s rovnakou technol\u00f3giou vydr\u017eali len 10 min\u00fat.<\/p>\n<p>&nbsp;<\/p>\n<p>&nbsp;<\/p>\n<p>Hmotnos\u0165: 50 g<\/p>\n<p>Minim\u00e1lny d\u00e1tum spotreby 3 roky<\/p>\n<p>Dlhodob\u00fd spo\u013eahliv\u00fd v\u00fdrobca, PRIMEROS sro, \u010cesk\u00e1 republika, Kond\u00f3my vyroben\u00e9 v Malajzii<\/p>\n<p>Certifik\u00e1cia: RoHS CE 1639, ISO 4074<\/p>\n<p>&nbsp;<\/p>\n<p>Vyroben\u00e9 v Malajzii z pr\u00edrodn\u00e9ho kau\u010dukov\u00e9ho latexu od mal\u00fdch ekofarm\u00e1rov v regi\u00f3ne Hat Yai (Thajsko) hospod\u00e1riacich udr\u017eate\u013en\u00fdm sp\u00f4sobom, ktor\u00fd podporuje biodiverzitu tropick\u00e9ho da\u017e\u010fov\u00e9ho pralesa. Kau\u010dukov\u00fd latex vykupujeme za f\u00e9rov\u00fa cenu a kontrolujeme dodr\u017eiavanie d\u00f4stojn\u00fdch pracovn\u00fdch podmienok v spolupr\u00e1ci s organiz\u00e1ciou Regenerative Rubber Initiative.<\/p>\n<p>&nbsp;<\/p>\n<h2>Pokyny<\/h2>\n<p>vi\u010f let\u00e1k v balen\u00ed<\/p>","protected":false},"excerpt":{"rendered":"<p>Kond\u00f3my Primeros<\/p>","protected":false},"featured_media":149562,"comment_status":"open","ping_status":"closed","template":"","meta":[],"product_brand":[],"product_cat":[656],"product_tag":[],"class_list":{"0":"post-149553","1":"product","2":"type-product","3":"status-publish","4":"has-post-thumbnail","6":"product_cat-kondomy","8":"first","9":"instock","10":"shipping-taxable","11":"purchasable","12":"product-type-variable"},"_links":{"self":[{"href":"https:\/\/test.redpipi.com\/sk\/wp-json\/wp\/v2\/product\/149553","targetHints":{"allow":["GET"]}}],"collection":[{"href":"https:\/\/test.redpipi.com\/sk\/wp-json\/wp\/v2\/product"}],"about":[{"href":"https:\/\/test.redpipi.com\/sk\/wp-json\/wp\/v2\/types\/product"}],"replies":[{"embeddable":true,"href":"https:\/\/test.redpipi.com\/sk\/wp-json\/wp\/v2\/comments?post=149553"}],"wp:featuredmedia":[{"embeddable":true,"href":"https:\/\/test.redpipi.com\/sk\/wp-json\/wp\/v2\/media\/149562"}],"wp:attachment":[{"href":"https:\/\/test.redpipi.com\/sk\/wp-json\/wp\/v2\/media?parent=149553"}],"wp:term":[{"taxonomy":"product_brand","embeddable":true,"href":"https:\/\/test.redpipi.com\/sk\/wp-json\/wp\/v2\/product_brand?post=149553"},{"taxonomy":"product_cat","embeddable":true,"href":"https:\/\/test.redpipi.com\/sk\/wp-json\/wp\/v2\/product_cat?post=149553"},{"taxonomy":"product_tag","embeddable":true,"href":"https:\/\/test.redpipi.com\/sk\/wp-json\/wp\/v2\/product_tag?post=149553"}],"curies":[{"name":"wp","href":"https:\/\/api.w.org\/{rel}","templated":true}]}}