{"id":149398,"date":"2025-11-23T10:10:36","date_gmt":"2025-11-23T09:10:36","guid":{"rendered":"https:\/\/test.redpipi.com\/?post_type=product&#038;p=149398"},"modified":"2026-04-20T23:25:01","modified_gmt":"2026-04-20T22:25:01","slug":"doer-medicalaqua-hyaluron-panthenol-100ml","status":"publish","type":"product","link":"https:\/\/test.redpipi.com\/sk\/produkt\/doer-medicalaqua-hyaluron-panthenol-100ml\/","title":{"rendered":"Doer Medical Aqua \u2013 Hyaluron Panthenol 100 ml"},"content":{"rendered":"<p>Lubrikant bez v\u00f4ne.<\/p>\n<p>Int\u00edmny g\u00e9l na vodnej b\u00e1ze s hydrata\u010dnou kyselinou hyalur\u00f3novou a regenera\u010dn\u00fdm panthenolom pre extra starostlivos\u0165 a ochranu oboch partnerov. Bez parfumov a farb\u00edv, bez z\u00e1pachu, pH prisp\u00f4soben\u00e9 potreb\u00e1m vagin\u00e1lnej fl\u00f3ry.<\/p>\n<p>Pod\u013ea distrib\u00fatora pom\u00e1haj\u00fa panthenol a hyaluron pri hojen\u00ed drobn\u00fdch poranen\u00ed sliznice.<\/p>\n<p>&nbsp;<\/p>\n<p><strong>Testovanie Doer Medical Aqua \u2013 Hyaluron Panthenol<\/strong><\/p>\n<p>+ Mierne lie\u010div\u00e9 \u00fa\u010dinky po obmedzen\u00fa dobu, po\u010das ktorej g\u00e9l zost\u00e1va na tkanive.<\/p>\n<p>+ Nesp\u00f4sobuje p\u00e1lenie v po\u0161ve alebo kone\u010dn\u00edku.<\/p>\n<p><strong>Z\u00e1ver:<\/strong> Za relat\u00edvne priemern\u00fa cenu m\u00e1 tento lubrikant pridan\u00fa hodnotu v\u010faka svojim hojiv\u00fdm \u00fa\u010dinkom a absencii p\u00e1lenia.<\/p>\n<p>&nbsp;<\/p>\n<p>&nbsp;<\/p>\n<p>V\u00fdrobca: Doer Medical Cosmetis, Nemecko, EAN: 4035223692363<\/p>\n<p>100 ml, 120 g<\/p>\n<p>Nem\u00e1 \u017eiadne obmedzenia t\u00fdkaj\u00face sa trvanlivosti.<\/p>","protected":false},"excerpt":{"rendered":"<p>Lie\u010div\u00fd lubrikant 100 ml na vodnej b\u00e1ze<\/p>","protected":false},"featured_media":149408,"comment_status":"open","ping_status":"closed","template":"","meta":[],"product_brand":[],"product_cat":[608],"product_tag":[],"class_list":{"0":"post-149398","1":"product","2":"type-product","3":"status-publish","4":"has-post-thumbnail","6":"product_cat-lubrikanty-bezny-sex","8":"first","9":"instock","10":"shipping-taxable","11":"purchasable","12":"product-type-simple"},"_links":{"self":[{"href":"https:\/\/test.redpipi.com\/sk\/wp-json\/wp\/v2\/product\/149398","targetHints":{"allow":["GET"]}}],"collection":[{"href":"https:\/\/test.redpipi.com\/sk\/wp-json\/wp\/v2\/product"}],"about":[{"href":"https:\/\/test.redpipi.com\/sk\/wp-json\/wp\/v2\/types\/product"}],"replies":[{"embeddable":true,"href":"https:\/\/test.redpipi.com\/sk\/wp-json\/wp\/v2\/comments?post=149398"}],"wp:featuredmedia":[{"embeddable":true,"href":"https:\/\/test.redpipi.com\/sk\/wp-json\/wp\/v2\/media\/149408"}],"wp:attachment":[{"href":"https:\/\/test.redpipi.com\/sk\/wp-json\/wp\/v2\/media?parent=149398"}],"wp:term":[{"taxonomy":"product_brand","embeddable":true,"href":"https:\/\/test.redpipi.com\/sk\/wp-json\/wp\/v2\/product_brand?post=149398"},{"taxonomy":"product_cat","embeddable":true,"href":"https:\/\/test.redpipi.com\/sk\/wp-json\/wp\/v2\/product_cat?post=149398"},{"taxonomy":"product_tag","embeddable":true,"href":"https:\/\/test.redpipi.com\/sk\/wp-json\/wp\/v2\/product_tag?post=149398"}],"curies":[{"name":"wp","href":"https:\/\/api.w.org\/{rel}","templated":true}]}}