{"id":149120,"date":"2025-11-03T18:26:50","date_gmt":"2025-11-03T17:26:50","guid":{"rendered":"https:\/\/test.redpipi.com\/?post_type=product&#038;p=149120"},"modified":"2026-04-11T21:09:28","modified_gmt":"2026-04-11T20:09:28","slug":"pouta-silikon-kov-jemna-ozdobna-fs","status":"publish","type":"product","link":"https:\/\/test.redpipi.com\/sk\/produkt\/pouta-silikon-kov-jemna-ozdobna-fs\/","title":{"rendered":"P\u00fatka na ruky silik\u00f3nov\u00e9 kovov\u00e9 jemn\u00e9 ozdobn\u00e9 FS"},"content":{"rendered":"<p>Ozdobn\u00e9 put\u00e1<\/p>\n<p>&nbsp;<\/p>\n<h2>Z testovania ozdobn\u00fdch p\u00fat<\/h2>\n<p>+ Na hranici p\u00fat a \u0161perkov.<\/p>\n<p>+ Sk\u00f4r ako dekor\u00e1cia, mo\u017eno pre p\u00e1r na spolo\u010densk\u00fa udalos\u0165.<\/p>\n<p>+ Elegantn\u00fd kvalitn\u00fd dizajn. Ve\u013emi pr\u00edjemn\u00e9.<\/p>\n<p>+ Super \u013eahk\u00fd.<\/p>\n<p>+ Novinka v roku 2025<\/p>\n<p><strong>Z\u00e1ver<\/strong>: Vtipn\u00e9, n\u00e1padit\u00e9. Je to sk\u00f4r ozdoba ako BDSM n\u00e1stroj.<\/p>\n<p>&nbsp;<\/p>\n<p>Ve\u013ekos\u0165: uni<\/p>\n<h2>Varianty<\/h2>\n<p>Pod\u013ea farby<\/p>\n<h2><\/h2>\n<h2>Technick\u00e9 vlastnosti a v\u00fdrobca<\/h2>\n<p>Materi\u00e1l: silik\u00f3n, zliatina zinku<\/p>\n<p>Hmotnos\u0165: 42 g<\/p>\n<p>V\u00fdrobca: Funny Steel<\/p>","protected":false},"excerpt":{"rendered":"<p>Jemn\u00e9 ozdobn\u00e9 put\u00e1<\/p>","protected":false},"featured_media":149124,"comment_status":"open","ping_status":"closed","template":"","meta":[],"product_brand":[],"product_cat":[60,36],"product_tag":[],"class_list":{"0":"post-149120","1":"product","2":"type-product","3":"status-publish","4":"has-post-thumbnail","6":"product_cat-pouta","7":"product_cat-eroticke-doplnky-obleceni","8":"pa_brand-funny-steel","9":"pa_color-black","10":"pa_color-fialova","11":"pa_color-pink","12":"pa_material-metal","13":"pa_material-silicone","15":"first","16":"instock","17":"shipping-taxable","18":"purchasable","19":"product-type-variable"},"_links":{"self":[{"href":"https:\/\/test.redpipi.com\/sk\/wp-json\/wp\/v2\/product\/149120","targetHints":{"allow":["GET"]}}],"collection":[{"href":"https:\/\/test.redpipi.com\/sk\/wp-json\/wp\/v2\/product"}],"about":[{"href":"https:\/\/test.redpipi.com\/sk\/wp-json\/wp\/v2\/types\/product"}],"replies":[{"embeddable":true,"href":"https:\/\/test.redpipi.com\/sk\/wp-json\/wp\/v2\/comments?post=149120"}],"wp:featuredmedia":[{"embeddable":true,"href":"https:\/\/test.redpipi.com\/sk\/wp-json\/wp\/v2\/media\/149124"}],"wp:attachment":[{"href":"https:\/\/test.redpipi.com\/sk\/wp-json\/wp\/v2\/media?parent=149120"}],"wp:term":[{"taxonomy":"product_brand","embeddable":true,"href":"https:\/\/test.redpipi.com\/sk\/wp-json\/wp\/v2\/product_brand?post=149120"},{"taxonomy":"product_cat","embeddable":true,"href":"https:\/\/test.redpipi.com\/sk\/wp-json\/wp\/v2\/product_cat?post=149120"},{"taxonomy":"product_tag","embeddable":true,"href":"https:\/\/test.redpipi.com\/sk\/wp-json\/wp\/v2\/product_tag?post=149120"}],"curies":[{"name":"wp","href":"https:\/\/api.w.org\/{rel}","templated":true}]}}