{"id":149115,"date":"2024-11-03T18:19:17","date_gmt":"2024-11-03T17:19:17","guid":{"rendered":"https:\/\/test.redpipi.com\/?post_type=product&#038;p=149115"},"modified":"2026-01-17T20:59:15","modified_gmt":"2026-01-17T19:59:15","slug":"eletro-kolicky-na-bradavky-pysky-klitoris-nastavitelne-il","status":"publish","type":"product","link":"https:\/\/test.redpipi.com\/sk\/produkt\/eletro-kolicky-na-bradavky-pysky-klitoris-nastavitelne-il\/","title":{"rendered":"Nastavite\u013en\u00e9 kol\u00edky na bradavky, pysky a klitoris Eletro IL"},"content":{"rendered":"<p class=\"western\" style=\"text-align: justify;\">Skrutkou sa nastavuje intenzita stla\u010denia.<\/p>\n<h2>Varianty:<\/h2>\n<p>Zlat\u00e1<\/p>\n<p>Bronz<\/p>\n<p>&nbsp;<\/p>\n<h2>Technick\u00e9 vlastnosti a v\u00fdrobca:<\/h2>\n<p>Materi\u00e1l: zliatina zinku<\/p>\n<p>Hmotnos\u0165: 12 g, , obj. \u010d. 202401039<\/p>\n<p class=\"western\" style=\"text-align: justify;\">V\u00fdrobca: Idea Leather<\/p>\n<p>&nbsp;<\/p>\n<p>Kompatibiln\u00e9 s <a href=\"https:\/\/test.redpipi.com\/sk\/produkt\/elektrosex-kabel-jehly\/\">ihlov\u00fd k\u00e1bel<\/a> a v\u0161etci <a href=\"https:\/\/test.redpipi.com\/sk\/sexshop\/bdsm\/elektro-sex\/\">zdroje pre elektro sex od Funny Steel<\/a> - obe musia by\u0165 vo vlastn\u00edctve alebo zak\u00fapen\u00e9.<\/p>\n<p class=\"western\" style=\"text-align: justify;\">","protected":false},"excerpt":{"rendered":"<p>Kol\u00edky na bradavky, klitoris alebo pysky, p\u00e1r<\/p>","protected":false},"featured_media":149119,"comment_status":"open","ping_status":"closed","template":"","meta":[],"product_brand":[],"product_cat":[54,141],"product_tag":[],"class_list":{"0":"post-149115","1":"product","2":"type-product","3":"status-publish","4":"has-post-thumbnail","6":"product_cat-svorky-bradavky","7":"product_cat-elektro-sex","8":"pa_brand-idealeather","9":"pa_color-bronzova","10":"pa_color-zlata","11":"pa_material-metal","13":"first","14":"instock","15":"shipping-taxable","16":"purchasable","17":"product-type-variable","18":"has-default-attributes"},"_links":{"self":[{"href":"https:\/\/test.redpipi.com\/sk\/wp-json\/wp\/v2\/product\/149115","targetHints":{"allow":["GET"]}}],"collection":[{"href":"https:\/\/test.redpipi.com\/sk\/wp-json\/wp\/v2\/product"}],"about":[{"href":"https:\/\/test.redpipi.com\/sk\/wp-json\/wp\/v2\/types\/product"}],"replies":[{"embeddable":true,"href":"https:\/\/test.redpipi.com\/sk\/wp-json\/wp\/v2\/comments?post=149115"}],"wp:featuredmedia":[{"embeddable":true,"href":"https:\/\/test.redpipi.com\/sk\/wp-json\/wp\/v2\/media\/149119"}],"wp:attachment":[{"href":"https:\/\/test.redpipi.com\/sk\/wp-json\/wp\/v2\/media?parent=149115"}],"wp:term":[{"taxonomy":"product_brand","embeddable":true,"href":"https:\/\/test.redpipi.com\/sk\/wp-json\/wp\/v2\/product_brand?post=149115"},{"taxonomy":"product_cat","embeddable":true,"href":"https:\/\/test.redpipi.com\/sk\/wp-json\/wp\/v2\/product_cat?post=149115"},{"taxonomy":"product_tag","embeddable":true,"href":"https:\/\/test.redpipi.com\/sk\/wp-json\/wp\/v2\/product_tag?post=149115"}],"curies":[{"name":"wp","href":"https:\/\/api.w.org\/{rel}","templated":true}]}}