{"id":149092,"date":"2025-11-01T14:05:36","date_gmt":"2025-11-01T13:05:36","guid":{"rendered":"https:\/\/test.redpipi.com\/?post_type=product&#038;p=149092"},"modified":"2026-04-22T06:29:00","modified_gmt":"2026-04-22T05:29:00","slug":"rainbow-wawe-metalic-dilator-13cm","status":"publish","type":"product","link":"https:\/\/test.redpipi.com\/sk\/produkt\/rainbow-wawe-metalic-dilator-13cm\/","title":{"rendered":"Rainbow Wawe kovov\u00fd dilat\u00e1tor 13 cm"},"content":{"rendered":"<p class=\"western\" style=\"text-align: justify;\">Dilat\u00e1tor je pln\u00fd a postupne sa roz\u0161iruje.<\/p>\n<p>Ve\u013emi intenz\u00edvne pocity pri zav\u00e1dzan\u00ed jednotliv\u00fdch z\u00e1rezov do mo\u010dovej trubice.<\/p>\n<p>Zakon\u010denie dilat\u00e1tora mo\u010dovej trubice vytv\u00e1ra dojem prepichnutia, zabra\u0148uje prilepeniu a stimuluje aj druh\u00e9ho partnera.<\/p>\n<p><strong>Z\u00e1ruka 5 rokov<\/strong><\/p>\n<p>Jde o relativn\u011b drah\u00fd dilator, ale kvalita zpracov\u00e1n\u00ed, povrchov\u00e9 \u00fapravy a designu tomu odpov\u00edd\u00e1.<\/p>\n<p>&nbsp;<\/p>\n<h2>Varianty:<\/h2>\n<p>d\u013a\u017eka 13 cm, priemer:<\/p>\n<p>S 5-8 mm, 31 g - zelen\u00e1 na jednej strane, ru\u017eovo-fialov\u00e1 na druhej strane<\/p>\n<p>M 7-10 mm, 54 g - na jednej strane zelen\u00fd, na druhej strane ru\u017eovo-fialov\u00fd<\/p>\n<p>D 8-11 mm, 71 g - na jednej strane zelen\u00fd, na druhej strane ru\u017eovo-fialov\u00fd<\/p>\n<p>D 8-11 mm, 71 g - zelen\u00e1 na jednej strane, tyrkysov\u00e1 na druhej strane<\/p>\n<p>Materi\u00e1l: nehrdzavej\u00faca oce\u013e<\/p>\n<p>V\u00fdrobca, <a href=\"https:\/\/test.redpipi.com\/sk\/uretalni-hratky-zavadeni-do-mocove-trubice-naplnovani-mocoveho-mechyre\/\">pozri viac <\/a><a href=\"https:\/\/test.redpipi.com\/sk\/uretalni-hratky\/\">uretr\u00e1lna hra<\/a><\/p>","protected":false},"excerpt":{"rendered":"<p>Kovov\u00e1 farba dilat\u00e1tora<\/p>","protected":false},"featured_media":149097,"comment_status":"open","ping_status":"closed","template":"","meta":[],"product_brand":[],"product_cat":[62],"product_tag":[],"class_list":{"0":"post-149092","1":"product","2":"type-product","3":"status-publish","4":"has-post-thumbnail","6":"product_cat-uretalni-dilatory","7":"pa_brand-funny-steel","8":"pa_material-metal","9":"pa_size-d","10":"pa_size-l","11":"pa_size-m","12":"pa_size-s","13":"pa_special-5y-warranty","15":"first","16":"instock","17":"sale","18":"shipping-taxable","19":"purchasable","20":"product-type-variable"},"_links":{"self":[{"href":"https:\/\/test.redpipi.com\/sk\/wp-json\/wp\/v2\/product\/149092","targetHints":{"allow":["GET"]}}],"collection":[{"href":"https:\/\/test.redpipi.com\/sk\/wp-json\/wp\/v2\/product"}],"about":[{"href":"https:\/\/test.redpipi.com\/sk\/wp-json\/wp\/v2\/types\/product"}],"replies":[{"embeddable":true,"href":"https:\/\/test.redpipi.com\/sk\/wp-json\/wp\/v2\/comments?post=149092"}],"wp:featuredmedia":[{"embeddable":true,"href":"https:\/\/test.redpipi.com\/sk\/wp-json\/wp\/v2\/media\/149097"}],"wp:attachment":[{"href":"https:\/\/test.redpipi.com\/sk\/wp-json\/wp\/v2\/media?parent=149092"}],"wp:term":[{"taxonomy":"product_brand","embeddable":true,"href":"https:\/\/test.redpipi.com\/sk\/wp-json\/wp\/v2\/product_brand?post=149092"},{"taxonomy":"product_cat","embeddable":true,"href":"https:\/\/test.redpipi.com\/sk\/wp-json\/wp\/v2\/product_cat?post=149092"},{"taxonomy":"product_tag","embeddable":true,"href":"https:\/\/test.redpipi.com\/sk\/wp-json\/wp\/v2\/product_tag?post=149092"}],"curies":[{"name":"wp","href":"https:\/\/api.w.org\/{rel}","templated":true}]}}