{"id":149053,"date":"2025-11-03T13:11:56","date_gmt":"2025-11-03T12:11:56","guid":{"rendered":"https:\/\/test.redpipi.com\/?post_type=product&#038;p=149053"},"modified":"2026-04-21T11:06:03","modified_gmt":"2026-04-21T10:06:03","slug":"roztomilous-svitici-dildo","status":"publish","type":"product","link":"https:\/\/test.redpipi.com\/sk\/produkt\/roztomilous-svitici-dildo\/","title":{"rendered":"Roztomil\u00e9 svietiace dildo 18*5,5cm Faak AW13"},"content":{"rendered":"<p>Roztomil\u00e9 svietiace dildo<\/p>\n<p>&nbsp;<\/p>\n<h2>Z testovania Cute<\/h2>\n<p>+ Viacero \u00farovn\u00ed roz\u0161\u00edrenia dilda pre intenz\u00edvnej\u0161\u00ed sexu\u00e1lny z\u00e1\u017eitok a vzru\u0161enie. Vhodn\u00fd na z\u00fafal\u00fd tr\u00e9ning a z\u00e1rove\u0148 intenz\u00edvny.<\/p>\n<p>+ V\u00fdstupky s pr\u00edsavkou dr\u00e1\u017edia klitoris<\/p>\n<p>+ Realisticky tvarovan\u00fd vstup do mo\u010dovej trubice.<\/p>\n<p>+ Luminiscencia a farby s\u00fa skvel\u00e9.<\/p>\n<p>+ Pr\u00edsavka nadol<\/p>\n<p><strong>\u00a0+5 rokov z\u00e1ruky<\/strong><\/p>\n<p>Z\u00e1ver: toto bude ob\u013e\u00faben\u00fd titul. Pekn\u00fd sladk\u00fd dar\u010dek pre priate\u013eku, ktor\u00e1 sa boj\u00ed sexu\u00e1lnych hra\u010diek.<\/p>\n<p>&nbsp;<\/p>\n<p>&nbsp;<\/p>\n<h2>Luminiscen\u010dn\u00e9 vibr\u00e1tory<\/h2>\n<p>Dildo mo\u017eno opakovane osvet\u013eova\u0165 denn\u00fdm alebo umel\u00fdm svetlom po dobu 15 rokov. V z\u00e1vislosti od intenzity svetla bude dildo fosforeskova\u0165 a\u017e 5 hod\u00edn.<\/p>\n<p>Pokles luminiscencie dilda v priebehu \u010dasu, ke\u010f je umiestnen\u00e1 v tme:<\/p>\n<p>po 30 min. na 50%<\/p>\n<p>po 1 hodine na 25%<\/p>\n<p>po 2 hodin\u00e1ch pri 12.5%<\/p>\n<p>po 4 hodin\u00e1ch na 10%<\/p>\n<p>Pozn\u00e1mka: <strong>Fluorescen\u010dn\u00e9, sveteln\u00e9, fosforeskuj\u00face, \u017eiariace a svietiace<\/strong> znamen\u00e1 v na\u0161ich opisoch to ist\u00e9.<\/p>\n<h2><\/h2>\n<p>Som zvedav\u00e1, ako Deeple prelo\u017e\u00ed Sweetcute :)))<\/p>\n<p>&nbsp;<\/p>\n<h2>Technick\u00e9 vlastnosti<\/h2>\n<p>d\u013a\u017eka 18 cm, priemer nad pr\u00edsavkou (bulbus) 5,5 cm, pod \u017ealu\u010fom 4,5 cm<\/p>\n<p><a href=\"\/sk\/mekke-dilda-mekkost-dild\/\">m\u00e4kkos\u0165<\/a>: 16 H0 (%)<\/p>\n<p>Materi\u00e1l: <a href=\"https:\/\/test.redpipi.com\/sk\/sex-toys-materials\/\">tekut\u00fd silik\u00f3n<\/a>, v\u00fdrobca Faak, certifik\u00e1t CE, YC-2143 AW13<\/p>\n<p>hmotnos\u0165: 355 g<\/p>\n<p>Plnofarebn\u00fd silik\u00f3n. Nejde o povrchov\u00fa ma\u013ebu. Farba sa ned\u00e1 zmy\u0165 ani zotrie\u0165.<\/p>\n<h2>Farby<\/h2>\n<p>Plnofarebn\u00fd silik\u00f3n. Nejde o povrchov\u00fa ma\u013ebu. Farba sa ned\u00e1 zmy\u0165 ani zotrie\u0165.<\/p>\n<p>Farby dild s\u00fa s\u00fdte a vern\u00e9. Farby zost\u00e1vaj\u00fa v podstate tam, kde s\u00fa ur\u010den\u00e9, ale m\u00f4\u017eu sa mierne l\u00ed\u0161i\u0165. Napr\u00edklad niekde sa pri mie\u0161an\u00ed toho ist\u00e9ho v\u00fdrobku dostane na povrch o nie\u010do viac jednej z farieb na \u00fakor inej farby. V\u0161etky dild\u00e1 vyroben\u00e9 touto technol\u00f3giou v\u0161ak vyzeraj\u00fa ve\u013emi dobre.<\/p>","protected":false},"excerpt":{"rendered":"<p>Roztomil\u00e9 svietiace dildo<\/p>","protected":false},"featured_media":149054,"comment_status":"open","ping_status":"closed","template":"","meta":[],"product_brand":[],"product_cat":[643],"product_tag":[],"class_list":{"0":"post-149053","1":"product","2":"type-product","3":"status-publish","4":"has-post-thumbnail","6":"product_cat-zvireci-fantasy-dilda","7":"pa_brand-faak","8":"pa_diametr-41-50mm","9":"pa_hardness-mekke-jako-sval-10-20hc","10":"pa_material-silicone-liquid","11":"pa_special-5y-warranty","12":"pa_special-luminescence","14":"first","15":"instock","16":"shipping-taxable","17":"purchasable","18":"product-type-simple"},"_links":{"self":[{"href":"https:\/\/test.redpipi.com\/sk\/wp-json\/wp\/v2\/product\/149053","targetHints":{"allow":["GET"]}}],"collection":[{"href":"https:\/\/test.redpipi.com\/sk\/wp-json\/wp\/v2\/product"}],"about":[{"href":"https:\/\/test.redpipi.com\/sk\/wp-json\/wp\/v2\/types\/product"}],"replies":[{"embeddable":true,"href":"https:\/\/test.redpipi.com\/sk\/wp-json\/wp\/v2\/comments?post=149053"}],"wp:featuredmedia":[{"embeddable":true,"href":"https:\/\/test.redpipi.com\/sk\/wp-json\/wp\/v2\/media\/149054"}],"wp:attachment":[{"href":"https:\/\/test.redpipi.com\/sk\/wp-json\/wp\/v2\/media?parent=149053"}],"wp:term":[{"taxonomy":"product_brand","embeddable":true,"href":"https:\/\/test.redpipi.com\/sk\/wp-json\/wp\/v2\/product_brand?post=149053"},{"taxonomy":"product_cat","embeddable":true,"href":"https:\/\/test.redpipi.com\/sk\/wp-json\/wp\/v2\/product_cat?post=149053"},{"taxonomy":"product_tag","embeddable":true,"href":"https:\/\/test.redpipi.com\/sk\/wp-json\/wp\/v2\/product_tag?post=149053"}],"curies":[{"name":"wp","href":"https:\/\/api.w.org\/{rel}","templated":true}]}}