{"id":148988,"date":"2025-10-28T11:08:52","date_gmt":"2025-10-28T10:08:52","guid":{"rendered":"https:\/\/test.redpipi.com\/?post_type=product&#038;p=148988"},"modified":"2026-02-26T21:33:27","modified_gmt":"2026-02-26T20:33:27","slug":"kovovovy-analni-kolik-silny-vroubky-al012l","status":"publish","type":"product","link":"https:\/\/test.redpipi.com\/sk\/produkt\/kovovovy-analni-kolik-silny-vroubky-al012l\/","title":{"rendered":"Kovov\u00fd an\u00e1lny kol\u00edk hrub\u00fd - z\u00e1rezy 10 * 3,8cm AL012L"},"content":{"rendered":"<p class=\"western\" style=\"text-align: justify;\">Dlh\u00fd kovov\u00fd an\u00e1lny kol\u00edk pre ka\u017ed\u00fd zadok<\/p>\n<p class=\"western\" style=\"text-align: justify;\">Priemer 3,8 cm, d\u013a\u017eka 10,2 cm (priemer kame\u0148a bez kovov\u00e9ho okraja je 2,7 cm)<\/p>\n<p>&nbsp;<\/p>\n<p>Z\u00e1ruka 5 rokov<\/p>\n<h2>Varianty<\/h2>\n<p>Ru\u017eov\u00e1<\/p>\n<p>svetlomodr\u00e1<\/p>\n<p>\u010cerven\u00e1<\/p>\n<p>&nbsp;<\/p>\n<p class=\"western\">V\u00fdrobca Funny Steel, s\u00e9riov\u00e9 \u010d\u00edslo AP-AL012-L<\/p>\n<p class=\"western\">zliatina zinku, chr\u00f3m, hmotnos\u0165 170 g<\/p>","protected":false},"excerpt":{"rendered":"<p>An\u00e1lny kovov\u00fd kol\u00ed\u010dek s vr\u00fabkovan\u00edm hrub\u00fd<\/p>","protected":false},"featured_media":149001,"comment_status":"open","ping_status":"closed","template":"","meta":[],"product_brand":[],"product_cat":[25],"product_tag":[],"class_list":{"0":"post-148988","1":"product","2":"type-product","3":"status-publish","4":"has-post-thumbnail","6":"product_cat-analni-koliky","7":"pa_brand-funny-steel","8":"pa_color-red","9":"pa_color-blue","10":"pa_color-pink","11":"pa_diametr-31-40mm","12":"pa_hardness-velmi-tvrde","13":"pa_material-silicone","15":"first","16":"instock","17":"shipping-taxable","18":"purchasable","19":"product-type-variable"},"_links":{"self":[{"href":"https:\/\/test.redpipi.com\/sk\/wp-json\/wp\/v2\/product\/148988","targetHints":{"allow":["GET"]}}],"collection":[{"href":"https:\/\/test.redpipi.com\/sk\/wp-json\/wp\/v2\/product"}],"about":[{"href":"https:\/\/test.redpipi.com\/sk\/wp-json\/wp\/v2\/types\/product"}],"replies":[{"embeddable":true,"href":"https:\/\/test.redpipi.com\/sk\/wp-json\/wp\/v2\/comments?post=148988"}],"wp:featuredmedia":[{"embeddable":true,"href":"https:\/\/test.redpipi.com\/sk\/wp-json\/wp\/v2\/media\/149001"}],"wp:attachment":[{"href":"https:\/\/test.redpipi.com\/sk\/wp-json\/wp\/v2\/media?parent=148988"}],"wp:term":[{"taxonomy":"product_brand","embeddable":true,"href":"https:\/\/test.redpipi.com\/sk\/wp-json\/wp\/v2\/product_brand?post=148988"},{"taxonomy":"product_cat","embeddable":true,"href":"https:\/\/test.redpipi.com\/sk\/wp-json\/wp\/v2\/product_cat?post=148988"},{"taxonomy":"product_tag","embeddable":true,"href":"https:\/\/test.redpipi.com\/sk\/wp-json\/wp\/v2\/product_tag?post=148988"}],"curies":[{"name":"wp","href":"https:\/\/api.w.org\/{rel}","templated":true}]}}