{"id":148977,"date":"2025-10-30T10:45:28","date_gmt":"2025-10-30T09:45:28","guid":{"rendered":"https:\/\/test.redpipi.com\/?post_type=product&#038;p=148977"},"modified":"2026-04-11T21:09:13","modified_gmt":"2026-04-11T20:09:13","slug":"kovovovy-analni-kolik-dlouhyal014l","status":"publish","type":"product","link":"https:\/\/test.redpipi.com\/sk\/produkt\/kovovovy-analni-kolik-dlouhyal014l\/","title":{"rendered":"Dlh\u00e1 kovov\u00e1 an\u00e1lna z\u00e1tka 14,2*3,3 cm AL014L"},"content":{"rendered":"<p class=\"western\" style=\"text-align: justify;\">Dlh\u00fd kovov\u00fd an\u00e1lny kol\u00edk pre ka\u017ed\u00fd zadok<\/p>\n<p class=\"western\" style=\"text-align: justify;\">Priemer 3,5 cm (okolo kame\u0148a), 3,3 cm (najv\u00e4\u010d\u0161ia gu\u013ea), d\u013a\u017eka 14,2 cm<\/p>\n<p>Dr\u00e1\u017ediv\u00e9 postupn\u00e9 roz\u0161irovanie<\/p>\n<p>&nbsp;<\/p>\n<p>Z\u00e1ruka 5 rokov<\/p>\n<h2>Varianty<\/h2>\n<p>Ru\u017eov\u00e1<\/p>\n<p>modr\u00e9 svetl\u00e1<\/p>\n<p>\u010cerven\u00e1<\/p>\n<p>&nbsp;<\/p>\n<p class=\"western\">V\u00fdrobca Funny Steel, s\u00e9riov\u00e9 \u010d\u00edslo AP-AL014<\/p>\n<p class=\"western\">zliatina zinku, chr\u00f3m, hmotnos\u0165 170 g<\/p>","protected":false},"excerpt":{"rendered":"<p>Dlh\u00e1 an\u00e1lna z\u00e1tka<\/p>","protected":false},"featured_media":148982,"comment_status":"open","ping_status":"closed","template":"","meta":[],"product_brand":[],"product_cat":[25],"product_tag":[],"class_list":{"0":"post-148977","1":"product","2":"type-product","3":"status-publish","4":"has-post-thumbnail","6":"product_cat-analni-koliky","7":"pa_brand-funny-steel","8":"pa_color-red","9":"pa_color-blue","10":"pa_color-pink","11":"pa_diametr-31-40mm","12":"pa_hardness-velmi-tvrde","13":"pa_material-silicone","15":"first","16":"instock","17":"shipping-taxable","18":"purchasable","19":"product-type-variable"},"_links":{"self":[{"href":"https:\/\/test.redpipi.com\/sk\/wp-json\/wp\/v2\/product\/148977","targetHints":{"allow":["GET"]}}],"collection":[{"href":"https:\/\/test.redpipi.com\/sk\/wp-json\/wp\/v2\/product"}],"about":[{"href":"https:\/\/test.redpipi.com\/sk\/wp-json\/wp\/v2\/types\/product"}],"replies":[{"embeddable":true,"href":"https:\/\/test.redpipi.com\/sk\/wp-json\/wp\/v2\/comments?post=148977"}],"wp:featuredmedia":[{"embeddable":true,"href":"https:\/\/test.redpipi.com\/sk\/wp-json\/wp\/v2\/media\/148982"}],"wp:attachment":[{"href":"https:\/\/test.redpipi.com\/sk\/wp-json\/wp\/v2\/media?parent=148977"}],"wp:term":[{"taxonomy":"product_brand","embeddable":true,"href":"https:\/\/test.redpipi.com\/sk\/wp-json\/wp\/v2\/product_brand?post=148977"},{"taxonomy":"product_cat","embeddable":true,"href":"https:\/\/test.redpipi.com\/sk\/wp-json\/wp\/v2\/product_cat?post=148977"},{"taxonomy":"product_tag","embeddable":true,"href":"https:\/\/test.redpipi.com\/sk\/wp-json\/wp\/v2\/product_tag?post=148977"}],"curies":[{"name":"wp","href":"https:\/\/api.w.org\/{rel}","templated":true}]}}