{"id":148786,"date":"2026-02-14T12:25:12","date_gmt":"2026-02-14T11:25:12","guid":{"rendered":"https:\/\/test.redpipi.com\/?post_type=product&#038;p=148786"},"modified":"2026-04-06T23:54:05","modified_gmt":"2026-04-06T22:54:05","slug":"roubik-kulicka-kmg","status":"publish","type":"product","link":"https:\/\/test.redpipi.com\/sk\/produkt\/roubik-kulicka-kmg\/","title":{"rendered":"Gumen\u00e1 gu\u013ea KMG"},"content":{"rendered":"<p>Gu\u013e\u00f4\u010dkov\u00fd roub\u00edk m\u00e1 priemer 42 mm<\/p>\n<p>Hod\u00ed sa do ka\u017ed\u00fdch \u00fast a na ka\u017ed\u00fa ve\u013ekos\u0165 hlavy<\/p>\n<p>&nbsp;<\/p>\n<p>farba \u010dierna<\/p>\n<p>&nbsp;<\/p>\n<p>materi\u00e1l: gag - <a href=\"https:\/\/test.redpipi.com\/sk\/sex-toys-materials\/\">lek\u00e1rsky silik\u00f3n<\/a>, ko\u017eenkov\u00fd p\u00e1s z PVC<\/p>\n<p>hmotnos\u0165: 100 g<\/p>\n<p>v\u00fdrobca: Kaomei Global KMG<\/p>","protected":false},"excerpt":{"rendered":"<p>Silik\u00f3nov\u00fd roub\u00edk so zaoblenou sponou a z\u00e1mkom.<\/p>","protected":false},"featured_media":148788,"comment_status":"open","ping_status":"closed","template":"","meta":[],"product_brand":[],"product_cat":[305],"product_tag":[],"class_list":{"0":"post-148786","1":"product","2":"type-product","3":"status-publish","4":"has-post-thumbnail","6":"product_cat-roubiky","7":"pa_brand-kaomei-global","8":"pa_material-silicone","10":"first","11":"instock","12":"shipping-taxable","13":"purchasable","14":"product-type-simple"},"_links":{"self":[{"href":"https:\/\/test.redpipi.com\/sk\/wp-json\/wp\/v2\/product\/148786","targetHints":{"allow":["GET"]}}],"collection":[{"href":"https:\/\/test.redpipi.com\/sk\/wp-json\/wp\/v2\/product"}],"about":[{"href":"https:\/\/test.redpipi.com\/sk\/wp-json\/wp\/v2\/types\/product"}],"replies":[{"embeddable":true,"href":"https:\/\/test.redpipi.com\/sk\/wp-json\/wp\/v2\/comments?post=148786"}],"wp:featuredmedia":[{"embeddable":true,"href":"https:\/\/test.redpipi.com\/sk\/wp-json\/wp\/v2\/media\/148788"}],"wp:attachment":[{"href":"https:\/\/test.redpipi.com\/sk\/wp-json\/wp\/v2\/media?parent=148786"}],"wp:term":[{"taxonomy":"product_brand","embeddable":true,"href":"https:\/\/test.redpipi.com\/sk\/wp-json\/wp\/v2\/product_brand?post=148786"},{"taxonomy":"product_cat","embeddable":true,"href":"https:\/\/test.redpipi.com\/sk\/wp-json\/wp\/v2\/product_cat?post=148786"},{"taxonomy":"product_tag","embeddable":true,"href":"https:\/\/test.redpipi.com\/sk\/wp-json\/wp\/v2\/product_tag?post=148786"}],"curies":[{"name":"wp","href":"https:\/\/api.w.org\/{rel}","templated":true}]}}