{"id":148771,"date":"2025-10-14T10:57:01","date_gmt":"2025-10-14T09:57:01","guid":{"rendered":"https:\/\/test.redpipi.com\/?post_type=product&#038;p=148771"},"modified":"2025-12-08T13:49:28","modified_gmt":"2025-12-08T12:49:28","slug":"girly-dildo-kmg","status":"publish","type":"product","link":"https:\/\/test.redpipi.com\/sk\/produkt\/girly-dildo-kmg\/","title":{"rendered":"Diev\u010densk\u00e9 dildo KMG"},"content":{"rendered":"<p>Men\u0161ie a stredne ve\u013ek\u00e9 dildo v diev\u010densk\u00fdch farb\u00e1ch.<\/p>\n<p>Farby s\u00fa trval\u00e9 a nezmazate\u013en\u00e9<\/p>\n<p>Siln\u00e1 pr\u00edsavka<\/p>\n<p>&nbsp;<\/p>\n<h2>Varianty<\/h2>\n<p>A - srdcia d\u013a\u017eka 17,5 cm * priemer 3,6 cm nad pr\u00edsavkou, 213 g, <a href=\"https:\/\/test.redpipi.com\/sk\/sex-toys-materials\/\">tekut\u00fd silik\u00f3n<\/a>, obj. \u010d. DO-004-L Ru\u017eov\u00e1 farba srdca<\/p>\n<p>B - \"Fuck me\" d\u013a\u017eka 19,5 cm * priemer 4,2 cm nad pr\u00edsavkou, 265 g, s\u00e9riov\u00e9 \u010d\u00edslo DO-098-FUCK ME<\/p>\n<p>&nbsp;<\/p>\n<h2>Z testovania Redpipi<\/h2>\n<p>Pozit\u00edvne: pre TPR g\u00e9lov\u00fd materi\u00e1l st\u00e1le slu\u0161ne m\u00e4kk\u00fd. O nie\u010do lep\u0161ia m\u00e4kkos\u0165 ako \u0161tandard na trhu.<\/p>\n<p>Negat\u00edvum: Prieh\u013eadnos\u0165 po nieko\u013ek\u00fdch pou\u017eitiach a praniach vybledne, ale to je bohu\u017eia\u013e vlastnos\u0165 materi\u00e1lu, nie vada.<\/p>\n<h2>Technick\u00e9 vlastnosti<\/h2>\n<p class=\"western\" style=\"text-align: justify;\">Bez z\u00e1pachu<\/p>\n<p><span class=\"product-sku\"><a href=\"\/sk\/mekke-dilda-mekkost-dild\/\">tvrdos\u0165 vibr\u00e1tora:<\/a> 30 H0, stredne tvrd\u00fd \/trhov\u00fd \u0161tandard<\/span><\/p>\n<p class=\"western\" style=\"text-align: justify;\">(m\u00e4kk\u00e9), certifik\u00e1cia CE<\/p>\n<p>V\u00fdrobca: Kaomei, KMG<\/p>\n<h2>Pokyny<\/h2>\n<p>Pou\u017e\u00edvajte s g\u00e9lmi na b\u00e1ze vody. Uchov\u00e1vajte v plastovom vrecku, aby sa pred\u013a\u017eila ich trvanlivos\u0165.<\/p>","protected":false},"excerpt":{"rendered":"<p>Silik\u00f3nov\u00e9 a g\u00e9lov\u00e9 dildo v diev\u010densk\u00fdch farb\u00e1ch<\/p>","protected":false},"featured_media":148793,"comment_status":"open","ping_status":"closed","template":"","meta":[],"product_brand":[],"product_cat":[642],"product_tag":[],"class_list":{"0":"post-148771","1":"product","2":"type-product","3":"status-publish","4":"has-post-thumbnail","6":"product_cat-mekke-dilda","7":"pa_brand-kaomei-global","8":"pa_diametr-31-40mm","9":"pa_diametr-41-50mm","10":"pa_hardness-20-30hc","11":"pa_material-silicone","12":"pa_material-tpr","14":"first","15":"instock","16":"shipping-taxable","17":"purchasable","18":"product-type-variable"},"_links":{"self":[{"href":"https:\/\/test.redpipi.com\/sk\/wp-json\/wp\/v2\/product\/148771","targetHints":{"allow":["GET"]}}],"collection":[{"href":"https:\/\/test.redpipi.com\/sk\/wp-json\/wp\/v2\/product"}],"about":[{"href":"https:\/\/test.redpipi.com\/sk\/wp-json\/wp\/v2\/types\/product"}],"replies":[{"embeddable":true,"href":"https:\/\/test.redpipi.com\/sk\/wp-json\/wp\/v2\/comments?post=148771"}],"wp:featuredmedia":[{"embeddable":true,"href":"https:\/\/test.redpipi.com\/sk\/wp-json\/wp\/v2\/media\/148793"}],"wp:attachment":[{"href":"https:\/\/test.redpipi.com\/sk\/wp-json\/wp\/v2\/media?parent=148771"}],"wp:term":[{"taxonomy":"product_brand","embeddable":true,"href":"https:\/\/test.redpipi.com\/sk\/wp-json\/wp\/v2\/product_brand?post=148771"},{"taxonomy":"product_cat","embeddable":true,"href":"https:\/\/test.redpipi.com\/sk\/wp-json\/wp\/v2\/product_cat?post=148771"},{"taxonomy":"product_tag","embeddable":true,"href":"https:\/\/test.redpipi.com\/sk\/wp-json\/wp\/v2\/product_tag?post=148771"}],"curies":[{"name":"wp","href":"https:\/\/api.w.org\/{rel}","templated":true}]}}