{"id":148634,"date":"2025-10-31T08:44:06","date_gmt":"2025-10-31T07:44:06","guid":{"rendered":"https:\/\/test.redpipi.com\/?post_type=product&#038;p=148634"},"modified":"2026-04-21T21:11:56","modified_gmt":"2026-04-21T20:11:56","slug":"nafukovaci-strikaci-dildo-maniac","status":"publish","type":"product","link":"https:\/\/test.redpipi.com\/sk\/produkt\/nafukovaci-strikaci-dildo-maniac\/","title":{"rendered":"Maniac nafukovacie dildo v spreji 20 x 5 - 9,5 cm Faak 5014"},"content":{"rendered":"<p>Nafukovacie a striekacie dildo sa po naf\u00faknut\u00ed zv\u00e4\u010d\u0161\u00ed (pozri ni\u017e\u0161ie) a umo\u017en\u00ed v\u00e1m za\u017ei\u0165 pocit vystrelen\u00e9ho penisu do vag\u00edny, kone\u010dn\u00edka alebo \u00fast.<\/p>\n<p>video <a href=\"\/wp-content\/uploads\/2025\/09\/maniac-inflatable-squirt-dildo-CQZS501-4-Faak-12.mp4\">Nafukovacie a striekacie dildo Cesar<\/a> 3 MB<\/p>\n<p>&nbsp;<\/p>\n<h2>Testovanie nafukovacieho dilda<\/h2>\n<p>+ Infl\u00e1cia posiln\u00ed pocit submisivity u pou\u017e\u00edvate\u013ea a pocit dominancie u pozorovate\u013ea.<\/p>\n<p>+ Vn\u00fatorn\u00fa r\u00farku injekcie alebo iriga\u010dn\u00fd bal\u00f3nik mo\u017eno pou\u017ei\u0165 aj na jednoduch\u00e9 striekanie vody, lubrikantu alebo inej tekutiny cez vibr\u00e1tor.<\/p>\n<p>+ Bl\u00edzko k ide\u00e1lnej m\u00e4kkosti.<\/p>\n<p>+ Hadica sa nezamot\u00e1va a je tie\u017e m\u00e4kk\u00e1. Dlh\u0161ie vydr\u017e\u00ed.<\/p>\n<p>+ Novinka pre rok 2025. Realistick\u00e9 nafukovacie striekacie dildo na trhu.<\/p>\n<p>- Vibr\u00e1tor sa naf\u00fakne len v spodnej \u010dasti nad semenn\u00edkmi. Pri nafukovan\u00ed m\u00e1 tendenciu vyk\u013aznu\u0165 a mus\u00ed by\u0165 \u00faplne zasunut\u00fd a na za\u010diatku nafukovania dokonca prednaf\u00faknut\u00fd, aby sa udr\u017eal vo vag\u00edne alebo v kone\u010dn\u00edku.<\/p>\n<p>-Vysok\u00e1 cena.<\/p>\n<p><strong>Z\u00e1ver:<\/strong> \u0160pi\u010dkov\u00e9 multifunk\u010dn\u00e9 nafukovacie striekacie dildo. Vysok\u00e1 cena v\u0161ak pod\u013ea n\u00e1\u0161ho n\u00e1zoru \u00faplne nezodpoved\u00e1 pridanej hodnote.<\/p>\n<p>&nbsp;<\/p>\n<h2>Technick\u00e9 vlastnosti a v\u00fdrobca:<\/h2>\n<p>Rozmery: 20 cm x 5 cm, priemer 9 cm po naf\u00faknut\u00ed<\/p>\n<p><a href=\"\/sk\/mekke-dilda-mekkost-dild\/\">m\u00e4kkos\u0165 dilda<\/a>: 12 Ho (%), ide\u00e1lny - s\u0165ahuje a roz\u0165ahuje sa v tele a z\u00e1rove\u0148 mas\u00edruje vn\u00fatorn\u00e9 tkaniv\u00e1<\/p>\n<p>Materi\u00e1l: <a href=\"https:\/\/test.redpipi.com\/sk\/sex-toys-materials\/\">tekut\u00fd silik\u00f3n<\/a><\/p>\n<p>Hmotnos\u0165: 635 g<\/p>\n<p>V\u00fdrobca: Faak CE certifik\u00e1cia, s\u00e9riov\u00e9 \u010d\u00edslo ADLCQZS501 4<\/p>\n<p>&nbsp;<\/p>\n<h2>Farby<\/h2>\n<p>Plnofarebn\u00fd silik\u00f3n. Nejde o povrchov\u00fa ma\u013ebu. Farba sa ned\u00e1 zmy\u0165 ani zotrie\u0165. Farby s\u00fa s\u00fdte, vern\u00e9. Rozlo\u017eenie a pomer farieb sa m\u00f4\u017ee mierne l\u00ed\u0161i\u0165.<\/p>\n<p>&nbsp;<\/p>\n<h2>Pokyny<\/h2>\n<p>Oto\u010dte ventil do\u013eava. Naf\u00faknite. Maxim\u00e1lne 15 naf\u00faknut\u00ed. Obmedzte, ak m\u00e1te pocit, \u017ee sa bal\u00f3nik u\u017e nenafukuje. Oto\u010den\u00edm ventilu doprava bal\u00f3nik vypustite.<\/p>\n<p>Ak pou\u017e\u00edvate in\u00fa kvapalinu ako vodu, po pou\u017eit\u00ed hadicu s kvapalinou riadne prepl\u00e1chnite vodou.<\/p>","protected":false},"excerpt":{"rendered":"<p>\u0160pi\u010dkov\u00e9 multifunk\u010dn\u00e9 nafukovacie striekacie dildo.<\/p>","protected":false},"featured_media":148636,"comment_status":"open","ping_status":"closed","template":"","meta":[],"product_brand":[],"product_cat":[642],"product_tag":[],"class_list":{"0":"post-148634","1":"product","2":"type-product","3":"status-publish","4":"has-post-thumbnail","6":"product_cat-mekke-dilda","7":"pa_brand-faak","8":"pa_diametr-51-60mm","9":"pa_diametr-61-120mm","10":"pa_hardness-mekke-jako-sval-10-20hc","11":"pa_material-silicone-liquid","12":"pa_special-5y-warranty","13":"pa_special-jine","14":"pa_special-waterresist","16":"first","17":"instock","18":"shipping-taxable","19":"purchasable","20":"product-type-simple"},"_links":{"self":[{"href":"https:\/\/test.redpipi.com\/sk\/wp-json\/wp\/v2\/product\/148634","targetHints":{"allow":["GET"]}}],"collection":[{"href":"https:\/\/test.redpipi.com\/sk\/wp-json\/wp\/v2\/product"}],"about":[{"href":"https:\/\/test.redpipi.com\/sk\/wp-json\/wp\/v2\/types\/product"}],"replies":[{"embeddable":true,"href":"https:\/\/test.redpipi.com\/sk\/wp-json\/wp\/v2\/comments?post=148634"}],"wp:featuredmedia":[{"embeddable":true,"href":"https:\/\/test.redpipi.com\/sk\/wp-json\/wp\/v2\/media\/148636"}],"wp:attachment":[{"href":"https:\/\/test.redpipi.com\/sk\/wp-json\/wp\/v2\/media?parent=148634"}],"wp:term":[{"taxonomy":"product_brand","embeddable":true,"href":"https:\/\/test.redpipi.com\/sk\/wp-json\/wp\/v2\/product_brand?post=148634"},{"taxonomy":"product_cat","embeddable":true,"href":"https:\/\/test.redpipi.com\/sk\/wp-json\/wp\/v2\/product_cat?post=148634"},{"taxonomy":"product_tag","embeddable":true,"href":"https:\/\/test.redpipi.com\/sk\/wp-json\/wp\/v2\/product_tag?post=148634"}],"curies":[{"name":"wp","href":"https:\/\/api.w.org\/{rel}","templated":true}]}}