{"id":148606,"date":"2025-10-30T10:44:03","date_gmt":"2025-10-30T09:44:03","guid":{"rendered":"https:\/\/test.redpipi.com\/?post_type=product&#038;p=148606"},"modified":"2026-04-21T21:11:28","modified_gmt":"2026-04-21T20:11:28","slug":"dildo-velke-chapadlo","status":"publish","type":"product","link":"https:\/\/test.redpipi.com\/sk\/produkt\/dildo-velke-chapadlo\/","title":{"rendered":"Dildo Ve\u013ek\u00e9 ch\u00e1padlo"},"content":{"rendered":"<p>Dildo a an\u00e1lny kol\u00edk v tvare macka<\/p>\n<p>Z\u00e1ruka 5 rokov<\/p>\n<p>&nbsp;<\/p>\n<h2>Testovanie dlh\u00e9ho tykadla pre vag\u00ednu alebo an\u00e1l<\/h2>\n<p>+ Intenz\u00edvne postupn\u00e9 na\u0165ahovanie (vo v\u00e4\u010d\u0161\u00edch ve\u013ekostiach a\u017e do \u00farovne p\u00e4ste)<\/p>\n<p>+ Intenz\u00edvna h\u013abka<\/p>\n<p>+ Pr\u00edsavky jemne mas\u00edruj\u00fa<\/p>\n<p>+ Dizajn<\/p>\n<p>+ v na\u0161ej vlastnej m\u00e4kkosti je to naozaj dobr\u00e9<\/p>\n<p>&nbsp;<\/p>\n<h2>Varianty<\/h2>\n<p>S - 28 cm x 3,6 cm, hmotnos\u0165: 170 g<\/p>\n<p>M - 35 cm x 4,7 cm, hmotnos\u0165: 335 g<\/p>\n<p>D - 45 cm x 5,7 cm, hmotnos\u0165: 695 g<\/p>\n<p>XL - 55 cm x 6,5 cm, hmotnos\u0165: 1067 g<\/p>\n<p>XXL - 63 cm x 7,9 cm, hmotnos\u0165: 1757 g<\/p>\n<p>&nbsp;<\/p>\n<h2>Technick\u00e9 vlastnosti<strong><br \/>\n<\/strong><\/h2>\n<p>materi\u00e1l: vysoko elastick\u00fd m\u00e4kk\u00fd <a href=\"https:\/\/test.redpipi.com\/sk\/sex-toys-materials\/\">tekut\u00fd silik\u00f3n<\/a><\/p>\n<p><a href=\"https:\/\/test.redpipi.com\/sk\/proper-sex-toy\/\">ide\u00e1lna m\u00e4kkos\u0165<\/a>: 7 HC (%) - p\u00f4sob\u00ed ako \u013eudsk\u00e9 tkanivo v tele (m\u00e4kkos\u0165 je na mieru - 1\/3 trhu a \u0161tandard v\u00fdrobcu)<\/p>\n<p>v\u00fdrobca Faak, certifik\u00e1t CE, s\u00e9riov\u00e9 \u010d. PWS 2155<\/p>\n<p>&nbsp;<\/p>\n<h2>Farby<\/h2>\n<p>Plnofarebn\u00fd silik\u00f3n. Nejde o povrchov\u00fa farbu. Farba sa ned\u00e1 zmy\u0165 ani zotrie\u0165. Farby s\u00fa s\u00fdte, vern\u00e9 obrazu.<\/p>","protected":false},"excerpt":{"rendered":"<p>Dildo a an\u00e1lny kol\u00edk v tvare macka<\/p>","protected":false},"featured_media":148612,"comment_status":"open","ping_status":"closed","template":"","meta":[],"product_brand":[],"product_cat":[25,267,643],"product_tag":[],"class_list":{"0":"post-148606","1":"product","2":"type-product","3":"status-publish","4":"has-post-thumbnail","6":"product_cat-analni-koliky","7":"product_cat-redpipi-design","8":"product_cat-zvireci-fantasy-dilda","9":"pa_brand-faak","10":"pa_diametr-31-40mm","11":"pa_diametr-41-50mm","12":"pa_diametr-51-60mm","13":"pa_diametr-61-120mm","14":"pa_hardness-mekke-ideal-5-10hc","15":"pa_material-silicone-liquid","16":"pa_size-l","17":"pa_size-m","18":"pa_size-s","19":"pa_size-xl","20":"pa_size-xxl","22":"first","23":"instock","24":"shipping-taxable","25":"purchasable","26":"product-type-variable"},"_links":{"self":[{"href":"https:\/\/test.redpipi.com\/sk\/wp-json\/wp\/v2\/product\/148606","targetHints":{"allow":["GET"]}}],"collection":[{"href":"https:\/\/test.redpipi.com\/sk\/wp-json\/wp\/v2\/product"}],"about":[{"href":"https:\/\/test.redpipi.com\/sk\/wp-json\/wp\/v2\/types\/product"}],"replies":[{"embeddable":true,"href":"https:\/\/test.redpipi.com\/sk\/wp-json\/wp\/v2\/comments?post=148606"}],"wp:featuredmedia":[{"embeddable":true,"href":"https:\/\/test.redpipi.com\/sk\/wp-json\/wp\/v2\/media\/148612"}],"wp:attachment":[{"href":"https:\/\/test.redpipi.com\/sk\/wp-json\/wp\/v2\/media?parent=148606"}],"wp:term":[{"taxonomy":"product_brand","embeddable":true,"href":"https:\/\/test.redpipi.com\/sk\/wp-json\/wp\/v2\/product_brand?post=148606"},{"taxonomy":"product_cat","embeddable":true,"href":"https:\/\/test.redpipi.com\/sk\/wp-json\/wp\/v2\/product_cat?post=148606"},{"taxonomy":"product_tag","embeddable":true,"href":"https:\/\/test.redpipi.com\/sk\/wp-json\/wp\/v2\/product_tag?post=148606"}],"curies":[{"name":"wp","href":"https:\/\/api.w.org\/{rel}","templated":true}]}}