{"id":148602,"date":"2025-10-31T10:18:20","date_gmt":"2025-10-31T09:18:20","guid":{"rendered":"https:\/\/test.redpipi.com\/?post_type=product&#038;p=148602"},"modified":"2026-04-18T12:26:00","modified_gmt":"2026-04-18T11:26:00","slug":"dusici-roubik-realisticky-penis","status":"publish","type":"product","link":"https:\/\/test.redpipi.com\/sk\/produkt\/dusici-roubik-realisticky-penis\/","title":{"rendered":"Dusiaci roub\u00edk realistick\u00fd penis"},"content":{"rendered":"<p>Dusiaci roub\u00edk v tvare realistick\u00e9ho penisu<\/p>\n<p>Mo\u017eno pou\u017ei\u0165 aj do vag\u00edny alebo ako an\u00e1lny kol\u00edk<\/p>\n<p>Pre v\u0161etky ve\u013ekosti hlavy<\/p>\n<p>&nbsp;<\/p>\n<h2>Z testovania Redpipi<\/h2>\n<p>+ Naozaj mas\u00edvne a intenz\u00edvne<\/p>\n<p>+ Okam\u017eite vyvol\u00e1va d\u00e1viv\u00fd reflex, dusenie a paniku. Skuto\u010dne len pre ve\u013emi otrl\u00fdch a tr\u00e9novan\u00fdch, ktor\u00ed zvl\u00e1dnu hlbok\u00e9 hrdlo!<\/p>\n<p>+ Vizu\u00e1lne a realistick\u00e9 farby<\/p>\n<p>+ V porovnan\u00ed s be\u017en\u00fdmi silik\u00f3nov\u00fdmi roub\u00edkmi je tento m\u00e4kk\u00fd realistick\u00fd materi\u00e1l pohodlnej\u0161\u00ed<\/p>\n<p>+ Novinka 10\/2025 Na trhu e\u0161te nebol m\u00e4kk\u00fd a realistick\u00fd dusiaci roub\u00edk<\/p>\n<p>+Opasok je vyroben\u00fd z kvalitnej umelej ko\u017ee a zap\u00ednanie na cvo\u010dky je r\u00fdchle a pru\u017en\u00e9.<\/p>\n<p>&nbsp;<\/p>\n<p><strong>Tipy:<\/strong> Paradoxne, mnoh\u00fdm sa bude pravdepodobne \u013eah\u0161ie d\u00fdcha\u0165 \u00fastami ako nosom.<\/p>\n<p>Ak je pre v\u00e1s pr\u00edli\u0161 ve\u013ek\u00fd, sk\u00faste ho odstrihn\u00fa\u0165 no\u017enicami. Znehodnot\u00edte t\u00fdm s\u00edce vizu\u00e1lnu str\u00e1nku, ale bude sa da\u0165 pou\u017ei\u0165.<\/p>\n<p>Pri opakovanom nasaden\u00ed v pokoji sa u\u017e mohol uvo\u013eni\u0165, ale nie utiahnu\u0165. Chcete to vysk\u00fa\u0161a\u0165 postupne, na kr\u00e1tky \u010das a v pokoji.<\/p>\n<p>&nbsp;<\/p>\n<p><strong>Z\u00e1ver:<\/strong> Intenz\u00edvne, ale len pre t\u00fdch, ktor\u00ed chc\u00fa tr\u00e9nova\u0165 postupne alebo pre t\u00fdch, ktor\u00ed dok\u00e1\u017eu deep throat. Be\u017en\u00ed \u013eudia ho bud\u00fa m\u00f4c\u0165 realizova\u0165 len \u010diasto\u010dne a nebude ich zav\u00e4zova\u0165.<\/p>\n<p>&nbsp;<\/p>\n<h2>Varianty<\/h2>\n<p>Typ 1 v\u013eavo, d\u013a\u017eka 13 * priemer 5,3 cm, hmotnos\u0165 310 g, obj. \u010d. S8605-K<\/p>\n<p>Typ 2 prav\u00fd, d\u013a\u017eka 14,7 * priemer 5,3 cm a 5,4 cm (spredu dozadu), hmotnos\u0165 380 g, obj. \u010d. S8609-K<\/p>\n<p>&nbsp;<\/p>\n<h2>Technick\u00e9 vlastnosti<strong><br \/>\n<\/strong><\/h2>\n<p>Materi\u00e1l: <a href=\"https:\/\/test.redpipi.com\/sk\/sex-toys-materials\/\">tekut\u00fd silik\u00f3n<\/a><\/p>\n<p><a href=\"https:\/\/test.redpipi.com\/sk\/mekke-dilda-mekkost-dild\/\">ide\u00e1lna m\u00e4kkos\u0165<\/a>: 19 H0 (%) - v tele sa spr\u00e1va ako \u013eudsk\u00e9 tkanivo<\/p>\n<p>v\u00fdrobca Faak, CE certifik\u00e1t<\/p>\n<p>&nbsp;<\/p>\n<h2>Farby<\/h2>\n<p>Plnofarebn\u00fd silik\u00f3n. Nejde o povrchov\u00fa farbu. Farba sa ned\u00e1 zmy\u0165 ani zotrie\u0165. Farby s\u00fa s\u00fdte, vern\u00e9 obrazu.<\/p>\n<p>&nbsp;<\/p>\n<h2>Pokyny<\/h2>\n<p>Nepou\u017e\u00edvajte ako d\u00e1vidlo u os\u00f4b so zn\u00ed\u017eenou schopnos\u0165ou d\u00fdchania (trvalou alebo v d\u00f4sledku ochorenia d\u00fdchac\u00edch ciest). Nenech\u00e1vajte osobu bez dozoru. Existuje riziko udusenia. Re\u0161pektujte <a href=\"https:\/\/test.redpipi.com\/sk\/bondage-tips\/\">Lekcie pre bezpe\u010dnos\u0165 v sexu\u00e1lnych hr\u00e1ch BDSM<\/a>.<\/p>\n<p>Nedotahujte \u00faplne! D\u00e1vidlo utlm\u00ed d\u00fdchanie \u00fastami a nosom.<\/p>\n<p>Silik\u00f3n mo\u017eno bezpe\u010dne sterilizova\u0165 varen\u00edm. Sta\u010d\u00ed v\u0161ak be\u017en\u00e9 um\u00fdvanie. M\u00f4\u017eu sa pou\u017e\u00edva\u0165 v\u0161etky druhy maz\u00edv.<\/p>","protected":false},"excerpt":{"rendered":"<p>Mas\u00edvny \u0161krtiaci roub\u00edk v tvare realistick\u00e9ho penisu<\/p>","protected":false},"featured_media":148605,"comment_status":"open","ping_status":"closed","template":"","meta":[],"product_brand":[],"product_cat":[642,305],"product_tag":[],"class_list":{"0":"post-148602","1":"product","2":"type-product","3":"status-publish","4":"has-post-thumbnail","6":"product_cat-mekke-dilda","7":"product_cat-roubiky","8":"pa_brand-faak","9":"pa_diametr-41-50mm","10":"pa_diametr-51-60mm","11":"pa_hardness-mekke-jako-sval-10-20hc","12":"pa_material-silicone-liquid","14":"first","15":"instock","16":"shipping-taxable","17":"purchasable","18":"product-type-variable"},"_links":{"self":[{"href":"https:\/\/test.redpipi.com\/sk\/wp-json\/wp\/v2\/product\/148602","targetHints":{"allow":["GET"]}}],"collection":[{"href":"https:\/\/test.redpipi.com\/sk\/wp-json\/wp\/v2\/product"}],"about":[{"href":"https:\/\/test.redpipi.com\/sk\/wp-json\/wp\/v2\/types\/product"}],"replies":[{"embeddable":true,"href":"https:\/\/test.redpipi.com\/sk\/wp-json\/wp\/v2\/comments?post=148602"}],"wp:featuredmedia":[{"embeddable":true,"href":"https:\/\/test.redpipi.com\/sk\/wp-json\/wp\/v2\/media\/148605"}],"wp:attachment":[{"href":"https:\/\/test.redpipi.com\/sk\/wp-json\/wp\/v2\/media?parent=148602"}],"wp:term":[{"taxonomy":"product_brand","embeddable":true,"href":"https:\/\/test.redpipi.com\/sk\/wp-json\/wp\/v2\/product_brand?post=148602"},{"taxonomy":"product_cat","embeddable":true,"href":"https:\/\/test.redpipi.com\/sk\/wp-json\/wp\/v2\/product_cat?post=148602"},{"taxonomy":"product_tag","embeddable":true,"href":"https:\/\/test.redpipi.com\/sk\/wp-json\/wp\/v2\/product_tag?post=148602"}],"curies":[{"name":"wp","href":"https:\/\/api.w.org\/{rel}","templated":true}]}}