{"id":148587,"date":"2025-10-30T18:53:13","date_gmt":"2025-10-30T17:53:13","guid":{"rendered":"https:\/\/test.redpipi.com\/?post_type=product&#038;p=148587"},"modified":"2026-04-21T11:04:49","modified_gmt":"2026-04-21T10:04:49","slug":"egg-dildo-faak","status":"publish","type":"product","link":"https:\/\/test.redpipi.com\/sk\/produkt\/egg-dildo-faak\/","title":{"rendered":"Vaje\u010dn\u00e9 dildo Faak 20*5,5 cm"},"content":{"rendered":"<p>Vaj\u00ed\u010dkov\u00fd vibr\u00e1tor kladie vaj\u00ed\u010dka v\u00fdlu\u010dne do \u017eiv\u00fdch \u013eudsk\u00fdch organizmov, na ktor\u00fdch potom parazituje, k\u00fdm sa vaj\u00ed\u010dka nevyliahnu :).<\/p>\n<p>T\u00e1 na trhu u\u017e dlho ch\u00fdbala.<\/p>\n<h2>Testovanie vibr\u00e1tora na zn\u00e1\u0161anie vaj\u00ed\u010dok<\/h2>\n<p>+ Tlak postupne vytla\u010d\u00ed v\u0161etky vajcia<\/p>\n<p>+ Ve\u013emi flexibiln\u00e1 sexu\u00e1lna hra\u010dka<\/p>\n<p>+ Zauj\u00edmav\u00e9 origin\u00e1lne sk\u00fasenosti<\/p>\n<p>+ Kvalitn\u00fd kovov\u00fd ventil nete\u010die<\/p>\n<p>+ Hadicu mo\u017eno \u013eahko pred\u013a\u017ei\u0165<\/p>\n<p>+ Kr\u00e1sny dizajn a farby koralov alebo sasanky<\/p>\n<p>&nbsp;<\/p>\n<p><strong>Tip: <\/strong>Pred vlo\u017een\u00edm odpor\u00fa\u010dame vaj\u00ed\u010dko alebo penis namaza\u0165. Bez lubrikantu bude vaj\u00ed\u010dko vyskakova\u0165 o nie\u010do viac.<\/p>\n<p>&nbsp;<\/p>\n<h2>Technick\u00e9 vlastnosti<strong><br \/>\n<\/strong><\/h2>\n<p>d\u013a\u017eka 20 cm, priemer \u017ealu\u010fa 4,3 cm, priemer ruky 5,7 cm<\/p>\n<p>vajce 3,8 * 3,2 cm<\/p>\n<p>Materi\u00e1l: <a href=\"https:\/\/test.redpipi.com\/sk\/sex-toys-materials\/\">tekut\u00fd silik\u00f3n<\/a><\/p>\n<p><a href=\"https:\/\/test.redpipi.com\/sk\/mekke-dilda-mekkost-dild\/\">m\u00e4kkos\u0165<\/a>: ide\u00e1lne 16 HC (%), ale subjekt\u00edvne m\u00e4k\u0161ie kv\u00f4li dutosti<\/p>\n<p>V\u00fdrobca Faak, certifik\u00e1t CE, s\u00e9riov\u00e9 \u010d\u00edslo wn1133- QDOR-R2<\/p>\n<p>Hmotnos\u0165: 425 g vibr\u00e1tora a 125 g vaj\u00ed\u010dka<\/p>\n<h2>Farby<\/h2>\n<p>Plnofarebn\u00fd silik\u00f3n. Nejde o povrchov\u00fa farbu. Farba sa ned\u00e1 zmy\u0165 ani zotrie\u0165. Farby s\u00fa s\u00fdte, vern\u00e9 obrazu.<\/p>\n<h2>Pokyny<\/h2>\n<p>Ventil sa zatv\u00e1ra v smere hodinov\u00fdch ru\u010di\u010diek (uvo\u013e\u0148uje sa v opa\u010dnom smere) a potom sa m\u00f4\u017ee naf\u00faknu\u0165.<\/p>","protected":false},"excerpt":{"rendered":"<p>Dildo zn\u00e1\u0161aj\u00face vaj\u00ed\u010dka do vag\u00edny alebo kone\u010dn\u00edka a 5 vaj\u00ed\u010dok<\/p>","protected":false},"featured_media":148589,"comment_status":"open","ping_status":"closed","template":"","meta":[],"product_brand":[],"product_cat":[25,642,643],"product_tag":[],"class_list":{"0":"post-148587","1":"product","2":"type-product","3":"status-publish","4":"has-post-thumbnail","6":"product_cat-analni-koliky","7":"product_cat-mekke-dilda","8":"product_cat-zvireci-fantasy-dilda","9":"pa_brand-faak","10":"pa_diametr-41-50mm","11":"pa_diametr-61-120mm","12":"pa_hardness-mekke-ideal-5-10hc","13":"pa_material-silicone-liquid","14":"pa_special-jine","16":"first","17":"instock","18":"shipping-taxable","19":"purchasable","20":"product-type-simple"},"_links":{"self":[{"href":"https:\/\/test.redpipi.com\/sk\/wp-json\/wp\/v2\/product\/148587","targetHints":{"allow":["GET"]}}],"collection":[{"href":"https:\/\/test.redpipi.com\/sk\/wp-json\/wp\/v2\/product"}],"about":[{"href":"https:\/\/test.redpipi.com\/sk\/wp-json\/wp\/v2\/types\/product"}],"replies":[{"embeddable":true,"href":"https:\/\/test.redpipi.com\/sk\/wp-json\/wp\/v2\/comments?post=148587"}],"wp:featuredmedia":[{"embeddable":true,"href":"https:\/\/test.redpipi.com\/sk\/wp-json\/wp\/v2\/media\/148589"}],"wp:attachment":[{"href":"https:\/\/test.redpipi.com\/sk\/wp-json\/wp\/v2\/media?parent=148587"}],"wp:term":[{"taxonomy":"product_brand","embeddable":true,"href":"https:\/\/test.redpipi.com\/sk\/wp-json\/wp\/v2\/product_brand?post=148587"},{"taxonomy":"product_cat","embeddable":true,"href":"https:\/\/test.redpipi.com\/sk\/wp-json\/wp\/v2\/product_cat?post=148587"},{"taxonomy":"product_tag","embeddable":true,"href":"https:\/\/test.redpipi.com\/sk\/wp-json\/wp\/v2\/product_tag?post=148587"}],"curies":[{"name":"wp","href":"https:\/\/api.w.org\/{rel}","templated":true}]}}