{"id":148569,"date":"2024-11-03T10:18:34","date_gmt":"2024-11-03T09:18:34","guid":{"rendered":"https:\/\/test.redpipi.com\/?post_type=product&#038;p=148569"},"modified":"2026-01-30T19:49:14","modified_gmt":"2026-01-30T18:49:14","slug":"longer-cock-penis-nastavec-otevreny-zalud-faak-5021","status":"publish","type":"product","link":"https:\/\/test.redpipi.com\/sk\/produkt\/longer-cock-penis-nastavec-otevreny-zalud-faak-5021\/","title":{"rendered":"Dlh\u0161\u00ed n\u00e1stavec na penis otvoren\u00fd \u017ealu\u010f Faak 5021XL 18* 5,8 cm"},"content":{"rendered":"<p>Realistick\u00fd n\u00e1stavec na penis s odhalen\u00fdm \u017ealu\u010fom.<\/p>\n<p>Umo\u017e\u0148uje intenz\u00edvne na\u0165ahovanie pri zachovan\u00ed plnej citlivosti.<\/p>\n<p>Ve\u013ekos\u0165 Uni: \u013eahko sa zmest\u00ed na 5 cm hrub\u00fd penis alebo silnej\u0161\u00ed a ak\u00e9ko\u013evek mu\u017esk\u00e9 semenn\u00edky.<\/p>\n<p><a href=\"\/wp-content\/uploads\/2025\/09\/penis-sleeve-OS-ADL5021-faak-all-sizes-video.mp4\">video Realistick\u00e9 penis extender dlh\u0161ie<\/a> 3 MB (ve\u013ekos\u0165 L je druh\u00e1 z\u013eava)<\/p>\n<p>&nbsp;<\/p>\n<h2>Z testovania Redpipi<\/h2>\n<p>+ Puzdro penisu funguje na rozdiel od mnoh\u00fdch in\u00fdch nielen ve\u013emi dobre, ale priam ide\u00e1lne. Vag\u00ednu roztiahne tak, \u017ee zostane otvoren\u00e1 aj po sexe. Pokia\u013e do vag\u00edny n\u00e1sledne vlo\u017e\u00edte penis bez puzdra, c\u00edtite ako sa okolo neho pr\u00edjemne preva\u013euje uvo\u013enen\u00e9 tkanivo vag\u00edny.<\/p>\n<p>+ Otvoren\u00e1 horn\u00e1 \u010das\u0165 nech\u00e1va \u017ealu\u010f penisu odhalen\u00fd - vo\u013en\u00fd. T\u00fdm sa zachov\u00e1va takmer \u00fapln\u00e1 citlivos\u0165 penisu a umo\u017e\u0148uje sa nasadi\u0165 aj na neobmedzene dlh\u00e9 penisy.<\/p>\n<p>+ Realistick\u00fd a praktick\u00fd dizajn. Ke\u010f sa po\u010das sexu pozer\u00e1te na mu\u017esk\u00fd penis v nadstavci, prirodzene sa s n\u00edm sp\u00e1ja vizu\u00e1lne aj zakriven\u00edm.<\/p>\n<p>+ Dobr\u00e9 pre prirodzen\u00fd tr\u00e9ning pred p\u00f4rodom.<\/p>\n<p>+ P\u00e1sik na semenn\u00edky dr\u017e\u00ed penis pekne pri tele.<\/p>\n<p>&nbsp;<\/p>\n<p><strong>Z\u00e1ver:<\/strong> Naozaj pevn\u00e9 a na rozdiel od in\u00fdch ve\u013ek\u00fdch kvalitn\u00fdch puzdier dostato\u010dne m\u00e4kk\u00e9 s dobr\u00fdm dizajnom. Toto puzdro sa v\u00e1m bude p\u00e1\u010di\u0165.<\/p>\n<p>&nbsp;<\/p>\n<h2><strong>Pokyny<\/strong><\/h2>\n<p>Pred pou\u017eit\u00edm n\u00e1stavce v\u017edy dobre nama\u017ete zvonku aj zvn\u00fatra. P\u00e1sik na semenn\u00edky nenech\u00e1vajte nasaden\u00fd dlh\u0161ie ako nieko\u013eko desiatok min\u00fat a v pr\u00edpade bolesti alebo znecitlivenia ho okam\u017eite odstr\u00e1\u0148te.<\/p>\n<p>&nbsp;<\/p>\n<h2>Technick\u00e9 vlastnosti<strong><br \/>\n<\/strong><\/h2>\n<p>18* 5,8 cm, vn\u00fatorn\u00fd priemer 2,8 cm, vn\u00fatorn\u00fd priemer mo\u017eno roz\u0161\u00edri\u0165 a\u017e na 6 cm, (variant XL, prv\u00fd z\u013eava), obj. \u010d. ADL5021XL<\/p>\n<p>materi\u00e1l: vysoko elastick\u00fd m\u00e4kk\u00fd <a href=\"https:\/\/test.redpipi.com\/sk\/sex-toys-materials\/\">tekut\u00fd silik\u00f3n<\/a><\/p>\n<p><a href=\"https:\/\/test.redpipi.com\/sk\/mekke-dilda-mekkost-dild\/\">ide\u00e1lna tvrdos\u0165<\/a>: 7 H0 (%) - v tele sa spr\u00e1va ako \u013eudsk\u00e9 tkanivo<\/p>\n<p>hmotnos\u0165: 325 g<\/p>\n<p>v\u00fdrobca Faak, CE certifik\u00e1t<\/p>\n<p>&nbsp;<\/p>\n<h2>Farby<\/h2>\n<p>Plnofarebn\u00fd silik\u00f3n. Nejde o povrchov\u00fa farbu. Farba sa ned\u00e1 zmy\u0165 ani zotrie\u0165. Farby s\u00fa s\u00fdte, vern\u00e9 obrazu.<\/p>","protected":false},"excerpt":{"rendered":"<p>Realistick\u00e9 pred\u013a\u017eenie dlh\u00e9ho penisu s otvoren\u00fdm \u017ealu\u010fom<\/p>","protected":false},"featured_media":148585,"comment_status":"open","ping_status":"closed","template":"","meta":[],"product_brand":[],"product_cat":[55,107],"product_tag":[],"class_list":{"0":"post-148569","1":"product","2":"type-product","3":"status-publish","4":"has-post-thumbnail","6":"product_cat-erekcni-krouky","7":"product_cat-penis-nastavce","8":"pa_brand-faak","9":"pa_diametr-51-60mm","10":"pa_hardness-mekke-ideal-5-10hc","11":"pa_material-silicone-liquid","13":"first","14":"outofstock","15":"shipping-taxable","16":"purchasable","17":"product-type-simple"},"_links":{"self":[{"href":"https:\/\/test.redpipi.com\/sk\/wp-json\/wp\/v2\/product\/148569","targetHints":{"allow":["GET"]}}],"collection":[{"href":"https:\/\/test.redpipi.com\/sk\/wp-json\/wp\/v2\/product"}],"about":[{"href":"https:\/\/test.redpipi.com\/sk\/wp-json\/wp\/v2\/types\/product"}],"replies":[{"embeddable":true,"href":"https:\/\/test.redpipi.com\/sk\/wp-json\/wp\/v2\/comments?post=148569"}],"wp:featuredmedia":[{"embeddable":true,"href":"https:\/\/test.redpipi.com\/sk\/wp-json\/wp\/v2\/media\/148585"}],"wp:attachment":[{"href":"https:\/\/test.redpipi.com\/sk\/wp-json\/wp\/v2\/media?parent=148569"}],"wp:term":[{"taxonomy":"product_brand","embeddable":true,"href":"https:\/\/test.redpipi.com\/sk\/wp-json\/wp\/v2\/product_brand?post=148569"},{"taxonomy":"product_cat","embeddable":true,"href":"https:\/\/test.redpipi.com\/sk\/wp-json\/wp\/v2\/product_cat?post=148569"},{"taxonomy":"product_tag","embeddable":true,"href":"https:\/\/test.redpipi.com\/sk\/wp-json\/wp\/v2\/product_tag?post=148569"}],"curies":[{"name":"wp","href":"https:\/\/api.w.org\/{rel}","templated":true}]}}