{"id":148546,"date":"2024-10-30T10:03:08","date_gmt":"2024-10-30T09:03:08","guid":{"rendered":"https:\/\/test.redpipi.com\/?post_type=product&#038;p=148546"},"modified":"2026-01-30T19:50:56","modified_gmt":"2026-01-30T18:50:56","slug":"bigger-cock-realisticky-penis-nastavec-otevreny-zalud-faak","status":"publish","type":"product","link":"https:\/\/test.redpipi.com\/sk\/produkt\/bigger-cock-realisticky-penis-nastavec-otevreny-zalud-faak\/","title":{"rendered":"V\u00e4\u010d\u0161\u00ed penis Realistick\u00fd predl\u017eova\u010d penisu Otvoren\u00fd \u017ealu\u010f Faak 14,5*6,1 cm G1325M"},"content":{"rendered":"<p>Realistick\u00fd n\u00e1stavec na penis s odhalen\u00fdm \u017ealu\u010fom a predko\u017ekou.<\/p>\n<p>Umo\u017e\u0148uje intenz\u00edvne na\u0165ahovanie pri zachovan\u00ed plnej citlivosti.<\/p>\n<p>Ve\u013ekos\u0165 Uni: \u013eahko sa zmest\u00ed na 5 cm hrub\u00fd penis alebo silnej\u0161\u00ed a ak\u00e9ko\u013evek mu\u017esk\u00e9 semenn\u00edky.<\/p>\n<p><a href=\"\/wp-content\/uploads\/2025\/09\/penis-nastavec-G1325M.mp4\">video Realistick\u00fd Penis Extender v\u00e4\u010d\u0161\u00ed<\/a> 26 MB<\/p>\n<p>&nbsp;<\/p>\n<h2>Testovanie nadstavca penisu Bigger Cock<\/h2>\n<p>P\u00fazdro na penis funguje na rozdiel od mnoh\u00fdch in\u00fdch nielen ve\u013emi dobre, ale \u00faplne ide\u00e1lne. Roz\u0165ahuje kundi\u010dku tak, \u017ee zost\u00e1va otvoren\u00e1 aj po sexe. Ak n\u00e1sledne zasuniete penis bez n\u00e1vleku, m\u00f4\u017eete c\u00edti\u0165, ako sa okolo neho uvo\u013enen\u00e9 vagin\u00e1lne tkanivo pr\u00edjemne vln\u00ed.<\/p>\n<p>\u010co rob\u00ed tento penis extender jedine\u010dn\u00fdm?<\/p>\n<p>1. Otvoren\u00e1 horn\u00e1 \u010das\u0165 nech\u00e1va \u017ealu\u010f penisu odhalen\u00fd - vo\u013en\u00fd. To zachov\u00e1va takmer \u00fapln\u00fa citlivos\u0165 penisu a umo\u017e\u0148uje tie\u017e nasadenie aj neobmedzene dlh\u00fdch penisov.<\/p>\n<p>2. Najv\u00e4\u010d\u0161ie roz\u0161\u00edrenie je v strede. To znamen\u00e1, \u017ee naj\u0161ir\u0161ia \u010das\u0165 prenik\u00e1 dovn\u00fatra po\u0161vy, na rozdiel od mnoh\u00fdch podobn\u00fdch nadstavcov s pred\u013a\u017een\u00edm pri koreni. Vag\u00edna sa roz\u0161iruje a s\u0165ahuje okolo stredu, \u010do mas\u00edruje po\u0161vu a prin\u00e1\u0161a \u017eene pote\u0161enie. V kone\u010dnom d\u00f4sledku to pre \u017eenu znamen\u00e1 intenz\u00edvnej\u0161ie roz\u0165ahovanie a sex. N\u00e1sledne partnerka viac t\u00fa\u017ei po orgazme a fistingu. Naopak, be\u017en\u00e9 pred\u013a\u017eenie penisu s rovnakou \u0161\u00edrkou po celej d\u013a\u017eke m\u00f4\u017ee by\u0165 pre niektor\u00e9 \u017eeny nadmerne a\u017e bolestivo za\u0165a\u017euj\u00face. Alebo s\u00fa nedostato\u010dne siln\u00e9.<\/p>\n<p>3. Tu sa im podarilo vyv\u00e1\u017ei\u0165 ve\u013ek\u00fa hr\u00fabku, ktor\u00e1 st\u00e1le bez probl\u00e9mov prenik\u00e1 do vag\u00edny. Silnej\u0161\u00ed n\u00e1vlek by sa pod\u013ea na\u0161ich sk\u00fasenost\u00ed len vyvalil smerom von.<\/p>\n<p>Pekn\u00fd a praktick\u00fd dizajn. Ke\u010f sa po\u010das sexu pozriete na mu\u017esk\u00fd penis v nadstavci, prirodzene spl\u00fdva s nadstavcom vizu\u00e1lne aj zakriven\u00edm.<\/p>\n<p>Vhodn\u00e9 na prirodzen\u00fd tr\u00e9ning pred p\u00f4rodom.<\/p>\n<p>P\u00e1sik na semenn\u00edky dr\u017e\u00ed penis pekne pri tele.<\/p>\n<p>&nbsp;<\/p>\n<p>Z\u00e1ver: v\u00fdborn\u00fd<\/p>\n<p>&nbsp;<\/p>\n<h2><strong>Pokyny<\/strong><\/h2>\n<p>Pred pou\u017eit\u00edm n\u00e1stavce v\u017edy dobre nama\u017ete zvonku aj zvn\u00fatra. P\u00e1sik na semenn\u00edky nenech\u00e1vajte nasaden\u00fd dlh\u0161ie ako nieko\u013eko desiatok min\u00fat a v pr\u00edpade bolesti alebo znecitlivenia ho okam\u017eite odstr\u00e1\u0148te.<\/p>\n<p>&nbsp;<\/p>\n<h2>Technick\u00e9 vlastnosti<strong><br \/>\n<\/strong><\/h2>\n<p>14,5*6,1 cm, vn\u00fatorn\u00fd priemer 2,8 cm, vn\u00fatorn\u00fd priemer mo\u017eno roz\u0161\u00edri\u0165 a\u017e na 6 cm<\/p>\n<p>materi\u00e1l: vysoko elastick\u00fd m\u00e4kk\u00fd <a href=\"https:\/\/test.redpipi.com\/sk\/sex-toys-materials\/\">tekut\u00fd silik\u00f3n<\/a><\/p>\n<p><a href=\"https:\/\/test.redpipi.com\/sk\/mekke-dilda-mekkost-dild\/\">ide\u00e1lna tvrdos\u0165<\/a>: 7 H0 (%) - v tele sa spr\u00e1va ako \u013eudsk\u00e9 tkanivo<\/p>\n<p>hmotnos\u0165: 247 g<\/p>\n<p>v\u00fdrobca Faak, certifik\u00e1t CE, s\u00e9riov\u00e9 \u010d\u00edslo G1325M<\/p>\n<p>&nbsp;<\/p>\n<h2>Farby<\/h2>\n<p>Plnofarebn\u00fd silik\u00f3n. Nejde o povrchov\u00fa farbu. Farba sa ned\u00e1 zmy\u0165 ani zotrie\u0165. Farby s\u00fa s\u00fdte, vern\u00e9 obrazu.<\/p>","protected":false},"excerpt":{"rendered":"<p>Realistick\u00fd penis extender V\u00e4\u010d\u0161\u00ed otvoren\u00fd<\/p>","protected":false},"featured_media":148552,"comment_status":"open","ping_status":"closed","template":"","meta":[],"product_brand":[],"product_cat":[55,107],"product_tag":[],"class_list":{"0":"post-148546","1":"product","2":"type-product","3":"status-publish","4":"has-post-thumbnail","6":"product_cat-erekcni-krouky","7":"product_cat-penis-nastavce","8":"pa_brand-faak","9":"pa_diametr-41-50mm","10":"pa_diametr-61-120mm","11":"pa_hardness-mekke-ideal-5-10hc","12":"pa_material-silicone-liquid","14":"first","15":"outofstock","16":"shipping-taxable","17":"purchasable","18":"product-type-simple"},"_links":{"self":[{"href":"https:\/\/test.redpipi.com\/sk\/wp-json\/wp\/v2\/product\/148546","targetHints":{"allow":["GET"]}}],"collection":[{"href":"https:\/\/test.redpipi.com\/sk\/wp-json\/wp\/v2\/product"}],"about":[{"href":"https:\/\/test.redpipi.com\/sk\/wp-json\/wp\/v2\/types\/product"}],"replies":[{"embeddable":true,"href":"https:\/\/test.redpipi.com\/sk\/wp-json\/wp\/v2\/comments?post=148546"}],"wp:featuredmedia":[{"embeddable":true,"href":"https:\/\/test.redpipi.com\/sk\/wp-json\/wp\/v2\/media\/148552"}],"wp:attachment":[{"href":"https:\/\/test.redpipi.com\/sk\/wp-json\/wp\/v2\/media?parent=148546"}],"wp:term":[{"taxonomy":"product_brand","embeddable":true,"href":"https:\/\/test.redpipi.com\/sk\/wp-json\/wp\/v2\/product_brand?post=148546"},{"taxonomy":"product_cat","embeddable":true,"href":"https:\/\/test.redpipi.com\/sk\/wp-json\/wp\/v2\/product_cat?post=148546"},{"taxonomy":"product_tag","embeddable":true,"href":"https:\/\/test.redpipi.com\/sk\/wp-json\/wp\/v2\/product_tag?post=148546"}],"curies":[{"name":"wp","href":"https:\/\/api.w.org\/{rel}","templated":true}]}}