{"id":148536,"date":"2025-10-30T09:56:15","date_gmt":"2025-10-30T08:56:15","guid":{"rendered":"https:\/\/test.redpipi.com\/?post_type=product&#038;p=148536"},"modified":"2026-04-21T21:46:09","modified_gmt":"2026-04-21T20:46:09","slug":"realisticky-penis-nastavec-predkozka-otevreny-zalud-faak","status":"publish","type":"product","link":"https:\/\/test.redpipi.com\/sk\/produkt\/realisticky-penis-nastavec-predkozka-otevreny-zalud-faak\/","title":{"rendered":"Faak G1322M 14,8* 5,2 cm Realistick\u00fd predl\u017eova\u010d penisu s otvorenou predko\u017ekou"},"content":{"rendered":"<p>Realistick\u00fd n\u00e1stavec na penis s odhalen\u00fdm \u017ealu\u010fom a predko\u017ekou.<\/p>\n<p>Umo\u017e\u0148uje intenz\u00edvne na\u0165ahovanie pri zachovan\u00ed plnej citlivosti.<\/p>\n<p>Ve\u013ekos\u0165 Uni: \u013eahko sa zmest\u00ed na 5 cm hrub\u00fd penis alebo silnej\u0161\u00ed a ak\u00e9ko\u013evek mu\u017esk\u00e9 semenn\u00edky.<\/p>\n<p>video <a href=\"\/wp-content\/uploads\/2025\/09\/penis-sleeveFAAK-G1322M.mp4\">Realistick\u00fd predl\u017eova\u010d predko\u017eky penisu<\/a> 20 MB<\/p>\n<p>&nbsp;<\/p>\n<h2>Z testovania puzdra na penis Redpipi<\/h2>\n<p>P\u00fazdro na penis funguje na rozdiel od mnoh\u00fdch in\u00fdch nielen ve\u013emi dobre, ale \u00faplne ide\u00e1lne. Roz\u0165ahuje kundi\u010dku tak, \u017ee zost\u00e1va otvoren\u00e1 aj po sexe. Ak n\u00e1sledne zasuniete penis bez n\u00e1vleku, m\u00f4\u017eete c\u00edti\u0165, ako sa okolo neho uvo\u013enen\u00e9 vagin\u00e1lne tkanivo pr\u00edjemne vln\u00ed.<\/p>\n<p>\u010co rob\u00ed tento penis extender jedine\u010dn\u00fdm?<\/p>\n<p>Ponech\u00e1va otvoren\u00fd vrch - vo\u013en\u00fd \u017ealu\u010f penisu. T\u00fdm sa zachov\u00e1va takmer \u00fapln\u00e1 citlivos\u0165 penisu a umo\u017e\u0148uje sa nasadi\u0165 aj na neobmedzene dlh\u00e9 penisy.<\/p>\n<p>Pekn\u00fd a praktick\u00fd dizajn. Ke\u010f sa po\u010das sexu pozriete na mu\u017esk\u00fd penis v nadstavci, prirodzene spl\u00fdva s nadstavcom vizu\u00e1lne aj zakriven\u00edm.<\/p>\n<p>Vhodn\u00e9 na prirodzen\u00fd tr\u00e9ning pred p\u00f4rodom.<\/p>\n<p>P\u00e1sik na semenn\u00edky dr\u017e\u00ed penis pekne pri tele.<\/p>\n<p>Zauj\u00edmav\u00fd druh zvr\u00e1ten\u00e9ho dizajnu a tvaru star\u00e9ho mu\u017ea.<\/p>\n<p>&nbsp;<\/p>\n<p>Z\u00e1ver: n\u00e1vlek na penis je v ka\u017edom oh\u013eade skvel\u00fd.<\/p>\n<p>&nbsp;<\/p>\n<p>&nbsp;<\/p>\n<h2><strong>Pokyny<\/strong><\/h2>\n<p>Pred pou\u017eit\u00edm n\u00e1stavce v\u017edy dobre nama\u017ete zvonku aj zvn\u00fatra. P\u00e1sik na semenn\u00edky nenech\u00e1vajte nasaden\u00fd dlh\u0161ie ako nieko\u013eko desiatok min\u00fat a v pr\u00edpade bolesti alebo znecitlivenia ho okam\u017eite odstr\u00e1\u0148te.<\/p>\n<p>&nbsp;<\/p>\n<h2>Technick\u00e9 vlastnosti<strong><br \/>\n<\/strong><\/h2>\n<p>14,8*5,2 cm, vn\u00fatorn\u00fd priemer 3,2 cm, vn\u00fatorn\u00fd priemer mo\u017eno roz\u0161\u00edri\u0165 a\u017e na 6 cm<\/p>\n<p>materi\u00e1l: vysoko elastick\u00fd m\u00e4kk\u00fd <a href=\"https:\/\/test.redpipi.com\/sk\/sex-toys-materials\/\">tekut\u00fd silik\u00f3n<\/a><\/p>\n<p><a href=\"https:\/\/test.redpipi.com\/sk\/mekke-dilda-mekkost-dild\/\">ide\u00e1lna tvrdos\u0165<\/a>: 7 H0 (%) - v tele sa spr\u00e1va ako \u013eudsk\u00e9 tkanivo<\/p>\n<p>hmotnos\u0165: 193 g<\/p>\n<p>v\u00fdrobca Faak, certifik\u00e1t CE, s\u00e9riov\u00e9 \u010d\u00edslo G1322M<\/p>\n<p>&nbsp;<\/p>\n<h2>Farby<\/h2>\n<p>Plnofarebn\u00fd silik\u00f3n. Nejde o povrchov\u00fa farbu. Farba sa ned\u00e1 zmy\u0165 ani zotrie\u0165. Farby s\u00fa s\u00fdte, vern\u00e9 obrazu.<\/p>","protected":false},"excerpt":{"rendered":"<p>Realistick\u00fd n\u00e1stavec na penis s otvorenou predko\u017ekou<\/p>","protected":false},"featured_media":148539,"comment_status":"open","ping_status":"closed","template":"","meta":[],"product_brand":[],"product_cat":[55,107],"product_tag":[],"class_list":{"0":"post-148536","1":"product","2":"type-product","3":"status-publish","4":"has-post-thumbnail","6":"product_cat-erekcni-krouky","7":"product_cat-penis-nastavce","8":"pa_brand-faak","9":"pa_diametr-41-50mm","10":"pa_hardness-mekke-ideal-5-10hc","11":"pa_material-silicone-liquid","13":"first","14":"outofstock","15":"shipping-taxable","16":"purchasable","17":"product-type-simple"},"_links":{"self":[{"href":"https:\/\/test.redpipi.com\/sk\/wp-json\/wp\/v2\/product\/148536","targetHints":{"allow":["GET"]}}],"collection":[{"href":"https:\/\/test.redpipi.com\/sk\/wp-json\/wp\/v2\/product"}],"about":[{"href":"https:\/\/test.redpipi.com\/sk\/wp-json\/wp\/v2\/types\/product"}],"replies":[{"embeddable":true,"href":"https:\/\/test.redpipi.com\/sk\/wp-json\/wp\/v2\/comments?post=148536"}],"wp:featuredmedia":[{"embeddable":true,"href":"https:\/\/test.redpipi.com\/sk\/wp-json\/wp\/v2\/media\/148539"}],"wp:attachment":[{"href":"https:\/\/test.redpipi.com\/sk\/wp-json\/wp\/v2\/media?parent=148536"}],"wp:term":[{"taxonomy":"product_brand","embeddable":true,"href":"https:\/\/test.redpipi.com\/sk\/wp-json\/wp\/v2\/product_brand?post=148536"},{"taxonomy":"product_cat","embeddable":true,"href":"https:\/\/test.redpipi.com\/sk\/wp-json\/wp\/v2\/product_cat?post=148536"},{"taxonomy":"product_tag","embeddable":true,"href":"https:\/\/test.redpipi.com\/sk\/wp-json\/wp\/v2\/product_tag?post=148536"}],"curies":[{"name":"wp","href":"https:\/\/api.w.org\/{rel}","templated":true}]}}