{"id":21623,"date":"2022-03-19T11:59:28","date_gmt":"2022-03-19T10:59:28","guid":{"rendered":"https:\/\/test.test.redpipi.com\/?post_type=product&#038;p=21623"},"modified":"2025-10-17T23:18:48","modified_gmt":"2025-10-17T22:18:48","slug":"draci-jazyk-dildo-21cm-luminous","status":"publish","type":"product","link":"https:\/\/test.redpipi.com\/pl\/produkt\/draci-jazyk-dildo-21cm-luminous\/","title":{"rendered":"Dragon Tongue Dildo 21,5*5,6 cm standardowy \/ fosforyzuj\u0105cy"},"content":{"rendered":"<p>Jakie to uczucie, gdy twoja pochwa lub ty\u0142ek s\u0105 lizane przez potwora z wielkim j\u0119zykiem?<\/p>\n<p>Bardzo \u0142adny design.<\/p>\n<p>Super kolory.<\/p>\n<p>Przyssawka na dole.<\/p>\n<p><strong>5 lat gwarancji<\/strong><\/p>\n<p>&nbsp;<\/p>\n<h2>Warianty<\/h2>\n<p>standard - kolory graffiti, <a href=\"\/pl\/mekke-dilda-mekkost-dild\/\">Twardo\u015b\u0107<\/a>26 Ho (%)<\/p>\n<p>extra - pastelowe kolory, dildo \u015bwieci w nocy - fosforescencje, <a href=\"\/pl\/mekke-dilda-mekkost-dild\/\">Twardo\u015b\u0107<\/a>16 Ho (%)<\/p>\n<p>&nbsp;<\/p>\n<h2>Luminescencja:<\/h2>\n<p>Dildo mo\u017ce by\u0107 wielokrotnie o\u015bwietlane \u015bwiat\u0142em dziennym lub sztucznym przez 15 lat. Dildo b\u0119dzie fosforyzowa\u0107 do 5 godzin w zale\u017cno\u015bci od intensywno\u015bci \u015bwiat\u0142a.<\/p>\n<p>Spadek luminescencji dilda w czasie po umieszczeniu w ciemno\u015bci:<\/p>\n<p>po 30 min. na 50 %<\/p>\n<p>po 1 godzinie na 25 %<\/p>\n<p>po 2 godzinach na 12,5 %<\/p>\n<p>po 4 godzinach na 10 %<\/p>\n<p>Uwaga: <strong>Fluorescencyjne, \u015bwiec\u0105ce, fosforescencyjne i \u015bwiec\u0105ce<\/strong> oznacza to samo w naszych opisach.<\/p>\n<h2>Parametry techniczne i producent:<\/h2>\n<p>Materia\u0142: <a href=\"https:\/\/test.redpipi.com\/pl\/sex-toys-materials\/\">p\u0142ynny silikon<\/a><\/p>\n<p>Waga: 381 g<\/p>\n<p>Producent Faak, certyfikat CE, YOCY-294 \/ LUM<\/p>\n<h2>Kolory<\/h2>\n<p>Pe\u0142nokolorowy silikon. Nie jest to malowanie powierzchniowe. Farby nie mo\u017cna zmy\u0107 ani zetrze\u0107.<\/p>\n<p style=\"text-align: justify;\">Kolory wibrator\u00f3w s\u0105 bogate i wiernie odwzorowane. Kolory pozostaj\u0105 zasadniczo tam, gdzie s\u0105 przeznaczone, ale mog\u0105 si\u0119 nieznacznie r\u00f3\u017cni\u0107. Na przyk\u0142ad, gdzie\u015b podczas mieszania tego samego produktu, nieco wi\u0119cej jednego z kolor\u00f3w wychodzi na powierzchni\u0119 kosztem innego koloru. Jednak wszystkie wibratory wykonane w tej technologii wygl\u0105daj\u0105 bardzo dobrze.<\/p>","protected":false},"excerpt":{"rendered":"<p>Fosforyzuj\u0105cy dildo w kszta\u0142cie j\u0119zyka smoka lub krowy<\/p>","protected":false},"featured_media":147699,"comment_status":"open","ping_status":"closed","template":"","meta":[],"product_brand":[],"product_cat":[595,643],"product_tag":[],"class_list":{"0":"post-21623","1":"product","2":"type-product","3":"status-publish","4":"has-post-thumbnail","6":"product_cat-vyprodej","7":"product_cat-zvireci-fantasy-dilda","8":"pa_brand-faak","9":"pa_diametr-41-50mm","10":"pa_hardness-mekke-jako-sval-10-20hc","11":"pa_kvalita-extra","12":"pa_kvalita-standard","13":"pa_material-silicone-liquid","14":"pa_special-5y-warranty","15":"pa_special-luminescence","17":"first","18":"instock","19":"sale","20":"shipping-taxable","21":"purchasable","22":"product-type-variable"},"_links":{"self":[{"href":"https:\/\/test.redpipi.com\/pl\/wp-json\/wp\/v2\/product\/21623","targetHints":{"allow":["GET"]}}],"collection":[{"href":"https:\/\/test.redpipi.com\/pl\/wp-json\/wp\/v2\/product"}],"about":[{"href":"https:\/\/test.redpipi.com\/pl\/wp-json\/wp\/v2\/types\/product"}],"replies":[{"embeddable":true,"href":"https:\/\/test.redpipi.com\/pl\/wp-json\/wp\/v2\/comments?post=21623"}],"wp:featuredmedia":[{"embeddable":true,"href":"https:\/\/test.redpipi.com\/pl\/wp-json\/wp\/v2\/media\/147699"}],"wp:attachment":[{"href":"https:\/\/test.redpipi.com\/pl\/wp-json\/wp\/v2\/media?parent=21623"}],"wp:term":[{"taxonomy":"product_brand","embeddable":true,"href":"https:\/\/test.redpipi.com\/pl\/wp-json\/wp\/v2\/product_brand?post=21623"},{"taxonomy":"product_cat","embeddable":true,"href":"https:\/\/test.redpipi.com\/pl\/wp-json\/wp\/v2\/product_cat?post=21623"},{"taxonomy":"product_tag","embeddable":true,"href":"https:\/\/test.redpipi.com\/pl\/wp-json\/wp\/v2\/product_tag?post=21623"}],"curies":[{"name":"wp","href":"https:\/\/api.w.org\/{rel}","templated":true}]}}