{"id":149583,"date":"2024-12-05T21:23:50","date_gmt":"2024-12-05T20:23:50","guid":{"rendered":"https:\/\/test.redpipi.com\/?post_type=product&#038;p=149583"},"modified":"2026-03-29T22:58:53","modified_gmt":"2026-03-29T21:58:53","slug":"you-me-warming-macho-lubrikant-150ml","status":"publish","type":"product","link":"https:\/\/test.redpipi.com\/pl\/produkt\/you-me-warming-macho-lubrikant-150ml\/","title":{"rendered":"You Me Warming \/ Macho Lubricant 150ml"},"content":{"rendered":"<p>Jedwabisty, mi\u0119kki i g\u0142\u0119boko nawil\u017caj\u0105cy \u017cel nawil\u017caj\u0105cy o silnym dzia\u0142aniu stymuluj\u0105cym, kt\u00f3ry wzmacnia podniecenie seksualne.<\/p>\n<p>Wspomaga naturalne nawil\u017cenie pochwy i zapewnia wi\u0119ksz\u0105 przyjemno\u015b\u0107 z intymnego stosunku.<\/p>\n<p>\u0141atwo zmywa si\u0119 wod\u0105.<\/p>\n<p>Idealne do stosowania z prezerwatywami lateksowymi i zabawkami erotycznymi.<\/p>\n<p>Certyfikat CE RoHS. Wyr\u00f3b medyczny klasy I \u2013 \u015brodek smarny odpowiedni do u\u017cytku wewn\u0119trznego i zewn\u0119trznego.<\/p>\n<p>&nbsp;<\/p>\n<h2>Warianty<\/h2>\n<p><strong>\u017c\u00f3\u0142ty \u2013 You ME Warming<\/strong> \u2013 ciep\u0142y, EAN: 8594068383684, odpowiedni do zabaw cewkowych<\/p>\n<p><strong>zielony \u2013 You Me Macho<\/strong> \u2013 pochlebny, EAN: 8594068383677, nadaje si\u0119 do urozmaicenia gier seksualnych lub BDSM, piecze w odbycie<\/p>\n<p>&nbsp;<\/p>\n<h2>Dane techniczne<\/h2>\n<p>Zr\u00f3wnowa\u017cone pH, odpowiednie dla \u015brodowiska pochwy. Bez paraben\u00f3w, silikon\u00f3w, olej\u00f3w mineralnych, konserwant\u00f3w chemicznych i mikroplastiku. Lubrykant nie jest \u015brodkiem antykoncepcyjnym.<br \/>\nProdukt nie zawiera \u015brodk\u00f3w plemnikob\u00f3jczych. Wega\u0144ski i nietestowany na zwierz\u0119tach (certyfikat V-LABEL).<\/p>\n<p>Sk\u0142adniki: Gliceryna, Woda, Hydroksyetyloceluloza, Benzoesan sodu, Kwas mlekowy, Olejek mi\u0119towy,<br \/>\nChlorek sodu, limonen, linalol, eugenol, cytral<\/p>\n<p>&nbsp;<\/p>\n<p class=\"western\" style=\"text-align: justify;\">Nadaje si\u0119 do wszystkich rodzaj\u00f3w pomocy erotycznych.<\/p>\n<p>producent: Livondo GMbH, Niemcy<\/p>\n<p>waga: 196g<\/p>","protected":false},"excerpt":{"rendered":"<p>\u017bel nawil\u017caj\u0105cy o dzia\u0142aniu stymuluj\u0105cym<\/p>","protected":false},"featured_media":149588,"comment_status":"open","ping_status":"closed","template":"","meta":[],"product_brand":[],"product_cat":[608],"product_tag":[],"class_list":{"0":"post-149583","1":"product","2":"type-product","3":"status-publish","4":"has-post-thumbnail","6":"product_cat-lubrikanty-bezny-sex","7":"pa_color-zelena","8":"pa_color-yellow","10":"first","11":"instock","12":"shipping-taxable","13":"purchasable","14":"product-type-variable"},"_links":{"self":[{"href":"https:\/\/test.redpipi.com\/pl\/wp-json\/wp\/v2\/product\/149583","targetHints":{"allow":["GET"]}}],"collection":[{"href":"https:\/\/test.redpipi.com\/pl\/wp-json\/wp\/v2\/product"}],"about":[{"href":"https:\/\/test.redpipi.com\/pl\/wp-json\/wp\/v2\/types\/product"}],"replies":[{"embeddable":true,"href":"https:\/\/test.redpipi.com\/pl\/wp-json\/wp\/v2\/comments?post=149583"}],"wp:featuredmedia":[{"embeddable":true,"href":"https:\/\/test.redpipi.com\/pl\/wp-json\/wp\/v2\/media\/149588"}],"wp:attachment":[{"href":"https:\/\/test.redpipi.com\/pl\/wp-json\/wp\/v2\/media?parent=149583"}],"wp:term":[{"taxonomy":"product_brand","embeddable":true,"href":"https:\/\/test.redpipi.com\/pl\/wp-json\/wp\/v2\/product_brand?post=149583"},{"taxonomy":"product_cat","embeddable":true,"href":"https:\/\/test.redpipi.com\/pl\/wp-json\/wp\/v2\/product_cat?post=149583"},{"taxonomy":"product_tag","embeddable":true,"href":"https:\/\/test.redpipi.com\/pl\/wp-json\/wp\/v2\/product_tag?post=149583"}],"curies":[{"name":"wp","href":"https:\/\/api.w.org\/{rel}","templated":true}]}}