{"id":149570,"date":"2024-12-05T20:57:45","date_gmt":"2024-12-05T19:57:45","guid":{"rendered":"https:\/\/test.redpipi.com\/?post_type=product&#038;p=149570"},"modified":"2026-04-20T23:25:02","modified_gmt":"2026-04-20T22:25:02","slug":"you-me-condom-romeo","status":"publish","type":"product","link":"https:\/\/test.redpipi.com\/pl\/produkt\/you-me-condom-romeo\/","title":{"rendered":"Ty mnie prezerwatywa Romeo"},"content":{"rendered":"<p>prezerwatywy z naturalnego lateksu kauczukowego<\/p>\n<p>D\u0142ugo\u015b\u0107 19 cm, \u015brednica 5,3 cm<\/p>\n<p>Dodatkowo nasmarowane<\/p>\n<p>&nbsp;<\/p>\n<p>100% przetestowany elektronicznie<\/p>\n<p>Przezroczysty i g\u0142adki<\/p>\n<p>Kompatybilny ze \u015brodkami smaruj\u0105cymi na bazie wody i silikonu.<\/p>\n<p>Nasmarowane lekkim olejem silikonowym.<\/p>\n<p>Zbiornik plemnik\u00f3w<\/p>\n<p>Podw\u00f3jne opakowanie sterylne.<\/p>\n<p>Nie testowany na zwierz\u0119tach, odpowiedni dla wegan \u2013 posiada certyfikat V-LABEL<\/p>\n<p>&nbsp;<\/p>\n<h2>Warianty<\/h2>\n<p>3 szt. \u2013 EAN: 8594068382519, waga 15g<\/p>\n<p>12 szt. \u2013 EAN: 8594068382526, waga 45g<\/p>\n<p>50 szt. \u2013 EAN: 8594068382915, waga 150g<\/p>\n<p>&nbsp;<\/p>\n<h2>Testowanie prezerwatyw w naszym sex shopie<\/h2>\n<p>+ W odr\u00f3\u017cnieniu od prezerwatyw bez oznacze\u0144 firmowych s\u0105 one nieco szersze, \u0142atwiejsze do za\u0142o\u017cenia i nie zsuwaj\u0105 si\u0119.<\/p>\n<p>\u2013 Opakowanie prezerwatywy na pewno nie \u015bwieci ani nie fosforyzuje w ciemno\u015bci, jak twierdzi producent.<\/p>\n<p>\u2013 W przypadku korzystania z zabronionego <a href=\"http:\/\/fisting kr\u00e9myhttps:\/\/test.redpipi.com\/sexshop\/lubrikanty\/fisting-kremy\/\">\u015brodek smaruj\u0105cy do trawienia lateksu<\/a> A podczas ostrego seksu analnego prezerwatywa wytrzymywa\u0142a tylko 10 minut. Spodziewali\u015bmy si\u0119 wi\u0119cej.<\/p>\n<p>\u2013 Opakowanie i prezerwatywa wydaj\u0105 si\u0119 mniej trwa\u0142e ni\u017c w przypadku siostrzanej marki premium <a href=\"https:\/\/test.redpipi.com\/pl\/produkt\/kondomy-primeros-12ks\/\">Pierwszy<\/a>, podczas gdy r\u00f3\u017cnica w cenie nie jest znacz\u0105ca.<\/p>\n<p>&nbsp;<\/p>\n<p>&nbsp;<\/p>\n<p>Waga: 50g<\/p>\n<p>Minimalna data wa\u017cno\u015bci 3 lata<\/p>\n<p>D\u0142ugoletni, niezawodny producent, PRIMEROS sro, Czechy, prezerwatywy produkowane w Malezji<\/p>\n<p>Certyfikacja: RoHS CE 1639, ISO 4074<\/p>\n<p>&nbsp;<\/p>\n<p>Wyprodukowano w Malezji z naturalnego lateksu kauczukowego pochodz\u0105cego od drobnych rolnik\u00f3w ekologicznych z regionu Hat Yai (Tajlandia), kt\u00f3rzy prowadz\u0105 zr\u00f3wnowa\u017con\u0105 dzia\u0142alno\u015b\u0107 rolnicz\u0105, wspieraj\u0105c bior\u00f3\u017cnorodno\u015b\u0107 las\u00f3w deszczowych. Kupujemy lateks kauczukowy po uczciwej cenie i monitorujemy przestrzeganie godnych warunk\u00f3w pracy we wsp\u00f3\u0142pracy z Inicjatyw\u0105 na rzecz Regeneracji Kauczuku.<\/p>\n<p>&nbsp;<\/p>\n<h2>Instrukcje<\/h2>\n<p>zobacz ulotk\u0119 w opakowaniu<\/p>","protected":false},"excerpt":{"rendered":"<p>3 szt. \/ 12 szt. 50 szt. dodatkowo nasmarowanych prezerwatyw<\/p>","protected":false},"featured_media":149582,"comment_status":"open","ping_status":"closed","template":"","meta":[],"product_brand":[],"product_cat":[656],"product_tag":[],"class_list":{"0":"post-149570","1":"product","2":"type-product","3":"status-publish","4":"has-post-thumbnail","6":"product_cat-kondomy","7":"pa_size-660","8":"pa_size-659","9":"pa_size-661","11":"first","12":"instock","13":"shipping-taxable","14":"purchasable","15":"product-type-variable"},"_links":{"self":[{"href":"https:\/\/test.redpipi.com\/pl\/wp-json\/wp\/v2\/product\/149570","targetHints":{"allow":["GET"]}}],"collection":[{"href":"https:\/\/test.redpipi.com\/pl\/wp-json\/wp\/v2\/product"}],"about":[{"href":"https:\/\/test.redpipi.com\/pl\/wp-json\/wp\/v2\/types\/product"}],"replies":[{"embeddable":true,"href":"https:\/\/test.redpipi.com\/pl\/wp-json\/wp\/v2\/comments?post=149570"}],"wp:featuredmedia":[{"embeddable":true,"href":"https:\/\/test.redpipi.com\/pl\/wp-json\/wp\/v2\/media\/149582"}],"wp:attachment":[{"href":"https:\/\/test.redpipi.com\/pl\/wp-json\/wp\/v2\/media?parent=149570"}],"wp:term":[{"taxonomy":"product_brand","embeddable":true,"href":"https:\/\/test.redpipi.com\/pl\/wp-json\/wp\/v2\/product_brand?post=149570"},{"taxonomy":"product_cat","embeddable":true,"href":"https:\/\/test.redpipi.com\/pl\/wp-json\/wp\/v2\/product_cat?post=149570"},{"taxonomy":"product_tag","embeddable":true,"href":"https:\/\/test.redpipi.com\/pl\/wp-json\/wp\/v2\/product_tag?post=149570"}],"curies":[{"name":"wp","href":"https:\/\/api.w.org\/{rel}","templated":true}]}}