{"id":149553,"date":"2025-12-05T19:56:57","date_gmt":"2025-12-05T18:56:57","guid":{"rendered":"https:\/\/test.redpipi.com\/?post_type=product&#038;p=149553"},"modified":"2026-04-17T14:43:45","modified_gmt":"2026-04-17T13:43:45","slug":"kondomy-primeros-12ks","status":"publish","type":"product","link":"https:\/\/test.redpipi.com\/pl\/produkt\/kondomy-primeros-12ks\/","title":{"rendered":"Prezerwatywy Primeros 12 szt."},"content":{"rendered":"<p>12 szt. prezerwatyw z naturalnego lateksu kauczukowego<\/p>\n<p>100% przetestowany elektronicznie<\/p>\n<p>Przezroczyste i g\u0142adkie (chyba \u017ce poni\u017cej zaznaczono inaczej)<\/p>\n<p>Kompatybilny ze \u015brodkami smaruj\u0105cymi na bazie wody i silikonu.<\/p>\n<p>Nasmarowane lekkim olejem silikonowym.<\/p>\n<p>Podw\u00f3jne opakowanie sterylne.<\/p>\n<p>Zbiornik plemnik\u00f3w<\/p>\n<p>Nie testowany na zwierz\u0119tach, odpowiedni dla wegan \u2013 posiada certyfikat V-LABEL<\/p>\n<p>&nbsp;<\/p>\n<h2>Warianty<\/h2>\n<p>A \u2013 Primeros Classy \u2013 d\u0142ugo\u015b\u0107 19 cm, \u015brednica 5,4 cm, wyd\u0142u\u017cony anatomiczny kszta\u0142t, EAN: 8594068381215<\/p>\n<p>B \u2013 Primeros Innocent \u2013 d\u0142ugo\u015b\u0107 19 cm, \u015brednica 5,3 cm, cie\u0144sza \u015bcianka: 0,055 mm, EAN: 8594068383219<\/p>\n<p>C \u2013 Primeros Soft Glide \u2013 d\u0142ugo\u015b\u0107 19 cm, \u015brednica 5,3 cm, wyj\u0105tkowo nawil\u017cona prezerwatywa o ultracienkiej \u015bciance 0,055 mm, EAN: 8594068384216<\/p>\n<p>D \u2013 Primeros Passion \u2013 d\u0142ugo\u015b\u0107 19 cm, \u015brednica 5,4 cm, z pobudzaj\u0105cymi grzbietami, wypustkami i egzotycznym zapachem kokosa, EAN: 8594068385213<\/p>\n<p>E \u2013 Primeros Safeguard \u2013 d\u0142ugo\u015b\u0107 19 cm, \u015brednica 5,4 cm, wyj\u0105tkowo bezpieczne, o grubszej \u015bciance 0,08 mm, EAN: 8594068389211<\/p>\n<p>F \u2013 Primeros The King \u2013 d\u0142ugo\u015b\u0107 19 cm, \u015brednica 5,7 cm, bardzo szeroki, EAN: 8594068387217<\/p>\n<p>G \u2013 Primeros Nighthawk \u2013 d\u0142ugo\u015b\u0107 19 cm, \u015brednica 5,4 cm, kolor prezerwatywy czarny, EAN: 8594068382212<\/p>\n<p>&nbsp;<\/p>\n<h2>Testowanie prezerwatyw w naszym sex shopie<\/h2>\n<p>+ Prezerwatywa wydaje si\u0119 wi\u0119ksza, wygodniejsza i bardziej wytrzyma\u0142a od swoich siostrzanych prezerwatyw You Me.<\/p>\n<p>+ W odr\u00f3\u017cnieniu od prezerwatyw bez oznacze\u0144 firmowych s\u0105 one nieco szersze, \u0142atwiejsze do za\u0142o\u017cenia i nie zsuwaj\u0105 si\u0119.<\/p>\n<p>+ Opakowanie prezerwatywy jest solidne i wysokiej jako\u015bci. Opakowanie prezerwatywy jest lepszej jako\u015bci ni\u017c w przypadku siostrzanych prezerwatyw You Me. Pude\u0142ka s\u0105 tej samej jako\u015bci.<\/p>\n<p>\u2013 Opakowanie prezerwatywy na pewno nie \u015bwieci ani nie fosforyzuje w ciemno\u015bci, jak twierdzi producent.<\/p>\n<p>W grudniu 2025 roku zako\u0144czymy testowanie mo\u017cliwo\u015bci wykorzystania zakazanych <a href=\"http:\/\/fisting kr\u00e9myhttps:\/\/test.redpipi.com\/sexshop\/lubrikanty\/fisting-kremy\/\">\u015brodek smaruj\u0105cy do trawienia lateksu<\/a>. Siostrzane prezerwatywy You Me, oparte na tej samej technologii, wytrzymywa\u0142y zaledwie 10 minut.<\/p>\n<p>&nbsp;<\/p>\n<p>&nbsp;<\/p>\n<p>Waga: 50g<\/p>\n<p>Minimalna data wa\u017cno\u015bci 3 lata<\/p>\n<p>D\u0142ugoletni, niezawodny producent, PRIMEROS sro, Czechy, prezerwatywy produkowane w Malezji<\/p>\n<p>Certyfikacja: RoHS CE 1639, ISO 4074<\/p>\n<p>&nbsp;<\/p>\n<p>Wyprodukowano w Malezji z naturalnego lateksu kauczukowego pochodz\u0105cego od drobnych rolnik\u00f3w ekologicznych z regionu Hat Yai (Tajlandia), kt\u00f3rzy prowadz\u0105 zr\u00f3wnowa\u017con\u0105 dzia\u0142alno\u015b\u0107 rolnicz\u0105, wspieraj\u0105c bior\u00f3\u017cnorodno\u015b\u0107 las\u00f3w deszczowych. Kupujemy lateks kauczukowy po uczciwej cenie i monitorujemy przestrzeganie godnych warunk\u00f3w pracy we wsp\u00f3\u0142pracy z Inicjatyw\u0105 na rzecz Regeneracji Kauczuku.<\/p>\n<p>&nbsp;<\/p>\n<h2>Instrukcje<\/h2>\n<p>zobacz ulotk\u0119 w opakowaniu<\/p>","protected":false},"excerpt":{"rendered":"<p>Prezerwatywy Primeros<\/p>","protected":false},"featured_media":149562,"comment_status":"open","ping_status":"closed","template":"","meta":[],"product_brand":[],"product_cat":[656],"product_tag":[],"class_list":{"0":"post-149553","1":"product","2":"type-product","3":"status-publish","4":"has-post-thumbnail","6":"product_cat-kondomy","8":"first","9":"instock","10":"shipping-taxable","11":"purchasable","12":"product-type-variable"},"_links":{"self":[{"href":"https:\/\/test.redpipi.com\/pl\/wp-json\/wp\/v2\/product\/149553","targetHints":{"allow":["GET"]}}],"collection":[{"href":"https:\/\/test.redpipi.com\/pl\/wp-json\/wp\/v2\/product"}],"about":[{"href":"https:\/\/test.redpipi.com\/pl\/wp-json\/wp\/v2\/types\/product"}],"replies":[{"embeddable":true,"href":"https:\/\/test.redpipi.com\/pl\/wp-json\/wp\/v2\/comments?post=149553"}],"wp:featuredmedia":[{"embeddable":true,"href":"https:\/\/test.redpipi.com\/pl\/wp-json\/wp\/v2\/media\/149562"}],"wp:attachment":[{"href":"https:\/\/test.redpipi.com\/pl\/wp-json\/wp\/v2\/media?parent=149553"}],"wp:term":[{"taxonomy":"product_brand","embeddable":true,"href":"https:\/\/test.redpipi.com\/pl\/wp-json\/wp\/v2\/product_brand?post=149553"},{"taxonomy":"product_cat","embeddable":true,"href":"https:\/\/test.redpipi.com\/pl\/wp-json\/wp\/v2\/product_cat?post=149553"},{"taxonomy":"product_tag","embeddable":true,"href":"https:\/\/test.redpipi.com\/pl\/wp-json\/wp\/v2\/product_tag?post=149553"}],"curies":[{"name":"wp","href":"https:\/\/api.w.org\/{rel}","templated":true}]}}