{"id":149398,"date":"2025-11-23T10:10:36","date_gmt":"2025-11-23T09:10:36","guid":{"rendered":"https:\/\/test.redpipi.com\/?post_type=product&#038;p=149398"},"modified":"2026-04-20T23:25:01","modified_gmt":"2026-04-20T22:25:01","slug":"doer-medicalaqua-hyaluron-panthenol-100ml","status":"publish","type":"product","link":"https:\/\/test.redpipi.com\/pl\/produkt\/doer-medicalaqua-hyaluron-panthenol-100ml\/","title":{"rendered":"Doer Medical Aqua \u2013 Hyaluron Panthenol 100 ml"},"content":{"rendered":"<p>Lubrykant bez substancji zapachowych.<\/p>\n<p>\u017bel intymny na bazie wody z dodatkiem nawil\u017caj\u0105cego hialuronianu i regeneruj\u0105cego pantenolu dla dodatkowej piel\u0119gnacji i ochrony dla obojga partner\u00f3w. Bez substancji zapachowych i barwnik\u00f3w, bezzapachowy, pH dostosowane do potrzeb flory pochwy.<\/p>\n<p>Wed\u0142ug dystrybutora pantenol i hialuron pomagaj\u0105 w gojeniu drobnych uraz\u00f3w b\u0142ony \u015bluzowej.<\/p>\n<p>&nbsp;<\/p>\n<p><strong>Testowanie Doer Medical Aqua \u2013 Hyaluron Panthenol<\/strong><\/p>\n<p>+ \u0141agodne dzia\u0142anie lecznicze przez ograniczony czas, kiedy \u017cel pozostaje na tkance.<\/p>\n<p>+ Nie powoduje pieczenia w pochwie i odbycie.<\/p>\n<p><strong>Wnioski:<\/strong> Przy stosunkowo \u015bredniej cenie ten lubrykant ma dodatkow\u0105 warto\u015b\u0107 w postaci w\u0142a\u015bciwo\u015bci leczniczych i braku pieczenia.<\/p>\n<p>&nbsp;<\/p>\n<p>&nbsp;<\/p>\n<p>Producent: Doer Medical Cosmetis, Niemcy, EAN: 4035223692363<\/p>\n<p>100 ml, 120 g<\/p>\n<p>Nie ma ogranicze\u0144 dotycz\u0105cych trwa\u0142o\u015bci.<\/p>","protected":false},"excerpt":{"rendered":"<p>Lubrykant leczniczy 100 ml na bazie wody<\/p>","protected":false},"featured_media":149408,"comment_status":"open","ping_status":"closed","template":"","meta":[],"product_brand":[],"product_cat":[608],"product_tag":[],"class_list":{"0":"post-149398","1":"product","2":"type-product","3":"status-publish","4":"has-post-thumbnail","6":"product_cat-lubrikanty-bezny-sex","8":"first","9":"instock","10":"shipping-taxable","11":"purchasable","12":"product-type-simple"},"_links":{"self":[{"href":"https:\/\/test.redpipi.com\/pl\/wp-json\/wp\/v2\/product\/149398","targetHints":{"allow":["GET"]}}],"collection":[{"href":"https:\/\/test.redpipi.com\/pl\/wp-json\/wp\/v2\/product"}],"about":[{"href":"https:\/\/test.redpipi.com\/pl\/wp-json\/wp\/v2\/types\/product"}],"replies":[{"embeddable":true,"href":"https:\/\/test.redpipi.com\/pl\/wp-json\/wp\/v2\/comments?post=149398"}],"wp:featuredmedia":[{"embeddable":true,"href":"https:\/\/test.redpipi.com\/pl\/wp-json\/wp\/v2\/media\/149408"}],"wp:attachment":[{"href":"https:\/\/test.redpipi.com\/pl\/wp-json\/wp\/v2\/media?parent=149398"}],"wp:term":[{"taxonomy":"product_brand","embeddable":true,"href":"https:\/\/test.redpipi.com\/pl\/wp-json\/wp\/v2\/product_brand?post=149398"},{"taxonomy":"product_cat","embeddable":true,"href":"https:\/\/test.redpipi.com\/pl\/wp-json\/wp\/v2\/product_cat?post=149398"},{"taxonomy":"product_tag","embeddable":true,"href":"https:\/\/test.redpipi.com\/pl\/wp-json\/wp\/v2\/product_tag?post=149398"}],"curies":[{"name":"wp","href":"https:\/\/api.w.org\/{rel}","templated":true}]}}