{"id":149120,"date":"2025-11-03T18:26:50","date_gmt":"2025-11-03T17:26:50","guid":{"rendered":"https:\/\/test.redpipi.com\/?post_type=product&#038;p=149120"},"modified":"2026-04-11T21:09:28","modified_gmt":"2026-04-11T20:09:28","slug":"pouta-silikon-kov-jemna-ozdobna-fs","status":"publish","type":"product","link":"https:\/\/test.redpipi.com\/pl\/produkt\/pouta-silikon-kov-jemna-ozdobna-fs\/","title":{"rendered":"Kajdanki silikonowo-metalowe drobne ozdobne FS"},"content":{"rendered":"<p>Ozdobne kajdanki<\/p>\n<p>&nbsp;<\/p>\n<h2>Od testowania ozdobnych kajdanek<\/h2>\n<p>+ Na granicy kajdanek i bi\u017cuterii.<\/p>\n<p>+ Bardziej jak dekoracja, mo\u017ce dla pary na imprez\u0119 towarzysk\u0105.<\/p>\n<p>+ Elegancki design wysokiej jako\u015bci. Bardzo przyjemny.<\/p>\n<p>+ Super lekki.<\/p>\n<p>+ Nowo\u015b\u0107 w 2025 r.<\/p>\n<p><strong>Wnioski<\/strong>Zabawny, pomys\u0142owy. To bardziej ozdoba ni\u017c narz\u0119dzie BDSM.<\/p>\n<p>&nbsp;<\/p>\n<p>Rozmiar: uni<\/p>\n<h2>Warianty<\/h2>\n<p>Wed\u0142ug koloru<\/p>\n<h2><\/h2>\n<h2>Parametry techniczne i producent<\/h2>\n<p>Materia\u0142: silikon, stop cynku<\/p>\n<p>Waga: 42 g<\/p>\n<p>Producent: Funny Steel<\/p>","protected":false},"excerpt":{"rendered":"<p>Drobne ozdobne kajdanki<\/p>","protected":false},"featured_media":149124,"comment_status":"open","ping_status":"closed","template":"","meta":[],"product_brand":[],"product_cat":[60,36],"product_tag":[],"class_list":{"0":"post-149120","1":"product","2":"type-product","3":"status-publish","4":"has-post-thumbnail","6":"product_cat-pouta","7":"product_cat-eroticke-doplnky-obleceni","8":"pa_brand-funny-steel","9":"pa_color-black","10":"pa_color-fialova","11":"pa_color-pink","12":"pa_material-metal","13":"pa_material-silicone","15":"first","16":"instock","17":"shipping-taxable","18":"purchasable","19":"product-type-variable"},"_links":{"self":[{"href":"https:\/\/test.redpipi.com\/pl\/wp-json\/wp\/v2\/product\/149120","targetHints":{"allow":["GET"]}}],"collection":[{"href":"https:\/\/test.redpipi.com\/pl\/wp-json\/wp\/v2\/product"}],"about":[{"href":"https:\/\/test.redpipi.com\/pl\/wp-json\/wp\/v2\/types\/product"}],"replies":[{"embeddable":true,"href":"https:\/\/test.redpipi.com\/pl\/wp-json\/wp\/v2\/comments?post=149120"}],"wp:featuredmedia":[{"embeddable":true,"href":"https:\/\/test.redpipi.com\/pl\/wp-json\/wp\/v2\/media\/149124"}],"wp:attachment":[{"href":"https:\/\/test.redpipi.com\/pl\/wp-json\/wp\/v2\/media?parent=149120"}],"wp:term":[{"taxonomy":"product_brand","embeddable":true,"href":"https:\/\/test.redpipi.com\/pl\/wp-json\/wp\/v2\/product_brand?post=149120"},{"taxonomy":"product_cat","embeddable":true,"href":"https:\/\/test.redpipi.com\/pl\/wp-json\/wp\/v2\/product_cat?post=149120"},{"taxonomy":"product_tag","embeddable":true,"href":"https:\/\/test.redpipi.com\/pl\/wp-json\/wp\/v2\/product_tag?post=149120"}],"curies":[{"name":"wp","href":"https:\/\/api.w.org\/{rel}","templated":true}]}}