{"id":149115,"date":"2024-11-03T18:19:17","date_gmt":"2024-11-03T17:19:17","guid":{"rendered":"https:\/\/test.redpipi.com\/?post_type=product&#038;p=149115"},"modified":"2026-01-17T20:59:15","modified_gmt":"2026-01-17T19:59:15","slug":"eletro-kolicky-na-bradavky-pysky-klitoris-nastavitelne-il","status":"publish","type":"product","link":"https:\/\/test.redpipi.com\/pl\/produkt\/eletro-kolicky-na-bradavky-pysky-klitoris-nastavitelne-il\/","title":{"rendered":"Eletro Nipple, Labia, Clitoris Pegs Adjustable IL"},"content":{"rendered":"<p class=\"western\" style=\"text-align: justify;\">\u015aruba reguluje intensywno\u015b\u0107 \u015bciskania.<\/p>\n<h2>Warianty:<\/h2>\n<p>Z\u0142oty<\/p>\n<p>Br\u0105z<\/p>\n<p>&nbsp;<\/p>\n<h2>Parametry techniczne i producent:<\/h2>\n<p>Materia\u0142: stop cynku<\/p>\n<p>Waga: 12 g, , Nr zam\u00f3wienia 202401039<\/p>\n<p class=\"western\" style=\"text-align: justify;\">Producent: Idea Leather<\/p>\n<p>&nbsp;<\/p>\n<p>Kompatybilny z <a href=\"https:\/\/test.redpipi.com\/pl\/produkt\/elektrosex-kabel-jehly\/\">przew\u00f3d igielitowy<\/a> i przez wszystkich <a href=\"https:\/\/test.redpipi.com\/pl\/sexshop\/bdsm\/elektro-sex\/\">\u017ar\u00f3d\u0142a elektroseksu od Funny Steel<\/a> - oba musz\u0105 by\u0107 w\u0142asno\u015bci\u0105 lub musz\u0105 zosta\u0107 zakupione.<\/p>\n<p class=\"western\" style=\"text-align: justify;\">","protected":false},"excerpt":{"rendered":"<p>Szpilki do sutk\u00f3w, \u0142echtaczki lub warg sromowych, para<\/p>","protected":false},"featured_media":149119,"comment_status":"open","ping_status":"closed","template":"","meta":[],"product_brand":[],"product_cat":[54,141],"product_tag":[],"class_list":{"0":"post-149115","1":"product","2":"type-product","3":"status-publish","4":"has-post-thumbnail","6":"product_cat-svorky-bradavky","7":"product_cat-elektro-sex","8":"pa_brand-idealeather","9":"pa_color-bronzova","10":"pa_color-zlata","11":"pa_material-metal","13":"first","14":"instock","15":"shipping-taxable","16":"purchasable","17":"product-type-variable","18":"has-default-attributes"},"_links":{"self":[{"href":"https:\/\/test.redpipi.com\/pl\/wp-json\/wp\/v2\/product\/149115","targetHints":{"allow":["GET"]}}],"collection":[{"href":"https:\/\/test.redpipi.com\/pl\/wp-json\/wp\/v2\/product"}],"about":[{"href":"https:\/\/test.redpipi.com\/pl\/wp-json\/wp\/v2\/types\/product"}],"replies":[{"embeddable":true,"href":"https:\/\/test.redpipi.com\/pl\/wp-json\/wp\/v2\/comments?post=149115"}],"wp:featuredmedia":[{"embeddable":true,"href":"https:\/\/test.redpipi.com\/pl\/wp-json\/wp\/v2\/media\/149119"}],"wp:attachment":[{"href":"https:\/\/test.redpipi.com\/pl\/wp-json\/wp\/v2\/media?parent=149115"}],"wp:term":[{"taxonomy":"product_brand","embeddable":true,"href":"https:\/\/test.redpipi.com\/pl\/wp-json\/wp\/v2\/product_brand?post=149115"},{"taxonomy":"product_cat","embeddable":true,"href":"https:\/\/test.redpipi.com\/pl\/wp-json\/wp\/v2\/product_cat?post=149115"},{"taxonomy":"product_tag","embeddable":true,"href":"https:\/\/test.redpipi.com\/pl\/wp-json\/wp\/v2\/product_tag?post=149115"}],"curies":[{"name":"wp","href":"https:\/\/api.w.org\/{rel}","templated":true}]}}