{"id":149092,"date":"2025-11-01T14:05:36","date_gmt":"2025-11-01T13:05:36","guid":{"rendered":"https:\/\/test.redpipi.com\/?post_type=product&#038;p=149092"},"modified":"2026-04-22T06:29:00","modified_gmt":"2026-04-22T05:29:00","slug":"rainbow-wawe-metalic-dilator-13cm","status":"publish","type":"product","link":"https:\/\/test.redpipi.com\/pl\/produkt\/rainbow-wawe-metalic-dilator-13cm\/","title":{"rendered":"Dilator Rainbow Wawe Metallic 13cm"},"content":{"rendered":"<p class=\"western\" style=\"text-align: justify;\">Rozszerzacz jest pe\u0142ny i stopniowo si\u0119 rozszerza.<\/p>\n<p>Bardzo intensywne odczucia podczas wprowadzania poszczeg\u00f3lnych naci\u0119\u0107 do cewki moczowej.<\/p>\n<p>Zako\u0144czenie rozszerzacza cewki moczowej sprawia wra\u017cenie przek\u0142ucia, zapobiega przywieraniu, a tak\u017ce stymuluje drugiego partnera.<\/p>\n<p><strong>5 lat gwarancji<\/strong><\/p>\n<p>Jde o relativn\u011b drah\u00fd dilator, ale kvalita zpracov\u00e1n\u00ed, povrchov\u00e9 \u00fapravy a designu tomu odpov\u00edd\u00e1.<\/p>\n<p>&nbsp;<\/p>\n<h2>Warianty:<\/h2>\n<p>d\u0142ugo\u015b\u0107 13 cm, \u015brednica:<\/p>\n<p>S 5-8 mm, 31 g - z jednej strony zielona, z drugiej r\u00f3\u017cowo-fioletowa<\/p>\n<p>M 7-10 mm, 54 g - z jednej strony zielona, z drugiej r\u00f3\u017cowo-fioletowa<\/p>\n<p>L 8-11 mm, 71 g - z jednej strony zielona, z drugiej r\u00f3\u017cowo-fioletowa<\/p>\n<p>D 8-11 mm, 71 g - z jednej strony zielona, z drugiej turkusowa<\/p>\n<p>Materia\u0142: stal nierdzewna<\/p>\n<p>Producent, <a href=\"https:\/\/test.redpipi.com\/pl\/uretalni-hratky-zavadeni-do-mocove-trubice-naplnovani-mocoveho-mechyre\/\">zobacz wi\u0119cej <\/a><a href=\"https:\/\/test.redpipi.com\/pl\/uretalni-hratky\/\">zabawa cewk\u0105 moczow\u0105<\/a><\/p>","protected":false},"excerpt":{"rendered":"<p>Dilator w kolorze metalicznym<\/p>","protected":false},"featured_media":149097,"comment_status":"open","ping_status":"closed","template":"","meta":[],"product_brand":[],"product_cat":[62],"product_tag":[],"class_list":{"0":"post-149092","1":"product","2":"type-product","3":"status-publish","4":"has-post-thumbnail","6":"product_cat-uretalni-dilatory","7":"pa_brand-funny-steel","8":"pa_material-metal","9":"pa_size-d","10":"pa_size-l","11":"pa_size-m","12":"pa_size-s","13":"pa_special-5y-warranty","15":"first","16":"instock","17":"sale","18":"shipping-taxable","19":"purchasable","20":"product-type-variable"},"_links":{"self":[{"href":"https:\/\/test.redpipi.com\/pl\/wp-json\/wp\/v2\/product\/149092","targetHints":{"allow":["GET"]}}],"collection":[{"href":"https:\/\/test.redpipi.com\/pl\/wp-json\/wp\/v2\/product"}],"about":[{"href":"https:\/\/test.redpipi.com\/pl\/wp-json\/wp\/v2\/types\/product"}],"replies":[{"embeddable":true,"href":"https:\/\/test.redpipi.com\/pl\/wp-json\/wp\/v2\/comments?post=149092"}],"wp:featuredmedia":[{"embeddable":true,"href":"https:\/\/test.redpipi.com\/pl\/wp-json\/wp\/v2\/media\/149097"}],"wp:attachment":[{"href":"https:\/\/test.redpipi.com\/pl\/wp-json\/wp\/v2\/media?parent=149092"}],"wp:term":[{"taxonomy":"product_brand","embeddable":true,"href":"https:\/\/test.redpipi.com\/pl\/wp-json\/wp\/v2\/product_brand?post=149092"},{"taxonomy":"product_cat","embeddable":true,"href":"https:\/\/test.redpipi.com\/pl\/wp-json\/wp\/v2\/product_cat?post=149092"},{"taxonomy":"product_tag","embeddable":true,"href":"https:\/\/test.redpipi.com\/pl\/wp-json\/wp\/v2\/product_tag?post=149092"}],"curies":[{"name":"wp","href":"https:\/\/api.w.org\/{rel}","templated":true}]}}