{"id":149053,"date":"2025-11-03T13:11:56","date_gmt":"2025-11-03T12:11:56","guid":{"rendered":"https:\/\/test.redpipi.com\/?post_type=product&#038;p=149053"},"modified":"2026-04-21T11:06:03","modified_gmt":"2026-04-21T10:06:03","slug":"roztomilous-svitici-dildo","status":"publish","type":"product","link":"https:\/\/test.redpipi.com\/pl\/produkt\/roztomilous-svitici-dildo\/","title":{"rendered":"Cute Light-up Dildo 18 * 5,5 cm Faak AW13"},"content":{"rendered":"<p>\u015aliczny \u015bwiec\u0105cy wibrator<\/p>\n<p>&nbsp;<\/p>\n<h2>Z test\u00f3w Cute<\/h2>\n<p>+ Wiele poziom\u00f3w rozszerzenia dildo dla bardziej intensywnych dozna\u0144 seksualnych i podniecenia. Nadaje si\u0119 do desperackiego i intensywnego treningu w tym samym czasie.<\/p>\n<p>+ Wyst\u0119py przyssawek dra\u017cni\u0105 \u0142echtaczk\u0119<\/p>\n<p>+ Realistycznie ukszta\u0142towany wlot cewki moczowej.<\/p>\n<p>+ Luminescencja i kolory s\u0105 \u015bwietne.<\/p>\n<p>+ Przyssawka w d\u00f3\u0142<\/p>\n<p><strong>\u00a0+5 lat gwarancji<\/strong><\/p>\n<p>Wniosek: to b\u0119dzie ulubiony produkt. Mi\u0142y, s\u0142odki prezent dla dziewczyny, kt\u00f3ra boi si\u0119 zabawek erotycznych.<\/p>\n<p>&nbsp;<\/p>\n<p>&nbsp;<\/p>\n<h2>Wibratory luminescencyjne<\/h2>\n<p>Dildo mo\u017ce by\u0107 wielokrotnie o\u015bwietlane \u015bwiat\u0142em dziennym lub sztucznym przez 15 lat. Dildo b\u0119dzie fosforyzowa\u0107 do 5 godzin w zale\u017cno\u015bci od intensywno\u015bci \u015bwiat\u0142a.<\/p>\n<p>Spadek luminescencji dilda w czasie po umieszczeniu w ciemno\u015bci:<\/p>\n<p>po 30 minutach na 50%<\/p>\n<p>po 1 godz. na 25%<\/p>\n<p>po 2 godzinach przy 12.5%<\/p>\n<p>po 4 godzinach na 10%<\/p>\n<p>Uwaga: <strong>Fluorescencyjne, \u015bwiec\u0105ce, fosforescencyjne, \u015bwiec\u0105ce i \u015bwiec\u0105ce<\/strong> oznacza to samo w naszych opisach.<\/p>\n<h2><\/h2>\n<p>Ciekawe jak Deeple przet\u0142umaczy Sweetcute :)))<\/p>\n<p>&nbsp;<\/p>\n<h2>W\u0142a\u015bciwo\u015bci techniczne<\/h2>\n<p>d\u0142ugo\u015b\u0107 18 cm, \u015brednica powy\u017cej przyssawki (bulbus) 5,5 cm, poni\u017cej \u017co\u0142\u0119dzia 4,5 cm<\/p>\n<p><a href=\"\/pl\/mekke-dilda-mekkost-dild\/\">mi\u0119kko\u015b\u0107<\/a>16 H0 (%)<\/p>\n<p>Materia\u0142: <a href=\"https:\/\/test.redpipi.com\/pl\/sex-toys-materials\/\">p\u0142ynny silikon<\/a>, producent Faak, certyfikat CE, YC-2143 AW13<\/p>\n<p>waga: 355g<\/p>\n<p>Pe\u0142nokolorowy silikon. Nie jest to malowanie powierzchniowe. Farby nie mo\u017cna zmy\u0107 ani zetrze\u0107.<\/p>\n<h2>Kolory<\/h2>\n<p>Pe\u0142nokolorowy silikon. Nie jest to malowanie powierzchniowe. Farby nie mo\u017cna zmy\u0107 ani zetrze\u0107.<\/p>\n<p>Kolory wibrator\u00f3w s\u0105 bogate i wiernie odwzorowane. Kolory pozostaj\u0105 zasadniczo tam, gdzie s\u0105 przeznaczone, ale mog\u0105 si\u0119 nieznacznie r\u00f3\u017cni\u0107. Na przyk\u0142ad, gdzie\u015b podczas mieszania tego samego produktu, nieco wi\u0119cej jednego z kolor\u00f3w wychodzi na powierzchni\u0119 kosztem innego koloru. Jednak wszystkie wibratory wykonane w tej technologii wygl\u0105daj\u0105 bardzo dobrze.<\/p>","protected":false},"excerpt":{"rendered":"<p>\u015aliczne \u015bwiec\u0105ce dildo<\/p>","protected":false},"featured_media":149054,"comment_status":"open","ping_status":"closed","template":"","meta":[],"product_brand":[],"product_cat":[643],"product_tag":[],"class_list":{"0":"post-149053","1":"product","2":"type-product","3":"status-publish","4":"has-post-thumbnail","6":"product_cat-zvireci-fantasy-dilda","7":"pa_brand-faak","8":"pa_diametr-41-50mm","9":"pa_hardness-mekke-jako-sval-10-20hc","10":"pa_material-silicone-liquid","11":"pa_special-5y-warranty","12":"pa_special-luminescence","14":"first","15":"instock","16":"shipping-taxable","17":"purchasable","18":"product-type-simple"},"_links":{"self":[{"href":"https:\/\/test.redpipi.com\/pl\/wp-json\/wp\/v2\/product\/149053","targetHints":{"allow":["GET"]}}],"collection":[{"href":"https:\/\/test.redpipi.com\/pl\/wp-json\/wp\/v2\/product"}],"about":[{"href":"https:\/\/test.redpipi.com\/pl\/wp-json\/wp\/v2\/types\/product"}],"replies":[{"embeddable":true,"href":"https:\/\/test.redpipi.com\/pl\/wp-json\/wp\/v2\/comments?post=149053"}],"wp:featuredmedia":[{"embeddable":true,"href":"https:\/\/test.redpipi.com\/pl\/wp-json\/wp\/v2\/media\/149054"}],"wp:attachment":[{"href":"https:\/\/test.redpipi.com\/pl\/wp-json\/wp\/v2\/media?parent=149053"}],"wp:term":[{"taxonomy":"product_brand","embeddable":true,"href":"https:\/\/test.redpipi.com\/pl\/wp-json\/wp\/v2\/product_brand?post=149053"},{"taxonomy":"product_cat","embeddable":true,"href":"https:\/\/test.redpipi.com\/pl\/wp-json\/wp\/v2\/product_cat?post=149053"},{"taxonomy":"product_tag","embeddable":true,"href":"https:\/\/test.redpipi.com\/pl\/wp-json\/wp\/v2\/product_tag?post=149053"}],"curies":[{"name":"wp","href":"https:\/\/api.w.org\/{rel}","templated":true}]}}