{"id":148996,"date":"2025-10-28T12:06:12","date_gmt":"2025-10-28T11:06:12","guid":{"rendered":"https:\/\/test.redpipi.com\/?post_type=product&#038;p=148996"},"modified":"2026-03-26T16:17:20","modified_gmt":"2026-03-26T15:17:20","slug":"dlouhy-kovovovy-analni-kolik-br3-rainbow","status":"publish","type":"product","link":"https:\/\/test.redpipi.com\/pl\/produkt\/dlouhy-kovovovy-analni-kolik-br3-rainbow\/","title":{"rendered":"D\u0142ugi metalowy korek analny 14*2,6cm BR3 Rainbow"},"content":{"rendered":"<p class=\"western\" style=\"text-align: justify;\">D\u0142ugi metalowy korek analny dla ka\u017cdej dziurki<\/p>\n<p class=\"western\" style=\"text-align: justify;\">\u015arednica 3,5 cm (wok\u00f3\u0142 kamienia), 2,6 cm (najwi\u0119ksza kulka), d\u0142ugo\u015b\u0107 14 cm<\/p>\n<p>&nbsp;<\/p>\n<p>5 lat gwarancji<\/p>\n<h2>Warianty<\/h2>\n<p>R\u00f3\u017cowy<\/p>\n<p>szk\u0142o (przezroczyste)<\/p>\n<p>Czerwony<\/p>\n<p>zielony (jest okropny)<\/p>\n<p>&nbsp;<\/p>\n<p class=\"western\">Producent Funny Steel, nr seryjny AP-AL-3BR<\/p>\n<p class=\"western\">stop cynku, chrom, waga 106g<\/p>","protected":false},"excerpt":{"rendered":"<p>D\u0142ugi metalowy korek analny<\/p>","protected":false},"featured_media":149005,"comment_status":"open","ping_status":"closed","template":"","meta":[],"product_brand":[],"product_cat":[25,595],"product_tag":[],"class_list":{"0":"post-148996","1":"product","2":"type-product","3":"status-publish","4":"has-post-thumbnail","6":"product_cat-analni-koliky","7":"product_cat-vyprodej","8":"pa_brand-funny-steel","9":"pa_color-red","10":"pa_color-pink","11":"pa_color-sklenena","12":"pa_color-zelena","13":"pa_diametr-31-40mm","14":"pa_hardness-velmi-tvrde","15":"pa_material-silicone","17":"first","18":"instock","19":"sale","20":"shipping-taxable","21":"purchasable","22":"product-type-variable"},"_links":{"self":[{"href":"https:\/\/test.redpipi.com\/pl\/wp-json\/wp\/v2\/product\/148996","targetHints":{"allow":["GET"]}}],"collection":[{"href":"https:\/\/test.redpipi.com\/pl\/wp-json\/wp\/v2\/product"}],"about":[{"href":"https:\/\/test.redpipi.com\/pl\/wp-json\/wp\/v2\/types\/product"}],"replies":[{"embeddable":true,"href":"https:\/\/test.redpipi.com\/pl\/wp-json\/wp\/v2\/comments?post=148996"}],"wp:featuredmedia":[{"embeddable":true,"href":"https:\/\/test.redpipi.com\/pl\/wp-json\/wp\/v2\/media\/149005"}],"wp:attachment":[{"href":"https:\/\/test.redpipi.com\/pl\/wp-json\/wp\/v2\/media?parent=148996"}],"wp:term":[{"taxonomy":"product_brand","embeddable":true,"href":"https:\/\/test.redpipi.com\/pl\/wp-json\/wp\/v2\/product_brand?post=148996"},{"taxonomy":"product_cat","embeddable":true,"href":"https:\/\/test.redpipi.com\/pl\/wp-json\/wp\/v2\/product_cat?post=148996"},{"taxonomy":"product_tag","embeddable":true,"href":"https:\/\/test.redpipi.com\/pl\/wp-json\/wp\/v2\/product_tag?post=148996"}],"curies":[{"name":"wp","href":"https:\/\/api.w.org\/{rel}","templated":true}]}}