{"id":148988,"date":"2025-10-28T11:08:52","date_gmt":"2025-10-28T10:08:52","guid":{"rendered":"https:\/\/test.redpipi.com\/?post_type=product&#038;p=148988"},"modified":"2026-02-26T21:33:27","modified_gmt":"2026-02-26T20:33:27","slug":"kovovovy-analni-kolik-silny-vroubky-al012l","status":"publish","type":"product","link":"https:\/\/test.redpipi.com\/pl\/produkt\/kovovovy-analni-kolik-silny-vroubky-al012l\/","title":{"rendered":"Metalowy korek analny gruby - naci\u0119cia 10 * 3,8cm AL012L"},"content":{"rendered":"<p class=\"western\" style=\"text-align: justify;\">D\u0142ugi metalowy korek analny dla ka\u017cdej dziurki<\/p>\n<p class=\"western\" style=\"text-align: justify;\">\u015arednica 3,8 cm, d\u0142ugo\u015b\u0107 10,2 cm (\u015brednica kamienia bez metalowej kraw\u0119dzi wynosi 2,7 cm)<\/p>\n<p>&nbsp;<\/p>\n<p>5 lat gwarancji<\/p>\n<h2>Warianty<\/h2>\n<p>R\u00f3\u017cowy<\/p>\n<p>jasnoniebieski<\/p>\n<p>Czerwony<\/p>\n<p>&nbsp;<\/p>\n<p class=\"western\">Producent Funny Steel, nr seryjny AP-AL012-L<\/p>\n<p class=\"western\">stop cynku, chrom, waga 170g<\/p>","protected":false},"excerpt":{"rendered":"<p>Gruby metalowy trzpie\u0144 rade\u0142kowany<\/p>","protected":false},"featured_media":149001,"comment_status":"open","ping_status":"closed","template":"","meta":[],"product_brand":[],"product_cat":[25],"product_tag":[],"class_list":{"0":"post-148988","1":"product","2":"type-product","3":"status-publish","4":"has-post-thumbnail","6":"product_cat-analni-koliky","7":"pa_brand-funny-steel","8":"pa_color-red","9":"pa_color-blue","10":"pa_color-pink","11":"pa_diametr-31-40mm","12":"pa_hardness-velmi-tvrde","13":"pa_material-silicone","15":"first","16":"instock","17":"shipping-taxable","18":"purchasable","19":"product-type-variable"},"_links":{"self":[{"href":"https:\/\/test.redpipi.com\/pl\/wp-json\/wp\/v2\/product\/148988","targetHints":{"allow":["GET"]}}],"collection":[{"href":"https:\/\/test.redpipi.com\/pl\/wp-json\/wp\/v2\/product"}],"about":[{"href":"https:\/\/test.redpipi.com\/pl\/wp-json\/wp\/v2\/types\/product"}],"replies":[{"embeddable":true,"href":"https:\/\/test.redpipi.com\/pl\/wp-json\/wp\/v2\/comments?post=148988"}],"wp:featuredmedia":[{"embeddable":true,"href":"https:\/\/test.redpipi.com\/pl\/wp-json\/wp\/v2\/media\/149001"}],"wp:attachment":[{"href":"https:\/\/test.redpipi.com\/pl\/wp-json\/wp\/v2\/media?parent=148988"}],"wp:term":[{"taxonomy":"product_brand","embeddable":true,"href":"https:\/\/test.redpipi.com\/pl\/wp-json\/wp\/v2\/product_brand?post=148988"},{"taxonomy":"product_cat","embeddable":true,"href":"https:\/\/test.redpipi.com\/pl\/wp-json\/wp\/v2\/product_cat?post=148988"},{"taxonomy":"product_tag","embeddable":true,"href":"https:\/\/test.redpipi.com\/pl\/wp-json\/wp\/v2\/product_tag?post=148988"}],"curies":[{"name":"wp","href":"https:\/\/api.w.org\/{rel}","templated":true}]}}