{"id":148977,"date":"2025-10-30T10:45:28","date_gmt":"2025-10-30T09:45:28","guid":{"rendered":"https:\/\/test.redpipi.com\/?post_type=product&#038;p=148977"},"modified":"2026-04-11T21:09:13","modified_gmt":"2026-04-11T20:09:13","slug":"kovovovy-analni-kolik-dlouhyal014l","status":"publish","type":"product","link":"https:\/\/test.redpipi.com\/pl\/produkt\/kovovovy-analni-kolik-dlouhyal014l\/","title":{"rendered":"D\u0142ugi metalowy korek analny 14,2*3,3cm AL014L"},"content":{"rendered":"<p class=\"western\" style=\"text-align: justify;\">D\u0142ugi metalowy korek analny dla ka\u017cdej dziurki<\/p>\n<p class=\"western\" style=\"text-align: justify;\">\u015arednica 3,5 cm (wok\u00f3\u0142 kamienia), 3,3 cm (najwi\u0119ksza kulka), d\u0142ugo\u015b\u0107 14,2 cm<\/p>\n<p>Irytuj\u0105ce stopniowe powi\u0119kszanie si\u0119<\/p>\n<p>&nbsp;<\/p>\n<p>5 lat gwarancji<\/p>\n<h2>Warianty<\/h2>\n<p>R\u00f3\u017cowy<\/p>\n<p>\u015bwiat\u0142a niebieskie<\/p>\n<p>Czerwony<\/p>\n<p>&nbsp;<\/p>\n<p class=\"western\">Producent Funny Steel, nr seryjny AP-AL014<\/p>\n<p class=\"western\">stop cynku, chrom, waga 170g<\/p>","protected":false},"excerpt":{"rendered":"<p>D\u0142ugi korek analny<\/p>","protected":false},"featured_media":148982,"comment_status":"open","ping_status":"closed","template":"","meta":[],"product_brand":[],"product_cat":[25],"product_tag":[],"class_list":{"0":"post-148977","1":"product","2":"type-product","3":"status-publish","4":"has-post-thumbnail","6":"product_cat-analni-koliky","7":"pa_brand-funny-steel","8":"pa_color-red","9":"pa_color-blue","10":"pa_color-pink","11":"pa_diametr-31-40mm","12":"pa_hardness-velmi-tvrde","13":"pa_material-silicone","15":"first","16":"instock","17":"shipping-taxable","18":"purchasable","19":"product-type-variable"},"_links":{"self":[{"href":"https:\/\/test.redpipi.com\/pl\/wp-json\/wp\/v2\/product\/148977","targetHints":{"allow":["GET"]}}],"collection":[{"href":"https:\/\/test.redpipi.com\/pl\/wp-json\/wp\/v2\/product"}],"about":[{"href":"https:\/\/test.redpipi.com\/pl\/wp-json\/wp\/v2\/types\/product"}],"replies":[{"embeddable":true,"href":"https:\/\/test.redpipi.com\/pl\/wp-json\/wp\/v2\/comments?post=148977"}],"wp:featuredmedia":[{"embeddable":true,"href":"https:\/\/test.redpipi.com\/pl\/wp-json\/wp\/v2\/media\/148982"}],"wp:attachment":[{"href":"https:\/\/test.redpipi.com\/pl\/wp-json\/wp\/v2\/media?parent=148977"}],"wp:term":[{"taxonomy":"product_brand","embeddable":true,"href":"https:\/\/test.redpipi.com\/pl\/wp-json\/wp\/v2\/product_brand?post=148977"},{"taxonomy":"product_cat","embeddable":true,"href":"https:\/\/test.redpipi.com\/pl\/wp-json\/wp\/v2\/product_cat?post=148977"},{"taxonomy":"product_tag","embeddable":true,"href":"https:\/\/test.redpipi.com\/pl\/wp-json\/wp\/v2\/product_tag?post=148977"}],"curies":[{"name":"wp","href":"https:\/\/api.w.org\/{rel}","templated":true}]}}