{"id":148786,"date":"2026-02-14T12:25:12","date_gmt":"2026-02-14T11:25:12","guid":{"rendered":"https:\/\/test.redpipi.com\/?post_type=product&#038;p=148786"},"modified":"2026-04-06T23:54:05","modified_gmt":"2026-04-06T22:54:05","slug":"roubik-kulicka-kmg","status":"publish","type":"product","link":"https:\/\/test.redpipi.com\/pl\/produkt\/roubik-kulicka-kmg\/","title":{"rendered":"Kula gumowa KMG"},"content":{"rendered":"<p>\u015arednica knebla kulkowego wynosi 42 mm<\/p>\n<p>Pasuje do ka\u017cdych ust i ka\u017cdego rozmiaru g\u0142owy<\/p>\n<p>&nbsp;<\/p>\n<p>kolor czarny<\/p>\n<p>&nbsp;<\/p>\n<p>materia\u0142: knebel - <a href=\"https:\/\/test.redpipi.com\/pl\/sex-toys-materials\/\">silikon klasy medycznej<\/a>, sk\u00f3rzany pasek z PVC<\/p>\n<p>waga: 100g<\/p>\n<p>Producent: Kaomei Global KMG<\/p>","protected":false},"excerpt":{"rendered":"<p>Silikonowy knebel z zaokr\u0105glonym zapi\u0119ciem i blokad\u0105.<\/p>","protected":false},"featured_media":148788,"comment_status":"open","ping_status":"closed","template":"","meta":[],"product_brand":[],"product_cat":[305],"product_tag":[],"class_list":{"0":"post-148786","1":"product","2":"type-product","3":"status-publish","4":"has-post-thumbnail","6":"product_cat-roubiky","7":"pa_brand-kaomei-global","8":"pa_material-silicone","10":"first","11":"instock","12":"shipping-taxable","13":"purchasable","14":"product-type-simple"},"_links":{"self":[{"href":"https:\/\/test.redpipi.com\/pl\/wp-json\/wp\/v2\/product\/148786","targetHints":{"allow":["GET"]}}],"collection":[{"href":"https:\/\/test.redpipi.com\/pl\/wp-json\/wp\/v2\/product"}],"about":[{"href":"https:\/\/test.redpipi.com\/pl\/wp-json\/wp\/v2\/types\/product"}],"replies":[{"embeddable":true,"href":"https:\/\/test.redpipi.com\/pl\/wp-json\/wp\/v2\/comments?post=148786"}],"wp:featuredmedia":[{"embeddable":true,"href":"https:\/\/test.redpipi.com\/pl\/wp-json\/wp\/v2\/media\/148788"}],"wp:attachment":[{"href":"https:\/\/test.redpipi.com\/pl\/wp-json\/wp\/v2\/media?parent=148786"}],"wp:term":[{"taxonomy":"product_brand","embeddable":true,"href":"https:\/\/test.redpipi.com\/pl\/wp-json\/wp\/v2\/product_brand?post=148786"},{"taxonomy":"product_cat","embeddable":true,"href":"https:\/\/test.redpipi.com\/pl\/wp-json\/wp\/v2\/product_cat?post=148786"},{"taxonomy":"product_tag","embeddable":true,"href":"https:\/\/test.redpipi.com\/pl\/wp-json\/wp\/v2\/product_tag?post=148786"}],"curies":[{"name":"wp","href":"https:\/\/api.w.org\/{rel}","templated":true}]}}