{"id":148771,"date":"2025-10-14T10:57:01","date_gmt":"2025-10-14T09:57:01","guid":{"rendered":"https:\/\/test.redpipi.com\/?post_type=product&#038;p=148771"},"modified":"2025-12-08T13:49:28","modified_gmt":"2025-12-08T12:49:28","slug":"girly-dildo-kmg","status":"publish","type":"product","link":"https:\/\/test.redpipi.com\/pl\/produkt\/girly-dildo-kmg\/","title":{"rendered":"Girly Dildo KMG"},"content":{"rendered":"<p>Mniejsze i \u015brednie dildo w dziewcz\u0119cych kolorach.<\/p>\n<p>Kolory s\u0105 trwa\u0142e i nieusuwalne<\/p>\n<p>Mocna przyssawka<\/p>\n<p>&nbsp;<\/p>\n<h2>Warianty<\/h2>\n<p>A - serca 17,5 cm d\u0142ugo\u015bci * 3,6 cm \u015brednicy nad przyssawk\u0105, 213 g, <a href=\"https:\/\/test.redpipi.com\/pl\/sex-toys-materials\/\">p\u0142ynny silikon<\/a>, Nr katalogowy DO-004-L Serce w kolorze r\u00f3\u017cowym<\/p>\n<p>B - \u201cFuck me\u201d 19,5 cm d\u0142ugo\u015bci * 4,2 cm \u015brednicy nad przyssawk\u0105, 265 g, nr art. DO-098-FUCK ME<\/p>\n<p>&nbsp;<\/p>\n<h2>Z test\u00f3w Redpipi<\/h2>\n<p>Pozytywne: jak na materia\u0142 \u017celowy TPR wci\u0105\u017c przyzwoicie mi\u0119kki. Nieco lepsza mi\u0119kko\u015b\u0107 ni\u017c standard rynkowy.<\/p>\n<p>Negatywne: Przezroczysto\u015b\u0107 blaknie po kilku u\u017cyciach i praniach, ale niestety jest to w\u0142a\u015bciwo\u015b\u0107 materia\u0142u, a nie wada.<\/p>\n<h2>W\u0142a\u015bciwo\u015bci techniczne<\/h2>\n<p class=\"western\" style=\"text-align: justify;\">Bezwonny<\/p>\n<p><span class=\"product-sku\"><a href=\"\/pl\/mekke-dilda-mekkost-dild\/\">twardo\u015b\u0107 dildo:<\/a> 30 H0, \u015brednio twardy \/ standard rynkowy<\/span><\/p>\n<p class=\"western\" style=\"text-align: justify;\">(mi\u0119kki), certyfikat CE<\/p>\n<p>Producent: Kaomei, KMG<\/p>\n<h2>Instrukcje<\/h2>\n<p>Stosowa\u0107 z \u017celami na bazie wody. Przechowywa\u0107 w plastikowej torebce, aby zapewni\u0107 d\u0142u\u017csz\u0105 przejrzysto\u015b\u0107.<\/p>","protected":false},"excerpt":{"rendered":"<p>Silikonowe i \u017celowe dildo w dziewcz\u0119cych kolorach<\/p>","protected":false},"featured_media":148793,"comment_status":"open","ping_status":"closed","template":"","meta":[],"product_brand":[],"product_cat":[642],"product_tag":[],"class_list":{"0":"post-148771","1":"product","2":"type-product","3":"status-publish","4":"has-post-thumbnail","6":"product_cat-mekke-dilda","7":"pa_brand-kaomei-global","8":"pa_diametr-31-40mm","9":"pa_diametr-41-50mm","10":"pa_hardness-20-30hc","11":"pa_material-silicone","12":"pa_material-tpr","14":"first","15":"instock","16":"shipping-taxable","17":"purchasable","18":"product-type-variable"},"_links":{"self":[{"href":"https:\/\/test.redpipi.com\/pl\/wp-json\/wp\/v2\/product\/148771","targetHints":{"allow":["GET"]}}],"collection":[{"href":"https:\/\/test.redpipi.com\/pl\/wp-json\/wp\/v2\/product"}],"about":[{"href":"https:\/\/test.redpipi.com\/pl\/wp-json\/wp\/v2\/types\/product"}],"replies":[{"embeddable":true,"href":"https:\/\/test.redpipi.com\/pl\/wp-json\/wp\/v2\/comments?post=148771"}],"wp:featuredmedia":[{"embeddable":true,"href":"https:\/\/test.redpipi.com\/pl\/wp-json\/wp\/v2\/media\/148793"}],"wp:attachment":[{"href":"https:\/\/test.redpipi.com\/pl\/wp-json\/wp\/v2\/media?parent=148771"}],"wp:term":[{"taxonomy":"product_brand","embeddable":true,"href":"https:\/\/test.redpipi.com\/pl\/wp-json\/wp\/v2\/product_brand?post=148771"},{"taxonomy":"product_cat","embeddable":true,"href":"https:\/\/test.redpipi.com\/pl\/wp-json\/wp\/v2\/product_cat?post=148771"},{"taxonomy":"product_tag","embeddable":true,"href":"https:\/\/test.redpipi.com\/pl\/wp-json\/wp\/v2\/product_tag?post=148771"}],"curies":[{"name":"wp","href":"https:\/\/api.w.org\/{rel}","templated":true}]}}