{"id":148634,"date":"2025-10-31T08:44:06","date_gmt":"2025-10-31T07:44:06","guid":{"rendered":"https:\/\/test.redpipi.com\/?post_type=product&#038;p=148634"},"modified":"2026-04-21T21:11:56","modified_gmt":"2026-04-21T20:11:56","slug":"nafukovaci-strikaci-dildo-maniac","status":"publish","type":"product","link":"https:\/\/test.redpipi.com\/pl\/produkt\/nafukovaci-strikaci-dildo-maniac\/","title":{"rendered":"Dildo w sprayu Maniac 20 x 5 - 9,5 cm Faak 5014"},"content":{"rendered":"<p>Nadmuchiwane i tryskaj\u0105ce dildo zwi\u0119ksza swoj\u0105 \u015brednic\u0119 po napompowaniu (patrz poni\u017cej) i pozwala do\u015bwiadczy\u0107 wra\u017cenia penisa wystrzelonego do pochwy, odbytu lub ust.<\/p>\n<p>wideo <a href=\"\/wp-content\/uploads\/2025\/09\/maniac-inflatable-squirt-dildo-CQZS501-4-Faak-12.mp4\">Dildo nadmuchiwane i wibruj\u0105ce Cesar<\/a> 3MB<\/p>\n<p>&nbsp;<\/p>\n<h2>Testowanie nadmuchiwanego dildo<\/h2>\n<p>+ Inflacja zwi\u0119kszy poczucie uleg\u0142o\u015bci u u\u017cytkownika i poczucie dominacji u obserwatora.<\/p>\n<p>+ Wewn\u0119trzna rurka wtrysku lub balon irygacyjny mog\u0105 by\u0107 r\u00f3wnie\u017c u\u017cywane do \u0142atwego tryskania wod\u0105, lubrykantem lub innym p\u0142ynem przez dildo.<\/p>\n<p>+ Mi\u0119kko\u015b\u0107 zbli\u017cona do idealnej.<\/p>\n<p>W\u0105\u017c nie pl\u0105cze si\u0119 i jest mi\u0119kki. Wytrzymuje przez d\u0142ugi czas.<\/p>\n<p>+ Nowo\u015b\u0107 na 2025 r. Realistyczne nadmuchiwane dildo do squirtingu na rynku do tej pory.<\/p>\n<p>- Dildo nape\u0142nia si\u0119 tylko w dolnej cz\u0119\u015bci powy\u017cej j\u0105der. B\u0119dzie mia\u0142 tendencj\u0119 do wysuwania si\u0119 podczas pompowania i b\u0119dzie musia\u0142 by\u0107 ca\u0142kowicie schowany, a nawet wst\u0119pnie napompowany na pocz\u0105tku pompowania, aby utrzyma\u0107 si\u0119 w pochwie lub odbycie.<\/p>\n<p>-Wysoka cena.<\/p>\n<p><strong>Wnioski:<\/strong> Najwy\u017cszej klasy wielofunkcyjne, nadmuchiwane dildo. Wysoka cena nie odpowiada jednak naszym zdaniem w pe\u0142ni warto\u015bci dodanej.<\/p>\n<p>&nbsp;<\/p>\n<h2>Parametry techniczne i producent:<\/h2>\n<p>Wymiary: 20 cm x 5 cm, \u015brednica 9 cm po napompowaniu<\/p>\n<p><a href=\"\/pl\/mekke-dilda-mekkost-dild\/\">mi\u0119kko\u015b\u0107 wibratora<\/a>12 Ho (%), idealny - kurczy si\u0119 i rozci\u0105ga w ciele, masuj\u0105c tkanki wewn\u0119trzne<\/p>\n<p>Materia\u0142: <a href=\"https:\/\/test.redpipi.com\/pl\/sex-toys-materials\/\">p\u0142ynny silikon<\/a><\/p>\n<p>Waga: 635g<\/p>\n<p>Producent: Faak Certyfikat CE, numer seryjny ADLCQZS501 4<\/p>\n<p>&nbsp;<\/p>\n<h2>Kolory<\/h2>\n<p>Pe\u0142nokolorowy silikon. Nie jest to malowanie powierzchniowe. Farby nie mo\u017cna zmy\u0107 ani zetrze\u0107. Kolory s\u0105 bogate, wierne \u017cyciu. Rozk\u0142ad kolor\u00f3w i proporcje mog\u0105 si\u0119 nieznacznie r\u00f3\u017cni\u0107.<\/p>\n<p>&nbsp;<\/p>\n<h2>Instrukcje<\/h2>\n<p>Przekr\u0119\u0107 zaw\u00f3r w lewo. Napompowa\u0107. Maksymalnie 15 nape\u0142nie\u0144. Przekr\u0119\u0107 zaw\u00f3r w prawo, aby spu\u015bci\u0107 powietrze.<\/p>\n<p>W przypadku korzystania z p\u0142ynu innego ni\u017c woda, po u\u017cyciu nale\u017cy prawid\u0142owo przep\u0142uka\u0107 przew\u00f3d p\u0142ynu wod\u0105.<\/p>","protected":false},"excerpt":{"rendered":"<p>Najwy\u017cszej klasy wielofunkcyjny nadmuchiwany dildo do squirtingu.<\/p>","protected":false},"featured_media":148636,"comment_status":"open","ping_status":"closed","template":"","meta":[],"product_brand":[],"product_cat":[642],"product_tag":[],"class_list":{"0":"post-148634","1":"product","2":"type-product","3":"status-publish","4":"has-post-thumbnail","6":"product_cat-mekke-dilda","7":"pa_brand-faak","8":"pa_diametr-51-60mm","9":"pa_diametr-61-120mm","10":"pa_hardness-mekke-jako-sval-10-20hc","11":"pa_material-silicone-liquid","12":"pa_special-5y-warranty","13":"pa_special-jine","14":"pa_special-waterresist","16":"first","17":"instock","18":"shipping-taxable","19":"purchasable","20":"product-type-simple"},"_links":{"self":[{"href":"https:\/\/test.redpipi.com\/pl\/wp-json\/wp\/v2\/product\/148634","targetHints":{"allow":["GET"]}}],"collection":[{"href":"https:\/\/test.redpipi.com\/pl\/wp-json\/wp\/v2\/product"}],"about":[{"href":"https:\/\/test.redpipi.com\/pl\/wp-json\/wp\/v2\/types\/product"}],"replies":[{"embeddable":true,"href":"https:\/\/test.redpipi.com\/pl\/wp-json\/wp\/v2\/comments?post=148634"}],"wp:featuredmedia":[{"embeddable":true,"href":"https:\/\/test.redpipi.com\/pl\/wp-json\/wp\/v2\/media\/148636"}],"wp:attachment":[{"href":"https:\/\/test.redpipi.com\/pl\/wp-json\/wp\/v2\/media?parent=148634"}],"wp:term":[{"taxonomy":"product_brand","embeddable":true,"href":"https:\/\/test.redpipi.com\/pl\/wp-json\/wp\/v2\/product_brand?post=148634"},{"taxonomy":"product_cat","embeddable":true,"href":"https:\/\/test.redpipi.com\/pl\/wp-json\/wp\/v2\/product_cat?post=148634"},{"taxonomy":"product_tag","embeddable":true,"href":"https:\/\/test.redpipi.com\/pl\/wp-json\/wp\/v2\/product_tag?post=148634"}],"curies":[{"name":"wp","href":"https:\/\/api.w.org\/{rel}","templated":true}]}}