{"id":148606,"date":"2025-10-30T10:44:03","date_gmt":"2025-10-30T09:44:03","guid":{"rendered":"https:\/\/test.redpipi.com\/?post_type=product&#038;p=148606"},"modified":"2026-04-21T21:11:28","modified_gmt":"2026-04-21T20:11:28","slug":"dildo-velke-chapadlo","status":"publish","type":"product","link":"https:\/\/test.redpipi.com\/pl\/produkt\/dildo-velke-chapadlo\/","title":{"rendered":"Dildo Big Tentacle"},"content":{"rendered":"<p>Dildo i korek analny w kszta\u0142cie macki<\/p>\n<p>5 lat gwarancji<\/p>\n<p>&nbsp;<\/p>\n<h2>Testowanie d\u0142ugiej macki do pochwy lub odbytu<\/h2>\n<p>+ Intensywne stopniowe rozci\u0105ganie (do poziomu pi\u0119\u015bci w wi\u0119kszych rozmiarach)<\/p>\n<p>+ Intensywna g\u0142\u0119bia<\/p>\n<p>+ Przyssawki delikatnie masuj\u0105<\/p>\n<p>+ Projekt<\/p>\n<p>+ w naszej niestandardowej mi\u0119kko\u015bci jest naprawd\u0119 dobrze<\/p>\n<p>&nbsp;<\/p>\n<h2>Warianty<\/h2>\n<p>S - 28 cm x 3,6 cm, waga: 170 g<\/p>\n<p>M - 35 cm x 4,7 cm, waga: 335 g<\/p>\n<p>L - 45 cm x 5,7 cm, waga: 695 g<\/p>\n<p>XL - 55 cm x 6,5 cm, waga: 1067 g<\/p>\n<p>XXL - 63 cm x 7,9 cm, waga: 1757 g<\/p>\n<p>&nbsp;<\/p>\n<h2>W\u0142a\u015bciwo\u015bci techniczne<strong><br \/>\n<\/strong><\/h2>\n<p>materia\u0142: wysoce elastyczny i mi\u0119kki <a href=\"https:\/\/test.redpipi.com\/pl\/sex-toys-materials\/\">p\u0142ynny silikon<\/a><\/p>\n<p><a href=\"https:\/\/test.redpipi.com\/pl\/proper-sex-toy\/\">idealna mi\u0119kko\u015b\u0107<\/a>: 7 HC (%) - dzia\u0142a jak ludzka tkanka w ciele (mi\u0119kko\u015b\u0107 jest niestandardowa - 1\/3 rynku i standardu producenta)<\/p>\n<p>Producent Faak, certyfikat CE, numer seryjny. PWS 2155<\/p>\n<p>&nbsp;<\/p>\n<h2>Kolory<\/h2>\n<p>Pe\u0142nokolorowy silikon. Nie jest to barwienie powierzchniowe. Koloru nie mo\u017cna zmy\u0107 ani zetrze\u0107. Kolory s\u0105 bogate i wierne obrazowi.<\/p>","protected":false},"excerpt":{"rendered":"<p>Dildo i korek analny w kszta\u0142cie macki<\/p>","protected":false},"featured_media":148612,"comment_status":"open","ping_status":"closed","template":"","meta":[],"product_brand":[],"product_cat":[25,267,643],"product_tag":[],"class_list":{"0":"post-148606","1":"product","2":"type-product","3":"status-publish","4":"has-post-thumbnail","6":"product_cat-analni-koliky","7":"product_cat-redpipi-design","8":"product_cat-zvireci-fantasy-dilda","9":"pa_brand-faak","10":"pa_diametr-31-40mm","11":"pa_diametr-41-50mm","12":"pa_diametr-51-60mm","13":"pa_diametr-61-120mm","14":"pa_hardness-mekke-ideal-5-10hc","15":"pa_material-silicone-liquid","16":"pa_size-l","17":"pa_size-m","18":"pa_size-s","19":"pa_size-xl","20":"pa_size-xxl","22":"first","23":"instock","24":"shipping-taxable","25":"purchasable","26":"product-type-variable"},"_links":{"self":[{"href":"https:\/\/test.redpipi.com\/pl\/wp-json\/wp\/v2\/product\/148606","targetHints":{"allow":["GET"]}}],"collection":[{"href":"https:\/\/test.redpipi.com\/pl\/wp-json\/wp\/v2\/product"}],"about":[{"href":"https:\/\/test.redpipi.com\/pl\/wp-json\/wp\/v2\/types\/product"}],"replies":[{"embeddable":true,"href":"https:\/\/test.redpipi.com\/pl\/wp-json\/wp\/v2\/comments?post=148606"}],"wp:featuredmedia":[{"embeddable":true,"href":"https:\/\/test.redpipi.com\/pl\/wp-json\/wp\/v2\/media\/148612"}],"wp:attachment":[{"href":"https:\/\/test.redpipi.com\/pl\/wp-json\/wp\/v2\/media?parent=148606"}],"wp:term":[{"taxonomy":"product_brand","embeddable":true,"href":"https:\/\/test.redpipi.com\/pl\/wp-json\/wp\/v2\/product_brand?post=148606"},{"taxonomy":"product_cat","embeddable":true,"href":"https:\/\/test.redpipi.com\/pl\/wp-json\/wp\/v2\/product_cat?post=148606"},{"taxonomy":"product_tag","embeddable":true,"href":"https:\/\/test.redpipi.com\/pl\/wp-json\/wp\/v2\/product_tag?post=148606"}],"curies":[{"name":"wp","href":"https:\/\/api.w.org\/{rel}","templated":true}]}}