{"id":148602,"date":"2025-10-31T10:18:20","date_gmt":"2025-10-31T09:18:20","guid":{"rendered":"https:\/\/test.redpipi.com\/?post_type=product&#038;p=148602"},"modified":"2026-04-18T12:26:00","modified_gmt":"2026-04-18T11:26:00","slug":"dusici-roubik-realisticky-penis","status":"publish","type":"product","link":"https:\/\/test.redpipi.com\/pl\/produkt\/dusici-roubik-realisticky-penis\/","title":{"rendered":"D\u0142awi\u0105cy knebel realistyczny penis"},"content":{"rendered":"<p>D\u0142awi\u0105cy knebel w kszta\u0142cie realistycznego penisa<\/p>\n<p>Mo\u017ce by\u0107 r\u00f3wnie\u017c u\u017cywany do pochwy lub jako korek analny<\/p>\n<p>Dla wszystkich rozmiar\u00f3w g\u0142owy<\/p>\n<p>&nbsp;<\/p>\n<h2>Z test\u00f3w Redpipi<\/h2>\n<p>+ Naprawd\u0119 masywny i intensywny<\/p>\n<p>+ Natychmiast wywo\u0142uje odruch wymiotny, krztuszenie si\u0119 i panik\u0119. Naprawd\u0119 tylko dla bardzo zahartowanych i wyszkolonych, kt\u00f3rzy potrafi\u0105 poradzi\u0107 sobie z g\u0142\u0119bokim gard\u0142em!<\/p>\n<p>+ Wizualne i realistyczne kolory<\/p>\n<p>+ W por\u00f3wnaniu ze zwyk\u0142ymi silikonowymi kneblami, ten mi\u0119kki, realistyczny materia\u0142 jest bardziej komfortowy.<\/p>\n<p>+ Nowo\u015b\u0107 10\/2025 Na rynku nie by\u0142o jeszcze mi\u0119kkiego i realistycznego knebla do d\u0142awienia.<\/p>\n<p>+Pasek wykonany jest z wysokiej jako\u015bci sztucznej sk\u00f3ry, a zapi\u0119cie na zatrzaski jest szybkie i elastyczne.<\/p>\n<p>&nbsp;<\/p>\n<p><strong>Wskaz\u00f3wki:<\/strong> Paradoksalnie, wielu osobom prawdopodobnie \u0142atwiej b\u0119dzie oddycha\u0107 przez usta ni\u017c przez nos.<\/p>\n<p>Je\u015bli jest zbyt du\u017cy, spr\u00f3buj go przyci\u0105\u0107 no\u017cyczkami. Spowoduje to zepsucie wizualizacji, ale b\u0119dzie mo\u017cna go u\u017cy\u0107.<\/p>\n<p>Po wielokrotnym uruchomieniu w spoczynku mo\u017cna go ju\u017c poluzowa\u0107, ale nie dokr\u0119ci\u0107. Nale\u017cy pr\u00f3bowa\u0107 stopniowo, przez kr\u00f3tki czas i w spoczynku.<\/p>\n<p>&nbsp;<\/p>\n<p><strong>Wnioski:<\/strong> Intensywny, ale tylko dla tych, kt\u00f3rzy chc\u0105 trenowa\u0107 stopniowo lub dla tych, kt\u00f3rzy potrafi\u0105 g\u0142\u0119boko gard\u0142owa\u0107. Zwykli ludzie b\u0119d\u0105 w stanie wdro\u017cy\u0107 go tylko cz\u0119\u015bciowo i nie b\u0119dzie to dla nich zobowi\u0105zuj\u0105ce.<\/p>\n<p>&nbsp;<\/p>\n<h2>Warianty<\/h2>\n<p>Typ 1 lewy, d\u0142ugo\u015b\u0107 13 * \u015brednica 5,3 cm, waga 310 g, nr zam. S8605-K<\/p>\n<p>Typ 2 prawy, d\u0142ugo\u015b\u0107 14,7 * \u015brednica 5,3 cm i 5,4 cm (prz\u00f3d-ty\u0142), waga 380 g, nr zam. S8609-K<\/p>\n<p>&nbsp;<\/p>\n<h2>W\u0142a\u015bciwo\u015bci techniczne<strong><br \/>\n<\/strong><\/h2>\n<p>Materia\u0142: <a href=\"https:\/\/test.redpipi.com\/pl\/sex-toys-materials\/\">p\u0142ynny silikon<\/a><\/p>\n<p><a href=\"https:\/\/test.redpipi.com\/pl\/mekke-dilda-mekkost-dild\/\">idealna mi\u0119kko\u015b\u0107<\/a>19 H0 (%) - dzia\u0142a jak ludzka tkanka w organizmie<\/p>\n<p>Producent Faak, certyfikat CE<\/p>\n<p>&nbsp;<\/p>\n<h2>Kolory<\/h2>\n<p>Pe\u0142nokolorowy silikon. Nie jest to barwienie powierzchniowe. Koloru nie mo\u017cna zmy\u0107 ani zetrze\u0107. Kolory s\u0105 bogate i wierne obrazowi.<\/p>\n<p>&nbsp;<\/p>\n<h2>Instrukcje<\/h2>\n<p>Nie stosowa\u0107 jako knebla u os\u00f3b z ograniczon\u0105 zdolno\u015bci\u0105 oddychania (trwa\u0142\u0105 lub spowodowan\u0105 chorob\u0105 uk\u0142adu oddechowego). Nie pozostawia\u0107 osoby bez nadzoru. Istnieje ryzyko uduszenia. Szacunek <a href=\"https:\/\/test.redpipi.com\/pl\/bondage-tips\/\">Lekcje bezpiecze\u0144stwa w seksie BDSM<\/a>.<\/p>\n<p>Nie zaciskaj ca\u0142kowicie! Knebel utrudni oddychanie przez usta i nos.<\/p>\n<p>Silikon mo\u017cna bezpiecznie sterylizowa\u0107 przez gotowanie. Zwyk\u0142e mycie jest jednak wystarczaj\u0105ce. Mo\u017cna stosowa\u0107 wszystkie rodzaje smar\u00f3w.<\/p>","protected":false},"excerpt":{"rendered":"<p>Masywny knebel d\u0142awi\u0105cy w kszta\u0142cie realistycznego penisa<\/p>","protected":false},"featured_media":148605,"comment_status":"open","ping_status":"closed","template":"","meta":[],"product_brand":[],"product_cat":[642,305],"product_tag":[],"class_list":{"0":"post-148602","1":"product","2":"type-product","3":"status-publish","4":"has-post-thumbnail","6":"product_cat-mekke-dilda","7":"product_cat-roubiky","8":"pa_brand-faak","9":"pa_diametr-41-50mm","10":"pa_diametr-51-60mm","11":"pa_hardness-mekke-jako-sval-10-20hc","12":"pa_material-silicone-liquid","14":"first","15":"instock","16":"shipping-taxable","17":"purchasable","18":"product-type-variable"},"_links":{"self":[{"href":"https:\/\/test.redpipi.com\/pl\/wp-json\/wp\/v2\/product\/148602","targetHints":{"allow":["GET"]}}],"collection":[{"href":"https:\/\/test.redpipi.com\/pl\/wp-json\/wp\/v2\/product"}],"about":[{"href":"https:\/\/test.redpipi.com\/pl\/wp-json\/wp\/v2\/types\/product"}],"replies":[{"embeddable":true,"href":"https:\/\/test.redpipi.com\/pl\/wp-json\/wp\/v2\/comments?post=148602"}],"wp:featuredmedia":[{"embeddable":true,"href":"https:\/\/test.redpipi.com\/pl\/wp-json\/wp\/v2\/media\/148605"}],"wp:attachment":[{"href":"https:\/\/test.redpipi.com\/pl\/wp-json\/wp\/v2\/media?parent=148602"}],"wp:term":[{"taxonomy":"product_brand","embeddable":true,"href":"https:\/\/test.redpipi.com\/pl\/wp-json\/wp\/v2\/product_brand?post=148602"},{"taxonomy":"product_cat","embeddable":true,"href":"https:\/\/test.redpipi.com\/pl\/wp-json\/wp\/v2\/product_cat?post=148602"},{"taxonomy":"product_tag","embeddable":true,"href":"https:\/\/test.redpipi.com\/pl\/wp-json\/wp\/v2\/product_tag?post=148602"}],"curies":[{"name":"wp","href":"https:\/\/api.w.org\/{rel}","templated":true}]}}