{"id":148587,"date":"2025-10-30T18:53:13","date_gmt":"2025-10-30T17:53:13","guid":{"rendered":"https:\/\/test.redpipi.com\/?post_type=product&#038;p=148587"},"modified":"2026-04-21T11:04:49","modified_gmt":"2026-04-21T10:04:49","slug":"egg-dildo-faak","status":"publish","type":"product","link":"https:\/\/test.redpipi.com\/pl\/produkt\/egg-dildo-faak\/","title":{"rendered":"Egg Dildo Faak 20*5,5 cm"},"content":{"rendered":"<p>Egg Dildo sk\u0142ada jaja wy\u0142\u0105cznie w \u017cywych organizmach ludzkich, na kt\u00f3rych nast\u0119pnie paso\u017cytuje do momentu wyklucia si\u0119 jaj :).<\/p>\n<p>Tego brakowa\u0142o na rynku od d\u0142u\u017cszego czasu.<\/p>\n<h2>Testowanie dildo znosz\u0105cego jaja<\/h2>\n<p>+ Ci\u015bnienie stopniowo wypycha wszystkie jajka<\/p>\n<p>+ Bardzo elastyczna zabawka erotyczna<\/p>\n<p>+ Ciekawe, oryginalne do\u015bwiadczenia<\/p>\n<p>+Wysokiej jako\u015bci metalowy zaw\u00f3r nie przecieka<\/p>\n<p>+ W\u0105\u017c mo\u017cna \u0142atwo przed\u0142u\u017cy\u0107<\/p>\n<p>+ Pi\u0119kny design i kolory koralowca lub ukwia\u0142u<\/p>\n<p>&nbsp;<\/p>\n<p><strong>Wskaz\u00f3wka: <\/strong>Zalecamy nasmarowanie jajeczka lub penisa przed w\u0142o\u017ceniem. Bez lubrykantu jajeczko wyskoczy nieco bardziej.<\/p>\n<p>&nbsp;<\/p>\n<h2>W\u0142a\u015bciwo\u015bci techniczne<strong><br \/>\n<\/strong><\/h2>\n<p>d\u0142ugo\u015b\u0107 20 cm, \u015brednica \u017co\u0142\u0119dzia 4,3 cm, \u015brednica d\u0142oni 5,7 cm<\/p>\n<p>jajko 3,8 * 3,2 cm<\/p>\n<p>Materia\u0142: <a href=\"https:\/\/test.redpipi.com\/pl\/sex-toys-materials\/\">p\u0142ynny silikon<\/a><\/p>\n<p><a href=\"https:\/\/test.redpipi.com\/pl\/mekke-dilda-mekkost-dild\/\">mi\u0119kko\u015b\u0107<\/a>Idealne 16 HC (%), ale subiektywnie bardziej mi\u0119kkie ze wzgl\u0119du na wg\u0142\u0119bienie<\/p>\n<p>Producent Faak, certyfikat CE, nr seryjny wn1133- QDOR-R2<\/p>\n<p>Waga: 425 g dildo i 125 g jajka<\/p>\n<h2>Kolory<\/h2>\n<p>Pe\u0142nokolorowy silikon. Nie jest to barwienie powierzchniowe. Koloru nie mo\u017cna zmy\u0107 ani zetrze\u0107. Kolory s\u0105 bogate i wierne obrazowi.<\/p>\n<h2>Instrukcje<\/h2>\n<p>Zaw\u00f3r zamyka si\u0119 w kierunku zgodnym z ruchem wskaz\u00f3wek zegara (luzuje si\u0119 w kierunku przeciwnym), a nast\u0119pnie mo\u017cna go napompowa\u0107.<\/p>","protected":false},"excerpt":{"rendered":"<p>Dildo sk\u0142adaj\u0105ce jaja w pochwie lub odbycie i 5 jaj<\/p>","protected":false},"featured_media":148589,"comment_status":"open","ping_status":"closed","template":"","meta":[],"product_brand":[],"product_cat":[25,642,643],"product_tag":[],"class_list":{"0":"post-148587","1":"product","2":"type-product","3":"status-publish","4":"has-post-thumbnail","6":"product_cat-analni-koliky","7":"product_cat-mekke-dilda","8":"product_cat-zvireci-fantasy-dilda","9":"pa_brand-faak","10":"pa_diametr-41-50mm","11":"pa_diametr-61-120mm","12":"pa_hardness-mekke-ideal-5-10hc","13":"pa_material-silicone-liquid","14":"pa_special-jine","16":"first","17":"instock","18":"shipping-taxable","19":"purchasable","20":"product-type-simple"},"_links":{"self":[{"href":"https:\/\/test.redpipi.com\/pl\/wp-json\/wp\/v2\/product\/148587","targetHints":{"allow":["GET"]}}],"collection":[{"href":"https:\/\/test.redpipi.com\/pl\/wp-json\/wp\/v2\/product"}],"about":[{"href":"https:\/\/test.redpipi.com\/pl\/wp-json\/wp\/v2\/types\/product"}],"replies":[{"embeddable":true,"href":"https:\/\/test.redpipi.com\/pl\/wp-json\/wp\/v2\/comments?post=148587"}],"wp:featuredmedia":[{"embeddable":true,"href":"https:\/\/test.redpipi.com\/pl\/wp-json\/wp\/v2\/media\/148589"}],"wp:attachment":[{"href":"https:\/\/test.redpipi.com\/pl\/wp-json\/wp\/v2\/media?parent=148587"}],"wp:term":[{"taxonomy":"product_brand","embeddable":true,"href":"https:\/\/test.redpipi.com\/pl\/wp-json\/wp\/v2\/product_brand?post=148587"},{"taxonomy":"product_cat","embeddable":true,"href":"https:\/\/test.redpipi.com\/pl\/wp-json\/wp\/v2\/product_cat?post=148587"},{"taxonomy":"product_tag","embeddable":true,"href":"https:\/\/test.redpipi.com\/pl\/wp-json\/wp\/v2\/product_tag?post=148587"}],"curies":[{"name":"wp","href":"https:\/\/api.w.org\/{rel}","templated":true}]}}