{"id":148569,"date":"2024-11-03T10:18:34","date_gmt":"2024-11-03T09:18:34","guid":{"rendered":"https:\/\/test.redpipi.com\/?post_type=product&#038;p=148569"},"modified":"2026-01-30T19:49:14","modified_gmt":"2026-01-30T18:49:14","slug":"longer-cock-penis-nastavec-otevreny-zalud-faak-5021","status":"publish","type":"product","link":"https:\/\/test.redpipi.com\/pl\/produkt\/longer-cock-penis-nastavec-otevreny-zalud-faak-5021\/","title":{"rendered":"D\u0142u\u017csza nasadka na penisa z otwart\u0105 \u017co\u0142\u0119dzi\u0105 Faak 5021XL 18* 5,8 cm"},"content":{"rendered":"<p>Realistyczny przed\u0142u\u017cacz penisa z ods\u0142oni\u0119t\u0105 \u017co\u0142\u0119dzi\u0105.<\/p>\n<p>Umo\u017cliwia intensywne rozci\u0105ganie przy zachowaniu pe\u0142nej czu\u0142o\u015bci.<\/p>\n<p>Rozmiar Uni: z \u0142atwo\u015bci\u0105 zmie\u015bci penisa o grubo\u015bci 5 cm lub grubszego i dowolne m\u0119skie j\u0105dra.<\/p>\n<p><a href=\"\/wp-content\/uploads\/2025\/09\/penis-sleeve-OS-ADL5021-faak-all-sizes-video.mp4\">wideo Realistyczny przed\u0142u\u017cacz penisa D\u0142u\u017cszy<\/a> 3 MB (rozmiar L jest drugi od lewej)<\/p>\n<p>&nbsp;<\/p>\n<h2>Z test\u00f3w Redpipi<\/h2>\n<p>+ W przeciwie\u0144stwie do wielu innych, os\u0142onka na penisa dzia\u0142a nie tylko bardzo dobrze, ale wr\u0119cz idealnie. Rozci\u0105ga pochw\u0119, dzi\u0119ki czemu pozostaje otwarta nawet po stosunku. Je\u015bli nast\u0119pnie w\u0142o\u017cysz penisa do pochwy bez os\u0142onki, poczujesz, jak lu\u017ana tkanka pochwy przyjemnie si\u0119 wok\u00f3\u0142 niego owija.<\/p>\n<p>+ Otwarta g\u00f3rna cz\u0119\u015b\u0107 pozostawia ods\u0142oni\u0119t\u0105 \u017co\u0142\u0105d\u017a penisa. Pozwala to zachowa\u0107 niemal pe\u0142n\u0105 wra\u017cliwo\u015b\u0107 pr\u0105cia, a tak\u017ce umo\u017cliwia dopasowanie nawet nieograniczenie d\u0142ugich penis\u00f3w.<\/p>\n<p>+ Realistyczny i praktyczny design. Kiedy patrzysz na penisa m\u0119\u017cczyzny w przed\u0142u\u017caczu podczas seksu, naturalnie \u0142\u0105czy si\u0119 on z przed\u0142u\u017caczem zar\u00f3wno wizualnie, jak i pod wzgl\u0119dem krzywizny.<\/p>\n<p>+ Dobry do naturalnego treningu przed porodem.<\/p>\n<p>Pasek na j\u0105dra dobrze przytrzymuje penisa przy ciele.<\/p>\n<p>&nbsp;<\/p>\n<p><strong>Wnioski:<\/strong> Naprawd\u0119 solidne i w przeciwie\u0144stwie do innych du\u017cych etui wysokiej jako\u015bci, wystarczaj\u0105co mi\u0119kkie i dobrze zaprojektowane. Spodoba ci si\u0119.<\/p>\n<p>&nbsp;<\/p>\n<h2><strong>Instrukcje<\/strong><\/h2>\n<p>Zawsze dobrze nasmaruj nasadki na zewn\u0105trz i wewn\u0105trz przed u\u017cyciem. Trzymaj opask\u0119 na j\u0105drach nie d\u0142u\u017cej ni\u017c kilkadziesi\u0105t minut i zdejmij j\u0105 natychmiast, je\u015bli pojawi si\u0119 b\u00f3l lub dr\u0119twienie.<\/p>\n<p>&nbsp;<\/p>\n<h2>W\u0142a\u015bciwo\u015bci techniczne<strong><br \/>\n<\/strong><\/h2>\n<p>18* 5,8 cm, \u015brednica wewn\u0119trzna 2,8 cm, wn\u0119trze mo\u017cna rozszerzy\u0107 do \u015brednicy 6 cm, (wariant XL, pierwszy od lewej), nr art. ADL5021XL<\/p>\n<p>materia\u0142: wysoce elastyczny i mi\u0119kki <a href=\"https:\/\/test.redpipi.com\/pl\/sex-toys-materials\/\">p\u0142ynny silikon<\/a><\/p>\n<p><a href=\"https:\/\/test.redpipi.com\/pl\/mekke-dilda-mekkost-dild\/\">idealna twardo\u015b\u0107<\/a>: 7 H0 (%) - dzia\u0142a jak ludzka tkanka w organizmie<\/p>\n<p>waga: 325g<\/p>\n<p>Producent Faak, certyfikat CE<\/p>\n<p>&nbsp;<\/p>\n<h2>Kolory<\/h2>\n<p>Pe\u0142nokolorowy silikon. Nie jest to barwienie powierzchniowe. Koloru nie mo\u017cna zmy\u0107 ani zetrze\u0107. Kolory s\u0105 bogate i wierne obrazowi.<\/p>","protected":false},"excerpt":{"rendered":"<p>Realistyczne d\u0142ugie przed\u0142u\u017cenie penisa z otwart\u0105 \u017co\u0142\u0119dzi\u0105<\/p>","protected":false},"featured_media":148585,"comment_status":"open","ping_status":"closed","template":"","meta":[],"product_brand":[],"product_cat":[55,107],"product_tag":[],"class_list":{"0":"post-148569","1":"product","2":"type-product","3":"status-publish","4":"has-post-thumbnail","6":"product_cat-erekcni-krouky","7":"product_cat-penis-nastavce","8":"pa_brand-faak","9":"pa_diametr-51-60mm","10":"pa_hardness-mekke-ideal-5-10hc","11":"pa_material-silicone-liquid","13":"first","14":"outofstock","15":"shipping-taxable","16":"purchasable","17":"product-type-simple"},"_links":{"self":[{"href":"https:\/\/test.redpipi.com\/pl\/wp-json\/wp\/v2\/product\/148569","targetHints":{"allow":["GET"]}}],"collection":[{"href":"https:\/\/test.redpipi.com\/pl\/wp-json\/wp\/v2\/product"}],"about":[{"href":"https:\/\/test.redpipi.com\/pl\/wp-json\/wp\/v2\/types\/product"}],"replies":[{"embeddable":true,"href":"https:\/\/test.redpipi.com\/pl\/wp-json\/wp\/v2\/comments?post=148569"}],"wp:featuredmedia":[{"embeddable":true,"href":"https:\/\/test.redpipi.com\/pl\/wp-json\/wp\/v2\/media\/148585"}],"wp:attachment":[{"href":"https:\/\/test.redpipi.com\/pl\/wp-json\/wp\/v2\/media?parent=148569"}],"wp:term":[{"taxonomy":"product_brand","embeddable":true,"href":"https:\/\/test.redpipi.com\/pl\/wp-json\/wp\/v2\/product_brand?post=148569"},{"taxonomy":"product_cat","embeddable":true,"href":"https:\/\/test.redpipi.com\/pl\/wp-json\/wp\/v2\/product_cat?post=148569"},{"taxonomy":"product_tag","embeddable":true,"href":"https:\/\/test.redpipi.com\/pl\/wp-json\/wp\/v2\/product_tag?post=148569"}],"curies":[{"name":"wp","href":"https:\/\/api.w.org\/{rel}","templated":true}]}}