{"id":148546,"date":"2024-10-30T10:03:08","date_gmt":"2024-10-30T09:03:08","guid":{"rendered":"https:\/\/test.redpipi.com\/?post_type=product&#038;p=148546"},"modified":"2026-01-30T19:50:56","modified_gmt":"2026-01-30T18:50:56","slug":"bigger-cock-realisticky-penis-nastavec-otevreny-zalud-faak","status":"publish","type":"product","link":"https:\/\/test.redpipi.com\/pl\/produkt\/bigger-cock-realisticky-penis-nastavec-otevreny-zalud-faak\/","title":{"rendered":"Wi\u0119kszy kutas Realistyczny przed\u0142u\u017cacz penisa Otwarta \u017co\u0142\u0105d\u017a Faak 14,5 * 6,1 cm G1325M"},"content":{"rendered":"<p>Realistyczny przed\u0142u\u017cacz penisa z ods\u0142oni\u0119t\u0105 \u017co\u0142\u0119dzi\u0105 i napletkiem.<\/p>\n<p>Umo\u017cliwia intensywne rozci\u0105ganie przy zachowaniu pe\u0142nej czu\u0142o\u015bci.<\/p>\n<p>Rozmiar Uni: z \u0142atwo\u015bci\u0105 zmie\u015bci penisa o grubo\u015bci 5 cm lub grubszego i dowolne m\u0119skie j\u0105dra.<\/p>\n<p><a href=\"\/wp-content\/uploads\/2025\/09\/penis-nastavec-G1325M.mp4\">Wideo Realistyczny Przed\u0142u\u017cacz Penisa Wi\u0119kszy<\/a> 26MB<\/p>\n<p>&nbsp;<\/p>\n<h2>Testowanie wi\u0119kszego ekstendera penisa<\/h2>\n<p>Os\u0142ona na penisa dzia\u0142a w przeciwie\u0144stwie do wielu innych nie tylko bardzo dobrze, ale wr\u0119cz idealnie. Rozci\u0105ga cipk\u0119 tak, \u017ce pozostaje otwarta nawet po seksie. Je\u015bli nast\u0119pnie w\u0142o\u017cysz penisa bez os\u0142ony, mo\u017cesz poczu\u0107, jak lu\u017ana tkanka pochwy przyjemnie si\u0119 wok\u00f3\u0142 niego zwija.<\/p>\n<p>Co sprawia, \u017ce ten przed\u0142u\u017cacz penisa jest wyj\u0105tkowy?<\/p>\n<p>1. otwarta g\u00f3rna cz\u0119\u015b\u0107 pozostawia ods\u0142oni\u0119t\u0105 \u017co\u0142\u0105d\u017a penisa. Pozwala to zachowa\u0107 prawie pe\u0142n\u0105 wra\u017cliwo\u015b\u0107 penisa, a tak\u017ce umo\u017cliwia dopasowanie nawet nieograniczenie d\u0142ugich penis\u00f3w.<\/p>\n<p>2. Najwi\u0119ksze rozszerzenie znajduje si\u0119 po\u015brodku. Oznacza to, \u017ce najszersza cz\u0119\u015b\u0107 penetruje wn\u0119trze pochwy, w przeciwie\u0144stwie do wielu podobnych przed\u0142u\u017caczy z przed\u0142u\u017ceniem u nasady. Pochwa rozszerza si\u0119 i kurczy wok\u00f3\u0142 \u015brodka, co masuje pochw\u0119 i daje kobiecie przyjemno\u015b\u0107. Ostatecznie oznacza to bardziej intensywne rozci\u0105ganie i seks dla kobiety. W rezultacie partnerka jest bardziej ch\u0119tna do orgazmu i fistingu. W przeciwie\u0144stwie do tego, konwencjonalne przed\u0142u\u017cenia pr\u0105cia o tej samej szeroko\u015bci na ca\u0142ej d\u0142ugo\u015bci mog\u0105 by\u0107 nadmiernie lub bole\u015bnie obci\u0105\u017caj\u0105ce dla niekt\u00f3rych kobiet. Lub s\u0105 one niewystarczaj\u0105co mocne.<\/p>\n<p>3. W tym przypadku uda\u0142o im si\u0119 zr\u00f3wnowa\u017cy\u0107 du\u017c\u0105 grubo\u015b\u0107, kt\u00f3ra nadal penetruje pochw\u0119 bez \u017cadnych problem\u00f3w. Z naszego do\u015bwiadczenia wynika, \u017ce grubszy r\u0119kaw po prostu zwija\u0142by si\u0119 na zewn\u0105trz.<\/p>\n<p>\u0141adny i praktyczny design. Kiedy patrzysz na penisa m\u0119\u017cczyzny w przed\u0142u\u017caczu podczas seksu, naturalnie \u0142\u0105czy si\u0119 on z przed\u0142u\u017caczem zar\u00f3wno wizualnie, jak i pod wzgl\u0119dem krzywizny.<\/p>\n<p>Dobry do naturalnego treningu przed porodem.<\/p>\n<p>Pasek na j\u0105dra dobrze przytrzymuje penisa przy ciele.<\/p>\n<p>&nbsp;<\/p>\n<p>Wniosek: doskona\u0142y<\/p>\n<p>&nbsp;<\/p>\n<h2><strong>Instrukcje<\/strong><\/h2>\n<p>Zawsze dobrze nasmaruj nasadki na zewn\u0105trz i wewn\u0105trz przed u\u017cyciem. Trzymaj opask\u0119 na j\u0105drach nie d\u0142u\u017cej ni\u017c kilkadziesi\u0105t minut i zdejmij j\u0105 natychmiast, je\u015bli pojawi si\u0119 b\u00f3l lub dr\u0119twienie.<\/p>\n<p>&nbsp;<\/p>\n<h2>W\u0142a\u015bciwo\u015bci techniczne<strong><br \/>\n<\/strong><\/h2>\n<p>14,5 * 6,1 cm, \u015brednica wewn\u0119trzna 2,8 cm, \u015brednica wewn\u0119trzna mo\u017ce by\u0107 rozszerzona do 6 cm<\/p>\n<p>materia\u0142: wysoce elastyczny i mi\u0119kki <a href=\"https:\/\/test.redpipi.com\/pl\/sex-toys-materials\/\">p\u0142ynny silikon<\/a><\/p>\n<p><a href=\"https:\/\/test.redpipi.com\/pl\/mekke-dilda-mekkost-dild\/\">idealna twardo\u015b\u0107<\/a>: 7 H0 (%) - dzia\u0142a jak ludzka tkanka w organizmie<\/p>\n<p>waga: 247g<\/p>\n<p>Producent Faak, certyfikat CE, nr seryjny G1325M<\/p>\n<p>&nbsp;<\/p>\n<h2>Kolory<\/h2>\n<p>Pe\u0142nokolorowy silikon. Nie jest to barwienie powierzchniowe. Koloru nie mo\u017cna zmy\u0107 ani zetrze\u0107. Kolory s\u0105 bogate i wierne obrazowi.<\/p>","protected":false},"excerpt":{"rendered":"<p>Realistyczny przed\u0142u\u017cacz penisa Wi\u0119ksze otwarcie<\/p>","protected":false},"featured_media":148552,"comment_status":"open","ping_status":"closed","template":"","meta":[],"product_brand":[],"product_cat":[55,107],"product_tag":[],"class_list":{"0":"post-148546","1":"product","2":"type-product","3":"status-publish","4":"has-post-thumbnail","6":"product_cat-erekcni-krouky","7":"product_cat-penis-nastavce","8":"pa_brand-faak","9":"pa_diametr-41-50mm","10":"pa_diametr-61-120mm","11":"pa_hardness-mekke-ideal-5-10hc","12":"pa_material-silicone-liquid","14":"first","15":"outofstock","16":"shipping-taxable","17":"purchasable","18":"product-type-simple"},"_links":{"self":[{"href":"https:\/\/test.redpipi.com\/pl\/wp-json\/wp\/v2\/product\/148546","targetHints":{"allow":["GET"]}}],"collection":[{"href":"https:\/\/test.redpipi.com\/pl\/wp-json\/wp\/v2\/product"}],"about":[{"href":"https:\/\/test.redpipi.com\/pl\/wp-json\/wp\/v2\/types\/product"}],"replies":[{"embeddable":true,"href":"https:\/\/test.redpipi.com\/pl\/wp-json\/wp\/v2\/comments?post=148546"}],"wp:featuredmedia":[{"embeddable":true,"href":"https:\/\/test.redpipi.com\/pl\/wp-json\/wp\/v2\/media\/148552"}],"wp:attachment":[{"href":"https:\/\/test.redpipi.com\/pl\/wp-json\/wp\/v2\/media?parent=148546"}],"wp:term":[{"taxonomy":"product_brand","embeddable":true,"href":"https:\/\/test.redpipi.com\/pl\/wp-json\/wp\/v2\/product_brand?post=148546"},{"taxonomy":"product_cat","embeddable":true,"href":"https:\/\/test.redpipi.com\/pl\/wp-json\/wp\/v2\/product_cat?post=148546"},{"taxonomy":"product_tag","embeddable":true,"href":"https:\/\/test.redpipi.com\/pl\/wp-json\/wp\/v2\/product_tag?post=148546"}],"curies":[{"name":"wp","href":"https:\/\/api.w.org\/{rel}","templated":true}]}}