{"id":148536,"date":"2025-10-30T09:56:15","date_gmt":"2025-10-30T08:56:15","guid":{"rendered":"https:\/\/test.redpipi.com\/?post_type=product&#038;p=148536"},"modified":"2026-04-21T21:46:09","modified_gmt":"2026-04-21T20:46:09","slug":"realisticky-penis-nastavec-predkozka-otevreny-zalud-faak","status":"publish","type":"product","link":"https:\/\/test.redpipi.com\/pl\/produkt\/realisticky-penis-nastavec-predkozka-otevreny-zalud-faak\/","title":{"rendered":"Faak G1322M 14,8* 5,2 cm Realistyczny przed\u0142u\u017cacz penisa napletek otwarta \u017co\u0142\u0105d\u017a"},"content":{"rendered":"<p>Realistyczny przed\u0142u\u017cacz penisa z ods\u0142oni\u0119t\u0105 \u017co\u0142\u0119dzi\u0105 i napletkiem.<\/p>\n<p>Umo\u017cliwia intensywne rozci\u0105ganie przy zachowaniu pe\u0142nej czu\u0142o\u015bci.<\/p>\n<p>Rozmiar Uni: z \u0142atwo\u015bci\u0105 zmie\u015bci penisa o grubo\u015bci 5 cm lub grubszego i dowolne m\u0119skie j\u0105dra.<\/p>\n<p>wideo <a href=\"\/wp-content\/uploads\/2025\/09\/penis-sleeveFAAK-G1322M.mp4\">Realistyczny przed\u0142u\u017cacz napletka<\/a> 20MB<\/p>\n<p>&nbsp;<\/p>\n<h2>Z test\u00f3w os\u0142ony penisa Redpipi<\/h2>\n<p>Os\u0142ona na penisa dzia\u0142a w przeciwie\u0144stwie do wielu innych nie tylko bardzo dobrze, ale wr\u0119cz idealnie. Rozci\u0105ga cipk\u0119 tak, \u017ce pozostaje otwarta nawet po seksie. Je\u015bli nast\u0119pnie w\u0142o\u017cysz penisa bez os\u0142ony, mo\u017cesz poczu\u0107, jak lu\u017ana tkanka pochwy przyjemnie si\u0119 wok\u00f3\u0142 niego zwija.<\/p>\n<p>Co sprawia, \u017ce ten przed\u0142u\u017cacz penisa jest wyj\u0105tkowy?<\/p>\n<p>Pozostawia ods\u0142oni\u0119t\u0105 g\u00f3rn\u0105 cz\u0119\u015b\u0107 - woln\u0105 \u017co\u0142\u0105d\u017a penisa. Pozwala to zachowa\u0107 prawie pe\u0142n\u0105 wra\u017cliwo\u015b\u0107 pr\u0105cia, a tak\u017ce umo\u017cliwia dopasowanie nawet nieograniczenie d\u0142ugich penis\u00f3w.<\/p>\n<p>\u0141adny i praktyczny design. Kiedy patrzysz na penisa m\u0119\u017cczyzny w przed\u0142u\u017caczu podczas seksu, naturalnie \u0142\u0105czy si\u0119 on z przed\u0142u\u017caczem zar\u00f3wno wizualnie, jak i pod wzgl\u0119dem krzywizny.<\/p>\n<p>Dobry do naturalnego treningu przed porodem.<\/p>\n<p>Pasek na j\u0105dra dobrze przytrzymuje penisa przy ciele.<\/p>\n<p>Interesuj\u0105cy rodzaj perwersyjnego projektu i kszta\u0142tu starego cz\u0142owieka.<\/p>\n<p>&nbsp;<\/p>\n<p>Wniosek: os\u0142ona penisa przezabawna pod ka\u017cdym wzgl\u0119dem.<\/p>\n<p>&nbsp;<\/p>\n<p>&nbsp;<\/p>\n<h2><strong>Instrukcje<\/strong><\/h2>\n<p>Zawsze dobrze nasmaruj nasadki na zewn\u0105trz i wewn\u0105trz przed u\u017cyciem. Trzymaj opask\u0119 na j\u0105drach nie d\u0142u\u017cej ni\u017c kilkadziesi\u0105t minut i zdejmij j\u0105 natychmiast, je\u015bli pojawi si\u0119 b\u00f3l lub dr\u0119twienie.<\/p>\n<p>&nbsp;<\/p>\n<h2>W\u0142a\u015bciwo\u015bci techniczne<strong><br \/>\n<\/strong><\/h2>\n<p>14,8* 5,2 cm, \u015brednica wewn\u0119trzna 3,2 cm, \u015brednica wewn\u0119trzna mo\u017ce by\u0107 rozszerzona do 6 cm<\/p>\n<p>materia\u0142: wysoce elastyczny i mi\u0119kki <a href=\"https:\/\/test.redpipi.com\/pl\/sex-toys-materials\/\">p\u0142ynny silikon<\/a><\/p>\n<p><a href=\"https:\/\/test.redpipi.com\/pl\/mekke-dilda-mekkost-dild\/\">idealna twardo\u015b\u0107<\/a>: 7 H0 (%) - dzia\u0142a jak ludzka tkanka w organizmie<\/p>\n<p>waga: 193g<\/p>\n<p>Producent Faak, certyfikat CE, nr seryjny G1322M<\/p>\n<p>&nbsp;<\/p>\n<h2>Kolory<\/h2>\n<p>Pe\u0142nokolorowy silikon. Nie jest to barwienie powierzchniowe. Koloru nie mo\u017cna zmy\u0107 ani zetrze\u0107. Kolory s\u0105 bogate i wierne obrazowi.<\/p>","protected":false},"excerpt":{"rendered":"<p>Realistyczny przed\u0142u\u017cacz penisa z otwartym napletkiem<\/p>","protected":false},"featured_media":148539,"comment_status":"open","ping_status":"closed","template":"","meta":[],"product_brand":[],"product_cat":[55,107],"product_tag":[],"class_list":{"0":"post-148536","1":"product","2":"type-product","3":"status-publish","4":"has-post-thumbnail","6":"product_cat-erekcni-krouky","7":"product_cat-penis-nastavce","8":"pa_brand-faak","9":"pa_diametr-41-50mm","10":"pa_hardness-mekke-ideal-5-10hc","11":"pa_material-silicone-liquid","13":"first","14":"outofstock","15":"shipping-taxable","16":"purchasable","17":"product-type-simple"},"_links":{"self":[{"href":"https:\/\/test.redpipi.com\/pl\/wp-json\/wp\/v2\/product\/148536","targetHints":{"allow":["GET"]}}],"collection":[{"href":"https:\/\/test.redpipi.com\/pl\/wp-json\/wp\/v2\/product"}],"about":[{"href":"https:\/\/test.redpipi.com\/pl\/wp-json\/wp\/v2\/types\/product"}],"replies":[{"embeddable":true,"href":"https:\/\/test.redpipi.com\/pl\/wp-json\/wp\/v2\/comments?post=148536"}],"wp:featuredmedia":[{"embeddable":true,"href":"https:\/\/test.redpipi.com\/pl\/wp-json\/wp\/v2\/media\/148539"}],"wp:attachment":[{"href":"https:\/\/test.redpipi.com\/pl\/wp-json\/wp\/v2\/media?parent=148536"}],"wp:term":[{"taxonomy":"product_brand","embeddable":true,"href":"https:\/\/test.redpipi.com\/pl\/wp-json\/wp\/v2\/product_brand?post=148536"},{"taxonomy":"product_cat","embeddable":true,"href":"https:\/\/test.redpipi.com\/pl\/wp-json\/wp\/v2\/product_cat?post=148536"},{"taxonomy":"product_tag","embeddable":true,"href":"https:\/\/test.redpipi.com\/pl\/wp-json\/wp\/v2\/product_tag?post=148536"}],"curies":[{"name":"wp","href":"https:\/\/api.w.org\/{rel}","templated":true}]}}