{"id":66,"date":"2016-04-21T06:48:17","date_gmt":"2016-04-21T05:48:17","guid":{"rendered":"https:\/\/test.test.redpipi.com\/?page_id=66"},"modified":"2026-01-28T11:46:04","modified_gmt":"2026-01-28T10:46:04","slug":"kontakt","status":"publish","type":"page","link":"https:\/\/test.redpipi.com\/pl\/kontakt\/","title":{"rendered":"Kontakt"},"content":{"rendered":"<div data-elementor-type=\"wp-page\" data-elementor-id=\"66\" class=\"elementor elementor-66\" data-elementor-post-type=\"page\">\n\t\t\t\t<div class=\"elementor-element elementor-element-7139078f e-flex e-con-boxed e-con e-parent\" data-id=\"7139078f\" data-element_type=\"container\" data-e-type=\"container\">\n\t\t\t\t\t<div class=\"e-con-inner\">\n\t\t\t\t<div class=\"elementor-element elementor-element-13ba9a57 elementor-widget__width-initial elementor-widget elementor-widget-text-editor\" data-id=\"13ba9a57\" data-element_type=\"widget\" data-e-type=\"widget\" data-widget_type=\"text-editor.default\">\n\t\t\t\t<div class=\"elementor-widget-container\">\n\t\t\t\t\t\t\t\t\t<p>W\u0142adimir Koranda,\u00a0<strong> Identyfikator: 66470161\u00a0<\/strong><\/p>\n<p><!-- \/wp:paragraph --><!-- wp:paragraph --><\/p>\n<p><strong><a title=\"tel: (+420) 608 704 884\" href=\"tel: (+420) 608 704 884\">tel: (+420) 608 704 884<\/a><\/strong><\/p>\n<p><!-- \/wp:paragraph --><!-- wp:paragraph --><\/p>\n<p>info@test.redpipi.com<\/p>\n<p><!-- \/wp:paragraph --><!-- wp:paragraph --><\/p>\n<p>Czeski, angielski, niemiecki.<\/p>\n<p>\u00a0<\/p>\n<p><strong>Informacje o ofertach dostawc\u00f3w:<\/strong> Za\u0142\u0105cz katalog xls lub pdf ze zdj\u0119ciem i cen\u0105.<\/p>\n<p><!-- \/wp:paragraph --><!-- wp:heading {\"level\":4} --><\/p>\n<h4>\u00a0<\/h4>\n<h4><strong>Adres sklepu i dostawy<\/strong><\/h4>\n<p><!-- \/wp:heading --><!-- wp:paragraph --><\/p>\n<p>Redpipi \u2013 Vladim\u00edr Koranda, Svatoslavova 554\/1, 140 00 Praga 4 Nusle (zdj\u0119cie poni\u017cej), <a href=\"https:\/\/www.google.cz\/maps\/place\/SM+obchod+Kim+Phuong+Vo+Thi\/@50.0619686,14.4402845,15z\/data=!4m2!3m1!1s0x0:0xe9ed16ed49da86c?sa=X&amp;ved=0ahUKEwikncKDtMvQAhXGVxQKHScQAXkQ_BIIczAK\">Mapa<\/a> Poni\u017cej<\/p>\n<p><!-- \/wp:paragraph --><!-- wp:paragraph --><\/p>\n<p><strong>Zwykle mo\u017cesz si\u0119 z nami skontaktowa\u0107 w godzinach 7:00-19:00. Nie mamy sta\u0142ych godzin otwarcia, zalecamy dzwonienie z co najmniej 60-minutowym wyprzedzeniem<\/strong>. Sklep jest zawsze zamkni\u0119ty. Zadzwo\u0144 lub zadzwo\u0144 na miejscu.<span style=\"color: #ff0000;\"><br \/><\/span><\/p>\n<p><!-- \/wp:paragraph --><!-- wp:columns --><\/p>\n<div>\n<p><!-- wp:column --><\/p>\n<div>\n<p><!-- wp:paragraph --><\/p>\n<p><strong>P\u0142atno\u015b\u0107:<\/strong> Got\u00f3wka, Visa, Maestro, Mastercard, GPay, ApplePay<\/p>\n<p><!-- \/wp:paragraph --><\/p>\n<\/div>\n<p><!-- \/wp:column --><!-- wp:column --><\/p>\n<div>\n<p><!-- wp:image {\"id\":29647,\"sizeSlug\":\"full\",\"linkDestination\":\"media\"} --><\/p>\n<figure><a href=\"https:\/\/test.redpipi.com\/wp-content\/uploads\/2023\/05\/footer-payment-cards-800px.png\"><img decoding=\"async\" src=\"https:\/\/test.redpipi.com\/wp-content\/uploads\/2023\/05\/footer-payment-cards-800px.png\" alt=\"\" width=\"195\" height=\"18\" \/><\/a><\/figure>\n<p><!-- \/wp:image --><\/p>\n<\/div>\n<p><!-- \/wp:column --><\/p>\n<\/div>\n<p><!-- \/wp:columns --><!-- wp:paragraph --><\/p>\n<p>TRANSPORT PUBLICZNY<strong>\u00a0Brothers Synk Square<\/strong> (tramwaj 11,14,18, autobus 193), <strong>Otakarova<\/strong> (tramwaj 6,7,24), <strong>metro Vysehrad<\/strong> (8-10 min.)<\/p>\n<p>\u00a0<\/p>\n<p><strong>Wysy\u0142ka i czas dostawy<\/strong><\/p>\n<p>Wysy\u0142amy towary do UE. Ceny wysy\u0142ki mo\u017cna znale\u017a\u0107 na stronie kasy. Po prostu w\u0142\u00f3\u017c wszystko do koszyka i wybierz kraj dostawy w kasie.<\/p>\n<p>Zam\u00f3wienia z\u0142o\u017cone przed godzin\u0105 9:00 dostarczamy jutro do Czech, a do pozosta\u0142ych kraj\u00f3w pojutrze. Dla zam\u00f3wie\u0144 od 9:00 do 24:00 dzie\u0144 p\u00f3\u017aniej. Weekendy i \u015bwi\u0119ta pa\u0144stwowe nie s\u0105 brane pod uwag\u0119.<\/p>\n<p>\u00a0<\/p>\n<p><strong>Przelew bankowy.<\/strong><\/p>\n<p>Jedno konto dla wszystkich walut.<\/p>\n<p>Numer konta: 1205710\/2060 (numer konta w formacie IBAN: CZ8620600000000001205710).<\/p>\n<p><!-- \/wp:paragraph --><!-- wp:paragraph --><\/p>\n<p>BIC\/SWIFT: CITFCZPPXXX<\/p>\n<p><!-- \/wp:paragraph --><!-- wp:paragraph --><\/p>\n<p>Nazwa konta (w\u0142a\u015bciciel konta): Vladim\u00edr Koranda, adres w\u0142a\u015bciciela konta jest taki sam jak adres siedziby: Dru\u017estevn\u00ed ochoz 1378\/21, 140 00 Praga 4, Republika Czeska<\/p>\n<p><!-- \/wp:paragraph --><!-- wp:paragraph --><\/p>\n<p>Nazwa instytucji finansowej prowadz\u0105cej rachunek: <a href=\"https:\/\/www.citfin.eu\/\">Citfin, sp\u00f3\u0142dzielnia oszcz\u0119dno\u015bciowa<\/a>, Radlick\u00e1 751\/113e, Praga 5, Republika Czeska<\/p>\n<p><!-- \/wp:paragraph --><!-- wp:paragraph --><\/p>\n<p>Zmienny symbol (lub pow\u00f3d realizacji) = nr zam\u00f3wienia.<\/p>\n<p><!-- \/wp:paragraph --><!-- wp:gallery {\"columns\":2,\"linkTo\":\"none\"} --><\/p>\n<figure><!-- wp:image {\"id\":16775,\"sizeSlug\":\"large\",\"linkDestination\":\"none\"} -->\n<p>\u00a0<\/p>\n<figure><\/figure>\n<p><!-- \/wp:image --><!-- wp:image {\"id\":16774,\"sizeSlug\":\"large\",\"linkDestination\":\"none\"} --><\/p>\n<figure><\/figure>\n<p><!-- \/wp:image --><\/p>\n<\/figure>\n<p><!-- \/wp:gallery --><!-- wp:image {\"align\":\"center\",\"id\":16811,\"linkDestination\":\"custom\"} --><\/p>\n<figure><\/figure>\n<p><!-- \/wp:image --><!-- wp:paragraph --><\/p>\n<p><!-- \/wp:paragraph --><\/p>\t\t\t\t\t\t\t\t<\/div>\n\t\t\t\t<\/div>\n\t\t\t\t<div class=\"elementor-element elementor-element-ecce133 elementor-widget elementor-widget-gallery\" data-id=\"ecce133\" data-element_type=\"widget\" data-e-type=\"widget\" data-settings=\"{&quot;columns&quot;:2,&quot;lazyload&quot;:&quot;yes&quot;,&quot;gallery_layout&quot;:&quot;grid&quot;,&quot;columns_tablet&quot;:2,&quot;columns_mobile&quot;:1,&quot;gap&quot;:{&quot;unit&quot;:&quot;px&quot;,&quot;size&quot;:10,&quot;sizes&quot;:[]},&quot;gap_tablet&quot;:{&quot;unit&quot;:&quot;px&quot;,&quot;size&quot;:10,&quot;sizes&quot;:[]},&quot;gap_mobile&quot;:{&quot;unit&quot;:&quot;px&quot;,&quot;size&quot;:10,&quot;sizes&quot;:[]},&quot;link_to&quot;:&quot;file&quot;,&quot;aspect_ratio&quot;:&quot;3:2&quot;,&quot;overlay_background&quot;:&quot;yes&quot;,&quot;content_hover_animation&quot;:&quot;fade-in&quot;}\" data-widget_type=\"gallery.default\">\n\t\t\t\t<div class=\"elementor-widget-container\">\n\t\t\t\t\t\t\t<div class=\"elementor-gallery__container\">\n\t\t\t\t\t\t\t<a class=\"e-gallery-item elementor-gallery-item elementor-animated-content\" href=\"https:\/\/test.redpipi.com\/wp-content\/uploads\/2020\/10\/prod-2-sm.jpg\" data-elementor-open-lightbox=\"yes\" data-elementor-lightbox-slideshow=\"ecce133\" data-elementor-lightbox-title=\"prod 2 sm\" data-e-action-hash=\"#elementor-action%3Aaction%3Dlightbox%26settings%3DeyJpZCI6MTY3NzUsInVybCI6Imh0dHBzOlwvXC90ZXN0LnJlZHBpcGkuY29tXC93cC1jb250ZW50XC91cGxvYWRzXC8yMDIwXC8xMFwvcHJvZC0yLXNtLmpwZyIsInNsaWRlc2hvdyI6ImVjY2UxMzMifQ%3D%3D\">\n\t\t\t\t\t<div class=\"e-gallery-image elementor-gallery-item__image\" data-thumbnail=\"https:\/\/test.redpipi.com\/wp-content\/uploads\/2020\/10\/prod-2-sm-768x453.jpg\" data-width=\"768\" data-height=\"453\" aria-label=\"\" role=\"img\" ><\/div>\n\t\t\t\t\t\t\t\t\t\t\t<div class=\"elementor-gallery-item__overlay\"><\/div>\n\t\t\t\t\t\t\t\t\t\t\t\t\t\t<\/a>\n\t\t\t\t\t\t\t<a class=\"e-gallery-item elementor-gallery-item elementor-animated-content\" href=\"https:\/\/test.redpipi.com\/wp-content\/uploads\/2020\/10\/prod-1-sm.jpg\" data-elementor-open-lightbox=\"yes\" data-elementor-lightbox-slideshow=\"ecce133\" data-elementor-lightbox-title=\"prod 1 sm\" data-e-action-hash=\"#elementor-action%3Aaction%3Dlightbox%26settings%3DeyJpZCI6MTY3NzQsInVybCI6Imh0dHBzOlwvXC90ZXN0LnJlZHBpcGkuY29tXC93cC1jb250ZW50XC91cGxvYWRzXC8yMDIwXC8xMFwvcHJvZC0xLXNtLmpwZyIsInNsaWRlc2hvdyI6ImVjY2UxMzMifQ%3D%3D\">\n\t\t\t\t\t<div class=\"e-gallery-image elementor-gallery-item__image\" data-thumbnail=\"https:\/\/test.redpipi.com\/wp-content\/uploads\/2020\/10\/prod-1-sm-768x455.jpg\" data-width=\"768\" data-height=\"455\" aria-label=\"\" role=\"img\" ><\/div>\n\t\t\t\t\t\t\t\t\t\t\t<div class=\"elementor-gallery-item__overlay\"><\/div>\n\t\t\t\t\t\t\t\t\t\t\t\t\t\t<\/a>\n\t\t\t\t\t<\/div>\n\t\t\t\t\t<\/div>\n\t\t\t\t<\/div>\n\t\t\t\t\t<\/div>\n\t\t\t\t<\/div>\n\t\t<div class=\"elementor-element elementor-element-18af2d1 e-flex e-con-boxed e-con e-parent\" data-id=\"18af2d1\" data-element_type=\"container\" data-e-type=\"container\">\n\t\t\t\t\t<div class=\"e-con-inner\">\n\t\t\t\t<div class=\"elementor-element elementor-element-2ce4d7f elementor-widget elementor-widget-image\" data-id=\"2ce4d7f\" data-element_type=\"widget\" data-e-type=\"widget\" data-widget_type=\"image.default\">\n\t\t\t\t<div class=\"elementor-widget-container\">\n\t\t\t\t\t\t\t\t\t\t\t\t\t\t\t\t<a href=\"https:\/\/www.google.cz\/maps\/place\/Redpipi\/@50.0625524,14.4390828,17z\/data=!4m5!3m4!1s0x0:0xe9ed16ed49da86c!8m2!3d50.0619686!4d14.4402845\">\n\t\t\t\t\t\t\t<img fetchpriority=\"high\" decoding=\"async\" width=\"960\" height=\"523\" src=\"https:\/\/test.redpipi.com\/wp-content\/uploads\/2020\/10\/extasica-map-1024x558.jpg\" class=\"attachment-large size-large wp-image-16811\" alt=\"\" srcset=\"https:\/\/test.redpipi.com\/wp-content\/uploads\/2020\/10\/extasica-map-1024x558.jpg 1024w, https:\/\/test.redpipi.com\/wp-content\/uploads\/2020\/10\/extasica-map-90x49.jpg 90w, https:\/\/test.redpipi.com\/wp-content\/uploads\/2020\/10\/extasica-map-700x381.jpg 700w, https:\/\/test.redpipi.com\/wp-content\/uploads\/2020\/10\/extasica-map-300x163.jpg 300w, https:\/\/test.redpipi.com\/wp-content\/uploads\/2020\/10\/extasica-map-768x418.jpg 768w, https:\/\/test.redpipi.com\/wp-content\/uploads\/2020\/10\/extasica-map-1536x837.jpg 1536w, https:\/\/test.redpipi.com\/wp-content\/uploads\/2020\/10\/extasica-map-16x9.jpg 16w, https:\/\/test.redpipi.com\/wp-content\/uploads\/2020\/10\/extasica-map-416x227.jpg 416w, https:\/\/test.redpipi.com\/wp-content\/uploads\/2020\/10\/extasica-map-64x35.jpg 64w, https:\/\/test.redpipi.com\/wp-content\/uploads\/2020\/10\/extasica-map.jpg 1920w\" sizes=\"(max-width: 960px) 100vw, 960px\" \/>\t\t\t\t\t\t\t\t<\/a>\n\t\t\t\t\t\t\t\t\t\t\t\t\t\t\t<\/div>\n\t\t\t\t<\/div>\n\t\t\t\t\t<\/div>\n\t\t\t\t<\/div>\n\t\t\t\t<\/div>","protected":false},"excerpt":{"rendered":"<p>Vladim\u00edr Koranda, I\u010cO: 66470161 tel.: (+420) 608 704 884 info@test.redpipi.com Czeski, angielski, niemiecki. Informacje dotycz\u0105ce ofert dostawc\u00f3w: Za\u0142\u0105cz katalog w formacie xls lub pdf ze zdj\u0119ciem i cen\u0105. Adres sklepu i dostawy Redpipi \u2013 Vladim\u00edr Koranda, Svatoslavova 554\/1, 140 00 Praga 4 Nusle (zdj\u0119cie poni\u017cej), mapa poni\u017cej. Zazwyczaj mo\u017cna si\u0119 z nami skontaktowa\u0107 w godzinach 7:00-19:00. Nie mamy sta\u0142ych godzin otwarcia.<\/p>\n<div class=\"klb-readmore entry-button\"><a class=\"btn btn-primary link\" href=\"https:\/\/test.redpipi.com\/pl\/kontakt\/\">Czytaj wi\u0119cej <i class=\"klbth-icon-right-arrow\"><\/i><\/a><\/div>","protected":false},"author":1,"featured_media":0,"parent":0,"menu_order":0,"comment_status":"closed","ping_status":"closed","template":"","meta":{"footnotes":""},"class_list":["post-66","page","type-page","status-publish","hentry"],"_links":{"self":[{"href":"https:\/\/test.redpipi.com\/pl\/wp-json\/wp\/v2\/pages\/66","targetHints":{"allow":["GET"]}}],"collection":[{"href":"https:\/\/test.redpipi.com\/pl\/wp-json\/wp\/v2\/pages"}],"about":[{"href":"https:\/\/test.redpipi.com\/pl\/wp-json\/wp\/v2\/types\/page"}],"author":[{"embeddable":true,"href":"https:\/\/test.redpipi.com\/pl\/wp-json\/wp\/v2\/users\/1"}],"replies":[{"embeddable":true,"href":"https:\/\/test.redpipi.com\/pl\/wp-json\/wp\/v2\/comments?post=66"}],"version-history":[{"count":1,"href":"https:\/\/test.redpipi.com\/pl\/wp-json\/wp\/v2\/pages\/66\/revisions"}],"predecessor-version":[{"id":149910,"href":"https:\/\/test.redpipi.com\/pl\/wp-json\/wp\/v2\/pages\/66\/revisions\/149910"}],"wp:attachment":[{"href":"https:\/\/test.redpipi.com\/pl\/wp-json\/wp\/v2\/media?parent=66"}],"curies":[{"name":"wp","href":"https:\/\/api.w.org\/{rel}","templated":true}]}}