{"id":32452,"date":"2021-06-30T18:04:05","date_gmt":"2021-06-30T17:04:05","guid":{"rendered":"https:\/\/test.test.redpipi.com\/?post_type=product&#038;p=32452"},"modified":"2026-02-19T14:24:32","modified_gmt":"2026-02-19T13:24:32","slug":"oxballs-hulk-gargantic-cocksheath-transparent","status":"publish","type":"product","link":"https:\/\/test.redpipi.com\/hu\/termek\/oxballs-hulk-gargantic-cocksheath-transparent\/","title":{"rendered":"Oxballs HULK \u00d3ri\u00e1s Kakash\u00fcvely 28 * 7.1 cm"},"content":{"rendered":"<p>\u00d3ri\u00e1si, legnagyobb \u00e9s leger\u0151sebb \u00e1tl\u00e1tsz\u00f3 h\u00fcvely, p\u00e9niszh\u00fcvely.<\/p>\n<p>Nagyon puha \u00e9s rugalmas.<\/p>\n<p>Bels\u0151 text\u00fara a val\u00f3s\u00e1gh\u0171bb ingerl\u00e9s\u00e9rt.<\/p>\n<p>Kivehet\u0151 rugalmas bet\u00e9t a cs\u00facsban a meger\u0151s\u00edt\u00e9s \u00e9s a p\u00e1rn\u00e1z\u00e1s \u00e9rdek\u00e9ben r\u00f6videbb p\u00e9nisz eset\u00e9n.<\/p>\n<p>&nbsp;<\/p>\n<h2>Oxballs tesztel\u00e9se HULK Gargantic<\/h2>\n<p>+ A hosszabb\u00edt\u00e1sok \u00e1ltal\u00e1ban szuperpuh\u00e1k, k\u00f6r\u00fclbel\u00fcl 4Ho hossz\u00fas\u00e1g\u00faak. Itt <a href=\"https:\/\/test.redpipi.com\/hu\/proper-sex-toy\/\">Kem\u00e9nys\u00e9g:<\/a> 10Ho. A 10Ho j\u00f3 egyens\u00falyt jelent ebben az esetben. Az ide\u00e1lis a 8H0, de b\u00e1rmilyen puh\u00e1bbat neh\u00e9z lenne behelyezni. A tok b\u00e1rmilyen kis p\u00e9niszt megtart.<\/p>\n<p>+ nagyon nagy \u00e1tl\u00e1tsz\u00f3s\u00e1g (nagyobb, mint a k\u00e9pen, megpr\u00f3b\u00e1lunk saj\u00e1t fot\u00f3kat hozz\u00e1adni)<\/p>\n<p>- \u00e1r<\/p>\n<p>\u2013 csomagol\u00e1s: m\u0171anyag \u2013 bliszter \u2013 a csomagol\u00e1s sz\u00e1ll\u00edt\u00e1s k\u00f6zben gyakran enyh\u00e9n megrepedt\/t\u00f6rik<\/p>\n<p>&nbsp;<\/p>\n<h2>V\u00e1ltozatok:<\/h2>\n<p>\u00e1tl\u00e1tsz\u00f3 EAN 840215123008<\/p>\n<p>&nbsp;<\/p>\n<h2>M\u0171szaki jellemz\u0151k (saj\u00e1t m\u00e9r\u00e9seink szerint korrig\u00e1lva):<\/h2>\n<p>\u00c1tm\u00e9r\u0151 a legsz\u00e9lesebb ponton: 6,6 cm sz\u00e9less\u00e9g, 7,1 cm magass\u00e1g<\/p>\n<p>Hossz: 27,5 cm<\/p>\n<p>\u00dcregm\u00e9lys\u00e9g: 16 cm (de a h\u00fcvely kiss\u00e9 ki is \u00e1llhat a testb\u0151l, azaz legfeljebb 24 cm hossz\u00fa p\u00e9niszhez alkalmas)<\/p>\n<p>P\u00e9niszlyuk \u00e1tm\u00e9r\u0151je: 3,7 cm (korl\u00e1tlanul vastag p\u00e9niszhez b\u0151v\u00edthet\u0151)<\/p>\n<p>Herefurat \u00e1tm\u00e9r\u0151je: 2,7 cm (korl\u00e1tlanul nagy her\u00e9khez b\u0151v\u00edthet\u0151)<\/p>\n<p>Falvastags\u00e1g: 1,5 cm<\/p>\n<p>Producer.<\/p>\n<p>Anyag:<a href=\"https:\/\/test.redpipi.com\/hu\/sex-toys-materials\/\">Szilagel<\/a><\/p>\n<p><a href=\"https:\/\/test.redpipi.com\/hu\/proper-sex-toy\/\">Kem\u00e9nys\u00e9g:<\/a> 10H0<\/p>\n<p>S\u00faly: 538 g nett\u00f3<\/p>\n<p>&nbsp;<\/p>\n<p>&nbsp;<\/p>\n<h2>Utas\u00edt\u00e1sok:<\/h2>\n<p>Kenje be a p\u00e9niszt. Nyomja \u00f6ssze a h\u00fcvelyt a leveg\u0151 ki\u00fcr\u00edt\u00e9s\u00e9hez.<\/p>\n<p>B\u00e1rki, aki \u00f3vatosan, h\u00faz\u00e1s n\u00e9lk\u00fcl tud egy kis lyukat \u00fctni az elej\u00e9re, hogy a leveg\u0151 k\u00f6nnyen ki tudjon nyom\u00f3dni. Ez r\u00e9szben cs\u00f6kkenti a v\u00e1kuumot, amely a bilinccsel egy\u00fctt a hely\u00e9n tartja a p\u00e9niszt.<\/p>\n<p>Napt\u00f3l v\u00e9dve, m\u0171anyag zacsk\u00f3ban t\u00e1roland\u00f3, k\u00fcl\u00f6nben elvesz\u00edtik az \u00e1tl\u00e1tsz\u00f3s\u00e1gukat! A g\u00e9lek kiz\u00e1r\u00f3lag v\u00edz alap\u00faak.<\/p>","protected":false},"excerpt":{"rendered":"<p>Legnagyobb \u00f3ri\u00e1s \u00e1tl\u00e1tsz\u00f3 h\u00fcvely, p\u00e9nisz hosszabb\u00edt\u00f3<\/p>","protected":false},"featured_media":32459,"comment_status":"open","ping_status":"closed","template":"","meta":[],"product_brand":[],"product_cat":[107],"product_tag":[],"class_list":{"0":"post-32452","1":"product","2":"type-product","3":"status-publish","4":"has-post-thumbnail","6":"product_cat-penis-nastavce","7":"pa_diametr-61-120mm","8":"pa_hardness-mekke-ideal-5-10hc","9":"pa_material-tpe-real-skin","11":"first","12":"instock","13":"shipping-taxable","14":"purchasable","15":"product-type-simple"},"_links":{"self":[{"href":"https:\/\/test.redpipi.com\/hu\/wp-json\/wp\/v2\/product\/32452","targetHints":{"allow":["GET"]}}],"collection":[{"href":"https:\/\/test.redpipi.com\/hu\/wp-json\/wp\/v2\/product"}],"about":[{"href":"https:\/\/test.redpipi.com\/hu\/wp-json\/wp\/v2\/types\/product"}],"replies":[{"embeddable":true,"href":"https:\/\/test.redpipi.com\/hu\/wp-json\/wp\/v2\/comments?post=32452"}],"wp:featuredmedia":[{"embeddable":true,"href":"https:\/\/test.redpipi.com\/hu\/wp-json\/wp\/v2\/media\/32459"}],"wp:attachment":[{"href":"https:\/\/test.redpipi.com\/hu\/wp-json\/wp\/v2\/media?parent=32452"}],"wp:term":[{"taxonomy":"product_brand","embeddable":true,"href":"https:\/\/test.redpipi.com\/hu\/wp-json\/wp\/v2\/product_brand?post=32452"},{"taxonomy":"product_cat","embeddable":true,"href":"https:\/\/test.redpipi.com\/hu\/wp-json\/wp\/v2\/product_cat?post=32452"},{"taxonomy":"product_tag","embeddable":true,"href":"https:\/\/test.redpipi.com\/hu\/wp-json\/wp\/v2\/product_tag?post=32452"}],"curies":[{"name":"wp","href":"https:\/\/api.w.org\/{rel}","templated":true}]}}