{"id":149583,"date":"2024-12-05T21:23:50","date_gmt":"2024-12-05T20:23:50","guid":{"rendered":"https:\/\/test.redpipi.com\/?post_type=product&#038;p=149583"},"modified":"2026-03-29T22:58:53","modified_gmt":"2026-03-29T21:58:53","slug":"you-me-warming-macho-lubrikant-150ml","status":"publish","type":"product","link":"https:\/\/test.redpipi.com\/hu\/termek\/you-me-warming-macho-lubrikant-150ml\/","title":{"rendered":"You Me Me Meleg\u00edt\u0151 \/ Macho s\u00edkos\u00edt\u00f3 150ml"},"content":{"rendered":"<p>Selymesen puha \u00e9s m\u00e9lyen hidrat\u00e1l\u00f3 s\u00edkos\u00edt\u00f3 g\u00e9l er\u0151s stimul\u00e1l\u00f3 hat\u00e1ssal, amely fokozza a szexu\u00e1lis izgalmat.<\/p>\n<p>T\u00e1mogatja a term\u00e9szetes h\u00fcvelyi nedvesed\u00e9st \u00e9s nagyobb \u00e9lvezetet ny\u00fajt az intim k\u00f6z\u00f6s\u00fcl\u00e9s sor\u00e1n.<\/p>\n<p>K\u00f6nnyen lemoshat\u00f3 v\u00edzzel.<\/p>\n<p>Ide\u00e1lis latex \u00f3vszerekkel \u00e9s szexu\u00e1lis j\u00e1t\u00e9kokkal val\u00f3 haszn\u00e1latra.<\/p>\n<p>CE RoHS min\u0151s\u00edt\u00e9s. I. oszt\u00e1ly\u00fa orvostechnikai eszk\u00f6z \u2013 bels\u0151 \u00e9s k\u00fcls\u0151 haszn\u00e1latra alkalmas ken\u0151anyag.<\/p>\n<p>&nbsp;<\/p>\n<h2>V\u00e1ltozatok<\/h2>\n<p><strong>s\u00e1rga \u2013 You ME felmeleged\u00e9s<\/strong> \u2013 meleg, EAN: 8594068383684, h\u00fagycs\u0151re j\u00e1tszhat\u00f3<\/p>\n<p><strong>z\u00f6ld \u2013 Te, \u00e9n, Macho<\/strong> \u2013 el\u0151ny\u00f6s, EAN: 8594068383677, alkalmas szexu\u00e1lis j\u00e1t\u00e9kok vagy BDSM feldob\u00e1s\u00e1ra, \u00e9g\u00e9si s\u00e9r\u00fcl\u00e9sek a v\u00e9gb\u00e9lny\u00edl\u00e1sban<\/p>\n<p>&nbsp;<\/p>\n<h2>M\u0171szaki jellemz\u0151k<\/h2>\n<p>Kiegyens\u00falyozott pH-\u00e9rt\u00e9k, alkalmas a h\u00fcvelyi k\u00f6rnyezetbe. Parab\u00e9nekt\u0151l, szilikonokt\u00f3l, \u00e1sv\u00e1nyi olajokt\u00f3l, k\u00e9miai tart\u00f3s\u00edt\u00f3szerekt\u0151l \u00e9s mikrom\u0171anyagokt\u00f3l mentes. A s\u00edkos\u00edt\u00f3 nem fogamz\u00e1sg\u00e1tl\u00f3.<br \/>\nterm\u00e9k, \u00e9s nem tartalmaz spermicideket. Veg\u00e1n \u00e9s nem tesztelt\u00e9k \u00e1llatokon (V-LABEL tan\u00fas\u00edtv\u00e1ny).<\/p>\n<p>\u00d6sszetev\u0151k: Glicerin, v\u00edz, hidroxietil-cellul\u00f3z, n\u00e1trium-benzo\u00e1t, tejsav, mentaolaj,<br \/>\nN\u00e1trium-klorid, Limon\u00e9n, Linalool, Eugenol, Citral<\/p>\n<p>&nbsp;<\/p>\n<p class=\"western\" style=\"text-align: justify;\">Alkalmas mindenf\u00e9le erotikus seg\u00e9deszk\u00f6zh\u00f6z.<\/p>\n<p>gy\u00e1rt\u00f3: Livondo GmbH, N\u00e9metorsz\u00e1g<\/p>\n<p>s\u00faly: 196 g<\/p>","protected":false},"excerpt":{"rendered":"<p>Stimul\u00e1l\u00f3 hat\u00e1s\u00fa s\u00edkos\u00edt\u00f3 g\u00e9l<\/p>","protected":false},"featured_media":149588,"comment_status":"open","ping_status":"closed","template":"","meta":[],"product_brand":[],"product_cat":[608],"product_tag":[],"class_list":{"0":"post-149583","1":"product","2":"type-product","3":"status-publish","4":"has-post-thumbnail","6":"product_cat-lubrikanty-bezny-sex","7":"pa_color-zelena","8":"pa_color-yellow","10":"first","11":"instock","12":"shipping-taxable","13":"purchasable","14":"product-type-variable"},"_links":{"self":[{"href":"https:\/\/test.redpipi.com\/hu\/wp-json\/wp\/v2\/product\/149583","targetHints":{"allow":["GET"]}}],"collection":[{"href":"https:\/\/test.redpipi.com\/hu\/wp-json\/wp\/v2\/product"}],"about":[{"href":"https:\/\/test.redpipi.com\/hu\/wp-json\/wp\/v2\/types\/product"}],"replies":[{"embeddable":true,"href":"https:\/\/test.redpipi.com\/hu\/wp-json\/wp\/v2\/comments?post=149583"}],"wp:featuredmedia":[{"embeddable":true,"href":"https:\/\/test.redpipi.com\/hu\/wp-json\/wp\/v2\/media\/149588"}],"wp:attachment":[{"href":"https:\/\/test.redpipi.com\/hu\/wp-json\/wp\/v2\/media?parent=149583"}],"wp:term":[{"taxonomy":"product_brand","embeddable":true,"href":"https:\/\/test.redpipi.com\/hu\/wp-json\/wp\/v2\/product_brand?post=149583"},{"taxonomy":"product_cat","embeddable":true,"href":"https:\/\/test.redpipi.com\/hu\/wp-json\/wp\/v2\/product_cat?post=149583"},{"taxonomy":"product_tag","embeddable":true,"href":"https:\/\/test.redpipi.com\/hu\/wp-json\/wp\/v2\/product_tag?post=149583"}],"curies":[{"name":"wp","href":"https:\/\/api.w.org\/{rel}","templated":true}]}}