{"id":149570,"date":"2024-12-05T20:57:45","date_gmt":"2024-12-05T19:57:45","guid":{"rendered":"https:\/\/test.redpipi.com\/?post_type=product&#038;p=149570"},"modified":"2026-04-20T23:25:02","modified_gmt":"2026-04-20T22:25:02","slug":"you-me-condom-romeo","status":"publish","type":"product","link":"https:\/\/test.redpipi.com\/hu\/termek\/you-me-condom-romeo\/","title":{"rendered":"You Me \u00d3vszer R\u00f3me\u00f3"},"content":{"rendered":"<p>term\u00e9szetes gumilatex \u00f3vszerek<\/p>\n<p>19 cm hossz\u00fa, 5,3 cm \u00e1tm\u00e9r\u0151j\u0171<\/p>\n<p>Extra ken\u00e9s\u0171<\/p>\n<p>&nbsp;<\/p>\n<p>100% elektronikusan tesztelt<\/p>\n<p>\u00c1tl\u00e1tsz\u00f3 \u00e9s sima<\/p>\n<p>Kompatibilis v\u00edz- \u00e9s szilikon alap\u00fa s\u00edkos\u00edt\u00f3kkal.<\/p>\n<p>K\u00f6nny\u0171 szilikonolajjal kenve.<\/p>\n<p>Spermatart\u00e1ly<\/p>\n<p>Dupla steril csomagol\u00e1s.<\/p>\n<p>Nem tesztelt\u00e9k \u00e1llatokon, veg\u00e1nok sz\u00e1m\u00e1ra alkalmas \u2013 V-LABEL tan\u00fas\u00edtv\u00e1nnyal rendelkezik<\/p>\n<p>&nbsp;<\/p>\n<h2>V\u00e1ltozatok<\/h2>\n<p>3 db \u2013 EAN: 8594068382519, s\u00faly 15 g<\/p>\n<p>12 db \u2013 EAN: 8594068382526, s\u00faly 45 g<\/p>\n<p>50 db \u2013 EAN: 8594068382915, s\u00faly 150 g<\/p>\n<p>&nbsp;<\/p>\n<h2>\u00d3vszervizsg\u00e1lat szexboltunkban<\/h2>\n<p>+ A nem m\u00e1rk\u00e1s \u00f3vszerekkel ellent\u00e9tben ezek valamivel sz\u00e9lesebbek, k\u00f6nnyebben felhelyezhet\u0151k \u00e9s nem cs\u00fasznak el.<\/p>\n<p>\u2013 Az \u00f3vszer csomagol\u00e1sa\/csomagol\u00e1sa hat\u00e1rozottan nem vil\u00e1g\u00edt vagy foszforeszk\u00e1l a s\u00f6t\u00e9tben, ahogy a gy\u00e1rt\u00f3 \u00e1ll\u00edtja.<\/p>\n<p>\u2013 Tiltott eszk\u00f6z haszn\u00e1lata eset\u00e9n <a href=\"http:\/\/fisting kr\u00e9myhttps:\/\/test.redpipi.com\/sexshop\/lubrikanty\/fisting-kremy\/\">latex marat\u00e1s\u00fa ken\u0151anyag<\/a> \u00e9s durva an\u00e1lis szex k\u00f6zben az \u00f3vszer csak 10 percig tartott. T\u00f6bbre sz\u00e1m\u00edtottunk volna.<\/p>\n<p>\u2013 A csomagol\u00e1s \u00e9s az \u00f3vszer kev\u00e9sb\u00e9 strapab\u00edr\u00f3nak \u00e9rz\u0151dik, mint a pr\u00e9mium testv\u00e9rm\u00e1rka <a href=\"https:\/\/test.redpipi.com\/hu\/termek\/kondomy-primeros-12ks\/\">Els\u0151<\/a>, mik\u00f6zben az \u00e1rk\u00fcl\u00f6nbs\u00e9g nem jelent\u0151s.<\/p>\n<p>&nbsp;<\/p>\n<p>&nbsp;<\/p>\n<p>S\u00faly: 50g<\/p>\n<p>Minimum lej\u00e1rati d\u00e1tum 3 \u00e9v<\/p>\n<p>Hossz\u00fa t\u00e1von megb\u00edzhat\u00f3 gy\u00e1rt\u00f3, PRIMEROS sro, Csehorsz\u00e1g, Malajzi\u00e1ban k\u00e9sz\u00fclt \u00f3vszerek<\/p>\n<p>Tan\u00fas\u00edtv\u00e1nyok: RoHS CE 1639, ISO 4074<\/p>\n<p>&nbsp;<\/p>\n<p>Malajzi\u00e1ban k\u00e9sz\u00fclt term\u00e9szetes gumilatexb\u0151l, amelyet a Hat Yai r\u00e9gi\u00f3 (Thaif\u00f6ld) kisgazdas\u00e1gaiban gazd\u00e1lkod\u00f3k termesztenek fenntarthat\u00f3 m\u00f3don, t\u00e1mogatva a tr\u00f3pusi es\u0151erd\u0151k biol\u00f3giai sokf\u00e9les\u00e9g\u00e9t. A gumilatexet korrekt \u00e1ron v\u00e1s\u00e1roljuk, \u00e9s a Regenerative Rubber Initiative-del egy\u00fcttm\u0171k\u00f6dve figyelemmel k\u00eds\u00e9rj\u00fck a tisztess\u00e9ges munkak\u00f6r\u00fclm\u00e9nyek betart\u00e1s\u00e1t.<\/p>\n<p>&nbsp;<\/p>\n<h2>Utas\u00edt\u00e1sok<\/h2>\n<p>l\u00e1sd a csomagol\u00e1sban tal\u00e1lhat\u00f3 betegt\u00e1j\u00e9koztat\u00f3t<\/p>","protected":false},"excerpt":{"rendered":"<p>3 db \/ 12 db 50 db extra s\u00edkos\u00edtott \u00f3vszer<\/p>","protected":false},"featured_media":149582,"comment_status":"open","ping_status":"closed","template":"","meta":[],"product_brand":[],"product_cat":[656],"product_tag":[],"class_list":{"0":"post-149570","1":"product","2":"type-product","3":"status-publish","4":"has-post-thumbnail","6":"product_cat-kondomy","7":"pa_size-660","8":"pa_size-659","9":"pa_size-661","11":"first","12":"instock","13":"shipping-taxable","14":"purchasable","15":"product-type-variable"},"_links":{"self":[{"href":"https:\/\/test.redpipi.com\/hu\/wp-json\/wp\/v2\/product\/149570","targetHints":{"allow":["GET"]}}],"collection":[{"href":"https:\/\/test.redpipi.com\/hu\/wp-json\/wp\/v2\/product"}],"about":[{"href":"https:\/\/test.redpipi.com\/hu\/wp-json\/wp\/v2\/types\/product"}],"replies":[{"embeddable":true,"href":"https:\/\/test.redpipi.com\/hu\/wp-json\/wp\/v2\/comments?post=149570"}],"wp:featuredmedia":[{"embeddable":true,"href":"https:\/\/test.redpipi.com\/hu\/wp-json\/wp\/v2\/media\/149582"}],"wp:attachment":[{"href":"https:\/\/test.redpipi.com\/hu\/wp-json\/wp\/v2\/media?parent=149570"}],"wp:term":[{"taxonomy":"product_brand","embeddable":true,"href":"https:\/\/test.redpipi.com\/hu\/wp-json\/wp\/v2\/product_brand?post=149570"},{"taxonomy":"product_cat","embeddable":true,"href":"https:\/\/test.redpipi.com\/hu\/wp-json\/wp\/v2\/product_cat?post=149570"},{"taxonomy":"product_tag","embeddable":true,"href":"https:\/\/test.redpipi.com\/hu\/wp-json\/wp\/v2\/product_tag?post=149570"}],"curies":[{"name":"wp","href":"https:\/\/api.w.org\/{rel}","templated":true}]}}