{"id":149553,"date":"2025-12-05T19:56:57","date_gmt":"2025-12-05T18:56:57","guid":{"rendered":"https:\/\/test.redpipi.com\/?post_type=product&#038;p=149553"},"modified":"2026-04-17T14:43:45","modified_gmt":"2026-04-17T13:43:45","slug":"kondomy-primeros-12ks","status":"publish","type":"product","link":"https:\/\/test.redpipi.com\/hu\/termek\/kondomy-primeros-12ks\/","title":{"rendered":"Primeros \u00f3vszerek 12 db"},"content":{"rendered":"<p>12 db term\u00e9szetes gumilatex \u00f3vszer<\/p>\n<p>100% elektronikusan tesztelt<\/p>\n<p>\u00c1tl\u00e1tsz\u00f3 \u00e9s sima (kiv\u00e9ve, ha al\u00e1bb m\u00e1sk\u00e9pp van felt\u00fcntetve)<\/p>\n<p>Kompatibilis v\u00edz- \u00e9s szilikon alap\u00fa s\u00edkos\u00edt\u00f3kkal.<\/p>\n<p>K\u00f6nny\u0171 szilikonolajjal kenve.<\/p>\n<p>Dupla steril csomagol\u00e1s.<\/p>\n<p>Spermatart\u00e1ly<\/p>\n<p>Nem tesztelt\u00e9k \u00e1llatokon, veg\u00e1nok sz\u00e1m\u00e1ra alkalmas \u2013 V-LABEL tan\u00fas\u00edtv\u00e1nnyal rendelkezik<\/p>\n<p>&nbsp;<\/p>\n<h2>V\u00e1ltozatok<\/h2>\n<p>A \u2013 Primeros Classy \u2013 19 cm hossz\u00fa, 5,4 cm \u00e1tm\u00e9r\u0151j\u0171, meghosszabb\u00edtott anat\u00f3miai forma, EAN: 8594068381215<\/p>\n<p>B \u2013 Primeros Innocent \u2013 19 cm hossz\u00fa, 5,3 cm \u00e1tm\u00e9r\u0151j\u0171, v\u00e9konyabb fal: 0,055 mm, EAN: 8594068383219<\/p>\n<p>C \u2013 Primeros Soft Glide \u2013 19 cm hossz\u00fa, 5,3 cm \u00e1tm\u00e9r\u0151j\u0171, extra nedves\u00edtett \u00f3vszer ultrav\u00e9kony fallal, 0,055 mm, EAN: 8594068384216<\/p>\n<p>D \u2013 Primeros Passion \u2013 19 cm hossz\u00fa, 5,4 cm \u00e1tm\u00e9r\u0151j\u0171, stimul\u00e1l\u00f3 bord\u00e1kkal, kidudorod\u00e1sokkal \u00e9s egzotikus k\u00f3kuszillattal, EAN: 8594068385213<\/p>\n<p>E \u2013 Primeros Safeguard \u2013 19 cm hossz\u00fa, 5,4 cm \u00e1tm\u00e9r\u0151j\u0171, extra biztons\u00e1gos, 0,08 mm vastag fallal, EAN: 8594068389211<\/p>\n<p>F \u2013 Primeros A Kir\u00e1ly \u2013 19 cm hossz\u00fa, 5,7 cm \u00e1tm\u00e9r\u0151j\u0171, extra sz\u00e9les, EAN: 8594068387217<\/p>\n<p>G \u2013 Primeros Nighthawk \u2013 19 cm hossz\u00fa, 5,4 cm \u00e1tm\u00e9r\u0151j\u0171, fekete \u00f3vszer sz\u00edn\u0171, EAN: 8594068382212<\/p>\n<p>&nbsp;<\/p>\n<h2>\u00d3vszervizsg\u00e1lat szexboltunkban<\/h2>\n<p>+ Az \u00f3vszer nagyobbnak, k\u00e9nyelmesebbnek \u00e9s strapab\u00edr\u00f3bbnak \u00e9rz\u0151dik, mint testv\u00e9r\u00f3vszerei, a You Me.<\/p>\n<p>+ A nem m\u00e1rk\u00e1s \u00f3vszerekkel ellent\u00e9tben ezek valamivel sz\u00e9lesebbek, k\u00f6nnyebben felhelyezhet\u0151k \u00e9s nem cs\u00fasznak el.<\/p>\n<p>+ Az \u00f3vszercsomagol\u00e1s massz\u00edv \u00e9s pr\u00e9mium min\u0151s\u00e9g\u0171. A csomagol\u00e1s min\u0151s\u00e9ge jobb, mint a You Me \u00f3vszercsal\u00e1d\u00e9. A dobozok min\u0151s\u00e9ge is ugyanolyan.<\/p>\n<p>\u2013 Az \u00f3vszer csomagol\u00e1sa\/csomagol\u00e1sa hat\u00e1rozottan nem vil\u00e1g\u00edt vagy foszforeszk\u00e1l a s\u00f6t\u00e9tben, ahogy a gy\u00e1rt\u00f3 \u00e1ll\u00edtja.<\/p>\n<p>2025 december\u00e9ben befejezz\u00fck a tiltott anyagok haszn\u00e1lat\u00e1ra vonatkoz\u00f3 tesztet. <a href=\"http:\/\/fisting kr\u00e9myhttps:\/\/test.redpipi.com\/sexshop\/lubrikanty\/fisting-kremy\/\">latex marat\u00e1s\u00fa ken\u0151anyag<\/a>. A You Me testv\u00e9r\u00f3vszerei, amelyek ugyanazzal a technol\u00f3gi\u00e1val k\u00e9sz\u00fcltek, mind\u00f6ssze 10 percig b\u00edrt\u00e1k.<\/p>\n<p>&nbsp;<\/p>\n<p>&nbsp;<\/p>\n<p>S\u00faly: 50g<\/p>\n<p>Minimum lej\u00e1rati d\u00e1tum 3 \u00e9v<\/p>\n<p>Hossz\u00fa t\u00e1von megb\u00edzhat\u00f3 gy\u00e1rt\u00f3, PRIMEROS sro, Csehorsz\u00e1g, Malajzi\u00e1ban k\u00e9sz\u00fclt \u00f3vszerek<\/p>\n<p>Tan\u00fas\u00edtv\u00e1nyok: RoHS CE 1639, ISO 4074<\/p>\n<p>&nbsp;<\/p>\n<p>Malajzi\u00e1ban k\u00e9sz\u00fclt term\u00e9szetes gumilatexb\u0151l, amelyet a Hat Yai r\u00e9gi\u00f3 (Thaif\u00f6ld) kisgazdas\u00e1gaiban gazd\u00e1lkod\u00f3k termesztenek fenntarthat\u00f3 m\u00f3don, t\u00e1mogatva a tr\u00f3pusi es\u0151erd\u0151k biol\u00f3giai sokf\u00e9les\u00e9g\u00e9t. A gumilatexet korrekt \u00e1ron v\u00e1s\u00e1roljuk, \u00e9s a Regenerative Rubber Initiative-del egy\u00fcttm\u0171k\u00f6dve figyelemmel k\u00eds\u00e9rj\u00fck a tisztess\u00e9ges munkak\u00f6r\u00fclm\u00e9nyek betart\u00e1s\u00e1t.<\/p>\n<p>&nbsp;<\/p>\n<h2>Utas\u00edt\u00e1sok<\/h2>\n<p>l\u00e1sd a csomagol\u00e1sban tal\u00e1lhat\u00f3 betegt\u00e1j\u00e9koztat\u00f3t<\/p>","protected":false},"excerpt":{"rendered":"<p>Primeros \u00f3vszerek<\/p>","protected":false},"featured_media":149562,"comment_status":"open","ping_status":"closed","template":"","meta":[],"product_brand":[],"product_cat":[656],"product_tag":[],"class_list":{"0":"post-149553","1":"product","2":"type-product","3":"status-publish","4":"has-post-thumbnail","6":"product_cat-kondomy","8":"first","9":"instock","10":"shipping-taxable","11":"purchasable","12":"product-type-variable"},"_links":{"self":[{"href":"https:\/\/test.redpipi.com\/hu\/wp-json\/wp\/v2\/product\/149553","targetHints":{"allow":["GET"]}}],"collection":[{"href":"https:\/\/test.redpipi.com\/hu\/wp-json\/wp\/v2\/product"}],"about":[{"href":"https:\/\/test.redpipi.com\/hu\/wp-json\/wp\/v2\/types\/product"}],"replies":[{"embeddable":true,"href":"https:\/\/test.redpipi.com\/hu\/wp-json\/wp\/v2\/comments?post=149553"}],"wp:featuredmedia":[{"embeddable":true,"href":"https:\/\/test.redpipi.com\/hu\/wp-json\/wp\/v2\/media\/149562"}],"wp:attachment":[{"href":"https:\/\/test.redpipi.com\/hu\/wp-json\/wp\/v2\/media?parent=149553"}],"wp:term":[{"taxonomy":"product_brand","embeddable":true,"href":"https:\/\/test.redpipi.com\/hu\/wp-json\/wp\/v2\/product_brand?post=149553"},{"taxonomy":"product_cat","embeddable":true,"href":"https:\/\/test.redpipi.com\/hu\/wp-json\/wp\/v2\/product_cat?post=149553"},{"taxonomy":"product_tag","embeddable":true,"href":"https:\/\/test.redpipi.com\/hu\/wp-json\/wp\/v2\/product_tag?post=149553"}],"curies":[{"name":"wp","href":"https:\/\/api.w.org\/{rel}","templated":true}]}}