{"id":149398,"date":"2025-11-23T10:10:36","date_gmt":"2025-11-23T09:10:36","guid":{"rendered":"https:\/\/test.redpipi.com\/?post_type=product&#038;p=149398"},"modified":"2026-04-20T23:25:01","modified_gmt":"2026-04-20T22:25:01","slug":"doer-medicalaqua-hyaluron-panthenol-100ml","status":"publish","type":"product","link":"https:\/\/test.redpipi.com\/hu\/termek\/doer-medicalaqua-hyaluron-panthenol-100ml\/","title":{"rendered":"Doer Medical Aqua \u2013 Hialuron Panthenol 100 ml"},"content":{"rendered":"<p>Illatanyag n\u00e9lk\u00fcli ken\u0151anyag.<\/p>\n<p>V\u00edzalap\u00fa intim g\u00e9l, hidrat\u00e1l\u00f3 hialuronsavval \u00e9s regener\u00e1l\u00f3 pantenollal, extra \u00e1pol\u00e1s\u00e9rt \u00e9s v\u00e9delem\u00e9rt mindk\u00e9t partner sz\u00e1m\u00e1ra. Parf\u00fcm- \u00e9s sz\u00ednez\u00e9kmentes, illatmentes, pH-ja a h\u00fcvelyi fl\u00f3ra ig\u00e9nyeihez igazodik.<\/p>\n<p>A forgalmaz\u00f3 szerint a pantenol \u00e9s a hialuron seg\u00edt a ny\u00e1lkah\u00e1rtya kisebb s\u00e9r\u00fcl\u00e9seinek gy\u00f3gyul\u00e1s\u00e1ban.<\/p>\n<p>&nbsp;<\/p>\n<p><strong>Doer Medical Aqua \u2013 Hyaluron Panthenol tesztel\u00e9se<\/strong><\/p>\n<p>+ Enyhe gy\u00f3gy\u00edt\u00f3 hat\u00e1s a g\u00e9l sz\u00f6veteken val\u00f3 tart\u00f3zkod\u00e1s\u00e1nak korl\u00e1tozott ideje alatt.<\/p>\n<p>+ Nem \u00e9g a h\u00fcvelyben \u00e9s a v\u00e9gb\u00e9lny\u00edl\u00e1sban.<\/p>\n<p><strong>K\u00f6vetkeztet\u00e9s:<\/strong> Viszonylag \u00e1tlagos \u00e1ron ez a s\u00edkos\u00edt\u00f3 gy\u00f3gy\u00edt\u00f3 hat\u00e1s\u00e1val \u00e9s \u00e9g\u00e9smentess\u00e9g\u00e9vel ny\u00fajt hozz\u00e1adott \u00e9rt\u00e9ket.<\/p>\n<p>&nbsp;<\/p>\n<p>&nbsp;<\/p>\n<p>Gy\u00e1rt\u00f3: Doer Medical Cosmetis, N\u00e9metorsz\u00e1g, EAN: 4035223692363<\/p>\n<p>100 ml, 120 g<\/p>\n<p>Nincs szavatoss\u00e1gi id\u0151.<\/p>","protected":false},"excerpt":{"rendered":"<p>Gy\u00f3gy\u00edt\u00f3 s\u00edkos\u00edt\u00f3 100 ml, v\u00edzb\u00e1zis\u00fa<\/p>","protected":false},"featured_media":149408,"comment_status":"open","ping_status":"closed","template":"","meta":[],"product_brand":[],"product_cat":[608],"product_tag":[],"class_list":{"0":"post-149398","1":"product","2":"type-product","3":"status-publish","4":"has-post-thumbnail","6":"product_cat-lubrikanty-bezny-sex","8":"first","9":"instock","10":"shipping-taxable","11":"purchasable","12":"product-type-simple"},"_links":{"self":[{"href":"https:\/\/test.redpipi.com\/hu\/wp-json\/wp\/v2\/product\/149398","targetHints":{"allow":["GET"]}}],"collection":[{"href":"https:\/\/test.redpipi.com\/hu\/wp-json\/wp\/v2\/product"}],"about":[{"href":"https:\/\/test.redpipi.com\/hu\/wp-json\/wp\/v2\/types\/product"}],"replies":[{"embeddable":true,"href":"https:\/\/test.redpipi.com\/hu\/wp-json\/wp\/v2\/comments?post=149398"}],"wp:featuredmedia":[{"embeddable":true,"href":"https:\/\/test.redpipi.com\/hu\/wp-json\/wp\/v2\/media\/149408"}],"wp:attachment":[{"href":"https:\/\/test.redpipi.com\/hu\/wp-json\/wp\/v2\/media?parent=149398"}],"wp:term":[{"taxonomy":"product_brand","embeddable":true,"href":"https:\/\/test.redpipi.com\/hu\/wp-json\/wp\/v2\/product_brand?post=149398"},{"taxonomy":"product_cat","embeddable":true,"href":"https:\/\/test.redpipi.com\/hu\/wp-json\/wp\/v2\/product_cat?post=149398"},{"taxonomy":"product_tag","embeddable":true,"href":"https:\/\/test.redpipi.com\/hu\/wp-json\/wp\/v2\/product_tag?post=149398"}],"curies":[{"name":"wp","href":"https:\/\/api.w.org\/{rel}","templated":true}]}}