{"id":149120,"date":"2025-11-03T18:26:50","date_gmt":"2025-11-03T17:26:50","guid":{"rendered":"https:\/\/test.redpipi.com\/?post_type=product&#038;p=149120"},"modified":"2026-04-11T21:09:28","modified_gmt":"2026-04-11T20:09:28","slug":"pouta-silikon-kov-jemna-ozdobna-fs","status":"publish","type":"product","link":"https:\/\/test.redpipi.com\/hu\/termek\/pouta-silikon-kov-jemna-ozdobna-fs\/","title":{"rendered":"Bilincsek szilikon f\u00e9m finom dekorat\u00edv FS"},"content":{"rendered":"<p>Dekorat\u00edv bilincsek<\/p>\n<p>&nbsp;<\/p>\n<h2>A d\u00edszes bilincsek tesztel\u00e9s\u00e9t\u0151l<\/h2>\n<p>+ A bilincsek \u00e9s \u00e9kszerek hat\u00e1r\u00e1n.<\/p>\n<p>+ Ink\u00e1bb dekor\u00e1ci\u00f3, tal\u00e1n egy p\u00e1rnak egy t\u00e1rsadalmi esem\u00e9nyre.<\/p>\n<p>+ Eleg\u00e1ns min\u0151s\u00e9gi kialak\u00edt\u00e1s. Nagyon kellemes.<\/p>\n<p>+ Szuper k\u00f6nny\u0171.<\/p>\n<p>+ \u00dajdons\u00e1gok 2025-ben<\/p>\n<p><strong>K\u00f6vetkeztet\u00e9s<\/strong>: Fergeteges, fant\u00e1ziad\u00fas. Ink\u00e1bb d\u00edsz, mint BDSM eszk\u00f6z.<\/p>\n<p>&nbsp;<\/p>\n<p>M\u00e9ret: uni<\/p>\n<h2>V\u00e1ltozatok<\/h2>\n<p>Sz\u00edn szerint<\/p>\n<h2><\/h2>\n<h2>M\u0171szaki jellemz\u0151k \u00e9s gy\u00e1rt\u00f3<\/h2>\n<p>Anyag: szilikon, cink\u00f6tv\u00f6zet<\/p>\n<p>S\u00faly: 42 g<\/p>\n<p>Gy\u00e1rt\u00f3: Funny Steel<\/p>","protected":false},"excerpt":{"rendered":"<p>Finom dekorat\u00edv bilincsek<\/p>","protected":false},"featured_media":149124,"comment_status":"open","ping_status":"closed","template":"","meta":[],"product_brand":[],"product_cat":[60,36],"product_tag":[],"class_list":{"0":"post-149120","1":"product","2":"type-product","3":"status-publish","4":"has-post-thumbnail","6":"product_cat-pouta","7":"product_cat-eroticke-doplnky-obleceni","8":"pa_brand-funny-steel","9":"pa_color-black","10":"pa_color-fialova","11":"pa_color-pink","12":"pa_material-metal","13":"pa_material-silicone","15":"first","16":"instock","17":"shipping-taxable","18":"purchasable","19":"product-type-variable"},"_links":{"self":[{"href":"https:\/\/test.redpipi.com\/hu\/wp-json\/wp\/v2\/product\/149120","targetHints":{"allow":["GET"]}}],"collection":[{"href":"https:\/\/test.redpipi.com\/hu\/wp-json\/wp\/v2\/product"}],"about":[{"href":"https:\/\/test.redpipi.com\/hu\/wp-json\/wp\/v2\/types\/product"}],"replies":[{"embeddable":true,"href":"https:\/\/test.redpipi.com\/hu\/wp-json\/wp\/v2\/comments?post=149120"}],"wp:featuredmedia":[{"embeddable":true,"href":"https:\/\/test.redpipi.com\/hu\/wp-json\/wp\/v2\/media\/149124"}],"wp:attachment":[{"href":"https:\/\/test.redpipi.com\/hu\/wp-json\/wp\/v2\/media?parent=149120"}],"wp:term":[{"taxonomy":"product_brand","embeddable":true,"href":"https:\/\/test.redpipi.com\/hu\/wp-json\/wp\/v2\/product_brand?post=149120"},{"taxonomy":"product_cat","embeddable":true,"href":"https:\/\/test.redpipi.com\/hu\/wp-json\/wp\/v2\/product_cat?post=149120"},{"taxonomy":"product_tag","embeddable":true,"href":"https:\/\/test.redpipi.com\/hu\/wp-json\/wp\/v2\/product_tag?post=149120"}],"curies":[{"name":"wp","href":"https:\/\/api.w.org\/{rel}","templated":true}]}}