{"id":149115,"date":"2024-11-03T18:19:17","date_gmt":"2024-11-03T17:19:17","guid":{"rendered":"https:\/\/test.redpipi.com\/?post_type=product&#038;p=149115"},"modified":"2026-01-17T20:59:15","modified_gmt":"2026-01-17T19:59:15","slug":"eletro-kolicky-na-bradavky-pysky-klitoris-nastavitelne-il","status":"publish","type":"product","link":"https:\/\/test.redpipi.com\/hu\/termek\/eletro-kolicky-na-bradavky-pysky-klitoris-nastavitelne-il\/","title":{"rendered":"Eletro mellbimb\u00f3, szem\u00e9remajkak, klitorisz csapok \u00e1ll\u00edthat\u00f3 IL"},"content":{"rendered":"<p class=\"western\" style=\"text-align: justify;\">A csavarral a szor\u00edt\u00e1s intenzit\u00e1sa \u00e1ll\u00edthat\u00f3.<\/p>\n<h2>V\u00e1ltozatok:<\/h2>\n<p>Arany<\/p>\n<p>Bronz<\/p>\n<p>&nbsp;<\/p>\n<h2>M\u0171szaki jellemz\u0151k \u00e9s gy\u00e1rt\u00f3:<\/h2>\n<p>Anyag: cink\u00f6tv\u00f6zet<\/p>\n<p>S\u00faly: 12 g, , rendel\u00e9si sz\u00e1m: 202401039<\/p>\n<p class=\"western\" style=\"text-align: justify;\">Gy\u00e1rt\u00f3: Idea Leather<\/p>\n<p>&nbsp;<\/p>\n<p>Kompatibilis a k\u00f6vetkez\u0151kkel <a href=\"https:\/\/test.redpipi.com\/hu\/termek\/elektrosex-kabel-jehly\/\">t\u0171k\u00e1bel<\/a> \u00e9s mindenki \u00e1ltal <a href=\"https:\/\/test.redpipi.com\/hu\/sexshop\/bdsm\/elektro-sex\/\">forr\u00e1sok az elektroszexhez az Funny Steel-t\u0151l<\/a> - mindkett\u0151t birtokolni vagy megv\u00e1s\u00e1rolni kell.<\/p>\n<p class=\"western\" style=\"text-align: justify;\">","protected":false},"excerpt":{"rendered":"<p>Mellbimb\u00f3-, csikl\u00f3- vagy szem\u00e9remtestt\u0171k, p\u00e1r<\/p>","protected":false},"featured_media":149119,"comment_status":"open","ping_status":"closed","template":"","meta":[],"product_brand":[],"product_cat":[54,141],"product_tag":[],"class_list":{"0":"post-149115","1":"product","2":"type-product","3":"status-publish","4":"has-post-thumbnail","6":"product_cat-svorky-bradavky","7":"product_cat-elektro-sex","8":"pa_brand-idealeather","9":"pa_color-bronzova","10":"pa_color-zlata","11":"pa_material-metal","13":"first","14":"instock","15":"shipping-taxable","16":"purchasable","17":"product-type-variable","18":"has-default-attributes"},"_links":{"self":[{"href":"https:\/\/test.redpipi.com\/hu\/wp-json\/wp\/v2\/product\/149115","targetHints":{"allow":["GET"]}}],"collection":[{"href":"https:\/\/test.redpipi.com\/hu\/wp-json\/wp\/v2\/product"}],"about":[{"href":"https:\/\/test.redpipi.com\/hu\/wp-json\/wp\/v2\/types\/product"}],"replies":[{"embeddable":true,"href":"https:\/\/test.redpipi.com\/hu\/wp-json\/wp\/v2\/comments?post=149115"}],"wp:featuredmedia":[{"embeddable":true,"href":"https:\/\/test.redpipi.com\/hu\/wp-json\/wp\/v2\/media\/149119"}],"wp:attachment":[{"href":"https:\/\/test.redpipi.com\/hu\/wp-json\/wp\/v2\/media?parent=149115"}],"wp:term":[{"taxonomy":"product_brand","embeddable":true,"href":"https:\/\/test.redpipi.com\/hu\/wp-json\/wp\/v2\/product_brand?post=149115"},{"taxonomy":"product_cat","embeddable":true,"href":"https:\/\/test.redpipi.com\/hu\/wp-json\/wp\/v2\/product_cat?post=149115"},{"taxonomy":"product_tag","embeddable":true,"href":"https:\/\/test.redpipi.com\/hu\/wp-json\/wp\/v2\/product_tag?post=149115"}],"curies":[{"name":"wp","href":"https:\/\/api.w.org\/{rel}","templated":true}]}}